{"id":23,"date":"2015-10-15T15:32:40","date_gmt":"2015-10-15T15:32:40","guid":{"rendered":"http:\/\/wpoffice\/construction\/?page_id=23"},"modified":"2025-05-06T12:13:30","modified_gmt":"2025-05-06T09:13:30","slug":"contact","status":"publish","type":"page","link":"https:\/\/veedoloil.com\/tr\/contact\/","title":{"rendered":"\u0130leti\u015fim"},"content":{"rendered":"<div id='full_slider_1'  class='avia-fullwidth-slider main_color avia-shadow   avia-builder-el-0  el_before_av_heading  avia-builder-el-first   container_wrap sidebar_right'  ><div  class='avia-slideshow av-mac92cuu-53c7286c4f9ea690a665f5085e675412 avia-slideshow-featured av_slideshow_full avia-slide-slider av-slideshow-ui av-control-default av-slideshow-manual av-loop-once av-loop-manual-endless av-default-height-applied   avia-slideshow-1' data-slideshow-options=\"{&quot;animation&quot;:&quot;slide&quot;,&quot;autoplay&quot;:false,&quot;loop_autoplay&quot;:&quot;once&quot;,&quot;interval&quot;:5,&quot;loop_manual&quot;:&quot;manual-endless&quot;,&quot;autoplay_stopper&quot;:false,&quot;noNavigation&quot;:false,&quot;bg_slider&quot;:false,&quot;keep_padding&quot;:false,&quot;hoverpause&quot;:false,&quot;show_slide_delay&quot;:0}\"  itemprop=\"image\" itemscope=\"itemscope\" itemtype=\"https:\/\/schema.org\/ImageObject\" ><ul class='avia-slideshow-inner' style='padding-bottom: 20.866666666667%;'><li  class='avia-slideshow-slide av-mac92cuu-53c7286c4f9ea690a665f5085e675412__0  av-single-slide slide-1 slide-odd'><div data-rel='slideshow-1' class='avia-slide-wrap'   ><img decoding=\"async\" fetchpriority=\"high\" class=\"wp-image-821 avia-img-lazy-loading-not-821\"  src=\"https:\/\/veedoloil.com\/wp-content\/uploads\/2025\/05\/veedoloil-contact-1500x313.jpg\" width=\"1500\" height=\"313\" title='veedoloil-contact' alt=''  itemprop=\"thumbnailUrl\" srcset=\"https:\/\/veedoloil.com\/wp-content\/uploads\/2025\/05\/veedoloil-contact-1500x313.jpg 1500w, https:\/\/veedoloil.com\/wp-content\/uploads\/2025\/05\/veedoloil-contact-18x3.jpg 18w\" sizes=\"(max-width: 1500px) 100vw, 1500px\" \/><\/div><\/li><\/ul><\/div><\/div><div id='after_full_slider_1'  class='main_color av_default_container_wrap container_wrap sidebar_right'  ><div class='container av-section-cont-open' ><div class='template-page content  av-content-small alpha units'><div class='post-entry post-entry-type-page post-entry-23'><div class='entry-content-wrapper clearfix'>\n\n<style type=\"text\/css\" data-created_by=\"avia_inline_auto\" id=\"style-css-av-macag358-d0c02d49ec1be937a78d84980e801290\">\n#top .av-special-heading.av-macag358-d0c02d49ec1be937a78d84980e801290{\npadding-bottom:10px;\n}\nbody .av-special-heading.av-macag358-d0c02d49ec1be937a78d84980e801290 .av-special-heading-tag .heading-char{\nfont-size:25px;\n}\n.av-special-heading.av-macag358-d0c02d49ec1be937a78d84980e801290 .av-subheading{\nfont-size:15px;\n}\n<\/style>\n<div  class='av-special-heading av-macag358-d0c02d49ec1be937a78d84980e801290 av-special-heading-h2 blockquote modern-quote modern-centered  avia-builder-el-1  el_after_av_slideshow_full  el_before_av_two_third  avia-builder-el-first'><h2 class='av-special-heading-tag'  itemprop=\"headline\"  >\u0130leti\u015fim<\/h2><div class=\"special-heading-border\"><div class=\"special-heading-inner-border\"><\/div><\/div><\/div>\n\n<style type=\"text\/css\" data-created_by=\"avia_inline_auto\" id=\"style-css-av-9793f-3b57e8bc493d430f83f3050c8d95cfca\">\n.flex_column.av-9793f-3b57e8bc493d430f83f3050c8d95cfca{\nborder-radius:0px 0px 0px 0px;\npadding:0px 0px 0px 0px;\n}\n<\/style>\n<div  class='flex_column av-9793f-3b57e8bc493d430f83f3050c8d95cfca av_two_third  avia-builder-el-2  el_after_av_heading  el_before_av_one_third  first flex_column_div av-animated-generic bottom-to-top av-zero-column-padding'     ><p>\n<style type=\"text\/css\" data-created_by=\"avia_inline_auto\" id=\"style-css-av-8eref-e1b9b79f480c220b1bc86e546b43f627\">\n#top .av-special-heading.av-8eref-e1b9b79f480c220b1bc86e546b43f627{\npadding-bottom:0;\n}\nbody .av-special-heading.av-8eref-e1b9b79f480c220b1bc86e546b43f627 .av-special-heading-tag .heading-char{\nfont-size:25px;\n}\n.av-special-heading.av-8eref-e1b9b79f480c220b1bc86e546b43f627 .av-subheading{\nfont-size:15px;\n}\n<\/style>\n<div  class='av-special-heading av-8eref-e1b9b79f480c220b1bc86e546b43f627 av-special-heading-h3 blockquote modern-quote  avia-builder-el-3  el_before_av_hr  avia-builder-el-first'><h3 class='av-special-heading-tag'  itemprop=\"headline\"  >Bize yaz\u0131n!<\/h3><div class=\"special-heading-border\"><div class=\"special-heading-inner-border\"><\/div><\/div><\/div><br \/>\n\n<style type=\"text\/css\" data-created_by=\"avia_inline_auto\" id=\"style-css-av-8a19f-9d8258c05a6410431bf80be821baedf8\">\n#top .hr.av-8a19f-9d8258c05a6410431bf80be821baedf8{\nmargin-top:10px;\nmargin-bottom:10px;\n}\n.hr.av-8a19f-9d8258c05a6410431bf80be821baedf8 .hr-inner{\nwidth:50px;\nborder-color:#efbb20;\n}\n<\/style>\n<div  class='hr av-8a19f-9d8258c05a6410431bf80be821baedf8 hr-custom  avia-builder-el-4  el_after_av_heading  el_before_av_contact  hr-left hr-icon-no'><span class='hr-inner inner-border-av-border-fat'><span class=\"hr-inner-style\"><\/span><\/span><\/div><br \/>\n<form action=\"https:\/\/veedoloil.com\/tr\/contact\/\" method=\"post\" data-fields-with-error=\"Found errors in the following field(s):\" class=\"avia_ajax_form av-form-labels-visible   avia-builder-el-5  el_after_av_hr  avia-builder-el-last\" data-avia-form-id=\"1\" data-avia-redirect='' data-trp-original-action=\"https:\/\/veedoloil.com\/tr\/contact\/\" ><fieldset><p class='first_form  form_element form_element_half' id='element_avia_1_1'><label for=\"avia_1_1\">\u0130sim <abbr class=\"required\" title=\"Zorunlu\">*<\/abbr><\/label> <input name=\"avia_1_1\" class=\"text_input is_empty\" type=\"text\" id=\"avia_1_1\" value=\"\" \/><\/p><p class='form_element form_element_half' id='element_avia_2_1'><label for=\"avia_2_1\">e-Posta<\/label> <input name=\"avia_2_1\" class=\"text_input\" type=\"text\" id=\"avia_2_1\" value=\"\" \/><\/p><p class='first_form  form_element form_element_half' id='element_avia_3_1'><label for=\"avia_3_1\">Konu <abbr class=\"required\" title=\"Zorunlu\">*<\/abbr><\/label> <input name=\"avia_3_1\" class=\"text_input is_empty\" type=\"text\" id=\"avia_3_1\" value=\"\" \/><\/p><p class='first_form  form_element form_fullwidth' id='element_avia_4_1'><label for=\"avia_4_1\" class=\"textare_label hidden textare_label_avia_4_1\">Mesaj\u0131n\u0131z <abbr class=\"required\" title=\"Zorunlu\">*<\/abbr><\/label><textarea  name=\"avia_4_1\" class=\"text_area is_empty\" cols=\"40\" rows=\"7\" id=\"avia_4_1\" ><\/textarea><\/p><p class=\"hidden\"><input type=\"text\" name=\"avia_5_1\" class=\"hidden\" id=\"avia_5_1\" value=\"\" \/><\/p><p class='form_element form_fullwidth' id='element_avia_6_1'><span class='value_verifier_label'>0 + 1 = ?<\/span><input name=\"avia_6_1_verifier\" type=\"hidden\" id=\"avia_6_1_verifier\" value=\"337271515\"\/><label for=\"avia_6_1\">L\u00fctfen denklemi \u00e7\u00f6zerek insan oldu\u011funuzu kan\u0131tlay\u0131n\u0131z <abbr class=\"required\" title=\"Zorunlu\">*<\/abbr><\/label><input name=\"avia_6_1\" class=\"text_input captcha\" type=\"text\" id=\"avia_6_1\" value=\"\"\/><\/p><p class=\"form_element\"><input type=\"hidden\" value=\"1\" name=\"avia_generated_form1\" \/><input type=\"submit\" value=\"G\u00f6nder\" class=\"button\"  data-sending-label=\"G\u00f6nderiliyor\"\/><\/p><\/fieldset><input type=\"hidden\" name=\"trp-form-language\" value=\"tr\"\/><\/form><div id=\"ajaxresponse_1\" class=\"ajaxresponse ajaxresponse_1 hidden\"><\/div><\/p><\/div>\n\n<style type=\"text\/css\" data-created_by=\"avia_inline_auto\" id=\"style-css-av-3s25z-5180b5188adb4398105cc6309ce6e7f1\">\n.flex_column.av-3s25z-5180b5188adb4398105cc6309ce6e7f1{\nborder-radius:0px 0px 0px 0px;\npadding:0px 0px 0px 0px;\n}\n<\/style>\n<div  class='flex_column av-3s25z-5180b5188adb4398105cc6309ce6e7f1 av_one_third  avia-builder-el-6  el_after_av_two_third  avia-builder-el-last  flex_column_div av-animated-generic bottom-to-top av-zero-column-padding'     ><p>\n<style type=\"text\/css\" data-created_by=\"avia_inline_auto\" id=\"style-css-av-34ebb-cf890f60252f908ee9f9dd4352c0fd8c\">\n#top .av-special-heading.av-34ebb-cf890f60252f908ee9f9dd4352c0fd8c{\npadding-bottom:0;\n}\nbody .av-special-heading.av-34ebb-cf890f60252f908ee9f9dd4352c0fd8c .av-special-heading-tag .heading-char{\nfont-size:25px;\n}\n.av-special-heading.av-34ebb-cf890f60252f908ee9f9dd4352c0fd8c .av-subheading{\nfont-size:15px;\n}\n<\/style>\n<div  class='av-special-heading av-34ebb-cf890f60252f908ee9f9dd4352c0fd8c av-special-heading-h3 blockquote modern-quote  avia-builder-el-7  el_before_av_hr  avia-builder-el-first'><h3 class='av-special-heading-tag'  itemprop=\"headline\"  >7\/24 bize ula\u015f\u0131n<\/h3><div class=\"special-heading-border\"><div class=\"special-heading-inner-border\"><\/div><\/div><\/div><br \/>\n\n<style type=\"text\/css\" data-created_by=\"avia_inline_auto\" id=\"style-css-av-acs3-ad3760fc2abb303d24ef9238c370b929\">\n#top .hr.av-acs3-ad3760fc2abb303d24ef9238c370b929{\nmargin-top:10px;\nmargin-bottom:10px;\n}\n.hr.av-acs3-ad3760fc2abb303d24ef9238c370b929 .hr-inner{\nwidth:50px;\nborder-color:#efbb20;\n}\n<\/style>\n<div  class='hr av-acs3-ad3760fc2abb303d24ef9238c370b929 hr-custom  avia-builder-el-8  el_after_av_heading  el_before_av_textblock  hr-left hr-icon-no'><span class='hr-inner inner-border-av-border-fat'><span class=\"hr-inner-style\"><\/span><\/span><\/div><br \/>\n<section  class='av_textblock_section av-21zob-c46474d00714ed9fd23d7e413c885f9d'   itemscope=\"itemscope\" itemtype=\"https:\/\/schema.org\/CreativeWork\" ><div class='avia_textblock'  itemprop=\"text\" ><p>\u0130leti\u015fim formunu doldurup g\u00f6nderin. \u0130leti\u015fim bilginizi yazarsan\u0131z ilgili akada\u015flar\u0131m\u0131z en k\u0131sa s\u00fcrede d\u00f6n\u00fc\u015f yapacaklard\u0131r.<\/p>\n<\/div><\/section><br \/>\n\n<style type=\"text\/css\" data-created_by=\"avia_inline_auto\" id=\"style-css-av-1kd3v-660c3a35fd87cee64951c8f31753957a\">\n#top .hr.av-1kd3v-660c3a35fd87cee64951c8f31753957a{\nmargin-top:10px;\nmargin-bottom:10px;\n}\n.hr.av-1kd3v-660c3a35fd87cee64951c8f31753957a .hr-inner{\nwidth:50px;\nborder-color:#efbb20;\n}\n<\/style>\n<div  class='hr av-1kd3v-660c3a35fd87cee64951c8f31753957a hr-custom  avia-builder-el-10  el_after_av_textblock  el_before_av_textblock  hr-left hr-icon-no'><span class='hr-inner inner-border-av-border-fat'><span class=\"hr-inner-style\"><\/span><\/span><\/div><br \/>\n<section  class='av_textblock_section av-3g3b-6041df7c371dfca7710269c029b65705'   itemscope=\"itemscope\" itemtype=\"https:\/\/schema.org\/CreativeWork\" ><div class='avia_textblock'  itemprop=\"text\" ><p><strong>Adres<\/strong><\/p>\n<p><strong>Merkez Ofis<\/strong><br \/>\nAdres:<br \/>\nR\u00fcya Sokak No:12-18\/35 K:8<br \/>\nVogue Business Center<br \/>\nAta\u015fehir \/ \u0130stanbul \/ T\u00dcRK\u0130YE<br \/>\n<strong>Tel:<\/strong> +90 216 995 03 25<\/p>\n<p><strong>Almanya Sat\u0131\u015f Ofisi :<\/strong><br \/>\nAdres: Marktstr. 17\/1 D \u2013 73765<br \/>\nNeuhausen \/ GERMANY<br \/>\n<strong>Tel: <\/strong>+49 152 07009613<\/p>\n<p><strong>Montenegro Sat\u0131\u015f Ofisi<\/strong><br \/>\nAdres: Felipa Kovacevica 10 35810<br \/>\nBudva \/ MONTENEGRO<br \/>\n<strong>Tel: <\/strong>+382 687 71891<br \/>\n&#8212;<br \/>\n<strong>\u0130\u015f Saatleri<\/strong><br \/>\nPts-Cum: 8:00-19:00<br \/>\nCts: 8:00-14:00<\/p>\n<\/div><\/section><\/p><\/div>","protected":false},"excerpt":{"rendered":"","protected":false},"author":1,"featured_media":0,"parent":0,"menu_order":0,"comment_status":"closed","ping_status":"closed","template":"","meta":{"footnotes":""},"class_list":["post-23","page","type-page","status-publish","hentry"],"_links":{"self":[{"href":"https:\/\/veedoloil.com\/tr\/wp-json\/wp\/v2\/pages\/23","targetHints":{"allow":["GET"]}}],"collection":[{"href":"https:\/\/veedoloil.com\/tr\/wp-json\/wp\/v2\/pages"}],"about":[{"href":"https:\/\/veedoloil.com\/tr\/wp-json\/wp\/v2\/types\/page"}],"author":[{"embeddable":true,"href":"https:\/\/veedoloil.com\/tr\/wp-json\/wp\/v2\/users\/1"}],"replies":[{"embeddable":true,"href":"https:\/\/veedoloil.com\/tr\/wp-json\/wp\/v2\/comments?post=23"}],"version-history":[{"count":23,"href":"https:\/\/veedoloil.com\/tr\/wp-json\/wp\/v2\/pages\/23\/revisions"}],"predecessor-version":[{"id":289,"href":"https:\/\/veedoloil.com\/tr\/wp-json\/wp\/v2\/pages\/23\/revisions\/289"}],"wp:attachment":[{"href":"https:\/\/veedoloil.com\/tr\/wp-json\/wp\/v2\/media?parent=23"}],"curies":[{"name":"wp","href":"https:\/\/api.w.org\/{rel}","templated":true}]}}