{"id":354,"date":"2025-05-01T01:21:24","date_gmt":"2025-04-30T22:21:24","guid":{"rendered":"https:\/\/veedoloil.com\/?page_id=354"},"modified":"2025-05-26T02:27:42","modified_gmt":"2025-05-25T23:27:42","slug":"motorcycle-oils","status":"publish","type":"page","link":"https:\/\/veedoloil.com\/tr\/products\/motorcycle-oils\/","title":{"rendered":"Motosiklet Ya\u011flar\u0131"},"content":{"rendered":"<style type=\"text\/css\" data-created_by=\"avia_inline_auto\" id=\"style-css-av-ma4ex04u-4ca5ff737747bbb72ac15c8974e91150\">\n#top .av-special-heading.av-ma4ex04u-4ca5ff737747bbb72ac15c8974e91150{\npadding-bottom:10px;\n}\nbody .av-special-heading.av-ma4ex04u-4ca5ff737747bbb72ac15c8974e91150 .av-special-heading-tag .heading-char{\nfont-size:25px;\n}\n.av-special-heading.av-ma4ex04u-4ca5ff737747bbb72ac15c8974e91150 .av-subheading{\nfont-size:15px;\n}\n<\/style>\n<div  class='av-special-heading av-ma4ex04u-4ca5ff737747bbb72ac15c8974e91150 av-special-heading-h3 blockquote modern-quote modern-centered  avia-builder-el-0  el_before_av_hr  avia-builder-el-first'><h3 class='av-special-heading-tag'  itemprop=\"headline\"  >Motosiklet Ya\u011flar\u0131<\/h3><div class=\"special-heading-border\"><div class=\"special-heading-inner-border\"><\/div><\/div><\/div>\n<div  class='hr av-22rqv5-d6128ddb2a338a03acb462123322e2a5 hr-default  avia-builder-el-1  el_after_av_heading  el_before_av_one_third'><span class='hr-inner'><span class=\"hr-inner-style\"><\/span><\/span><\/div>\n<div  class='flex_column av-8cpot6-35cbd5629080698025ef88c7ce7147e9 av_one_third  avia-builder-el-2  el_after_av_hr  el_before_av_one_third  first flex_column_div'     ><p>\n<style type=\"text\/css\" data-created_by=\"avia_inline_auto\" id=\"style-css-av-84zl8i-faccb3416e1bf1eaf3d454556d50ddf9\">\n.avia-image-container.av-84zl8i-faccb3416e1bf1eaf3d454556d50ddf9 img.avia_image{\nbox-shadow:none;\n}\n.avia-image-container.av-84zl8i-faccb3416e1bf1eaf3d454556d50ddf9 .av-image-caption-overlay-center{\ncolor:#ffffff;\n}\n<\/style>\n<div  class='avia-image-container av-84zl8i-faccb3416e1bf1eaf3d454556d50ddf9 av-styling- avia-align-center  avia-builder-el-3  el_before_av_heading  avia-builder-el-first'   itemprop=\"image\" itemscope=\"itemscope\" itemtype=\"https:\/\/schema.org\/ImageObject\" ><div class=\"avia-image-container-inner\"><div class=\"avia-image-overlay-wrap\"><img decoding=\"async\" fetchpriority=\"high\" class='wp-image-597 avia-img-lazy-loading-not-597 avia_image' src=\"https:\/\/veedoloil.com\/wp-content\/uploads\/2025\/05\/42-racing-plus-2t-300x200.jpg\" alt='' title='42-racing-plus-2t'  height=\"200\" width=\"300\"  itemprop=\"thumbnailUrl\" srcset=\"https:\/\/veedoloil.com\/wp-content\/uploads\/2025\/05\/42-racing-plus-2t-300x200.jpg 300w, https:\/\/veedoloil.com\/wp-content\/uploads\/2025\/05\/42-racing-plus-2t-1030x687.jpg 1030w, https:\/\/veedoloil.com\/wp-content\/uploads\/2025\/05\/42-racing-plus-2t-768x512.jpg 768w, https:\/\/veedoloil.com\/wp-content\/uploads\/2025\/05\/42-racing-plus-2t-18x12.jpg 18w, https:\/\/veedoloil.com\/wp-content\/uploads\/2025\/05\/42-racing-plus-2t-705x470.jpg 705w, https:\/\/veedoloil.com\/wp-content\/uploads\/2025\/05\/42-racing-plus-2t.jpg 1200w\" sizes=\"(max-width: 300px) 100vw, 300px\" \/><\/div><\/div><\/div><br \/>\n\n<style type=\"text\/css\" data-created_by=\"avia_inline_auto\" id=\"style-css-av-7yw38a-35a7e37bd30fe9aadcadbbce6e470575\">\n#top .av-special-heading.av-7yw38a-35a7e37bd30fe9aadcadbbce6e470575{\npadding-bottom:10px;\n}\nbody .av-special-heading.av-7yw38a-35a7e37bd30fe9aadcadbbce6e470575 .av-special-heading-tag .heading-char{\nfont-size:25px;\n}\n.av-special-heading.av-7yw38a-35a7e37bd30fe9aadcadbbce6e470575 .av-subheading{\nfont-size:15px;\n}\n<\/style>\n<div  class='av-special-heading av-7yw38a-35a7e37bd30fe9aadcadbbce6e470575 av-special-heading-h3 blockquote modern-quote modern-centered  avia-builder-el-4  el_after_av_image  el_before_av_textblock'><h3 class='av-special-heading-tag'  itemprop=\"headline\"  >Veedol RACING PLUS 2T<\/h3><div class=\"special-heading-border\"><div class=\"special-heading-inner-border\"><\/div><\/div><\/div><br \/>\n<section  class='av_textblock_section av-7wnirm-bf8d7511ff9b86391f763bcf0355d4d4'   itemscope=\"itemscope\" itemtype=\"https:\/\/schema.org\/CreativeWork\" ><div class='avia_textblock'  itemprop=\"text\" ><p><span style=\"font-weight: 400;\">Modern motosiklet ve scooterlarda kullan\u0131ma uygun, y\u00fcksek performansl\u0131, yar\u0131 sentetik 2 zamanl\u0131 motor ya\u011f\u0131.<\/span><\/p>\n<\/div><\/section><br \/>\n<div  class='avia-button-wrap avia-button-center  avia-builder-el-6  el_after_av_textblock  avia-builder-el-last'>\n<style type=\"text\/css\" data-created_by=\"avia_inline_auto\" id=\"style-css-av-7ohwju-33f23a0b52cc243d27f46d2d42756b22\">\n#top #wrap_all .avia-button.av-7ohwju-33f23a0b52cc243d27f46d2d42756b22:hover{\ncolor:blue;\ntransition:all 0.4s ease-in-out;\n}\n<\/style>\n<a href='https:\/\/veedoloil.com\/tr\/2025\/05\/07\/motorcycle-oils1\/' class='avia-color-light avia-font-color-theme-color-highlight avia-button avia-button-fullwidth av-7ohwju-33f23a0b52cc243d27f46d2d42756b22 avia-icon_select-yes-left-icon avia-color-light'  ><span class='avia_button_icon avia_button_icon_left' aria-hidden='true' data-av_icon='\ue84e' data-av_iconfont='entypo-fontello'><\/span><span class='avia_iconbox_title' >Daha Fazla Bilgi<\/span><span class='avia_button_background avia-button avia-button-fullwidth avia-color-theme-color-highlight'><\/span><\/a><\/div><\/p><\/div><div  class='flex_column av-7l0o2a-b0112532638c33968b6dc59d636e2165 av_one_third  avia-builder-el-7  el_after_av_one_third  el_before_av_one_third  flex_column_div'     ><p>\n<style type=\"text\/css\" data-created_by=\"avia_inline_auto\" id=\"style-css-av-7ewf1u-8b44b22a93c53919515f42ea20cc6517\">\n.avia-image-container.av-7ewf1u-8b44b22a93c53919515f42ea20cc6517 img.avia_image{\nbox-shadow:none;\n}\n.avia-image-container.av-7ewf1u-8b44b22a93c53919515f42ea20cc6517 .av-image-caption-overlay-center{\ncolor:#ffffff;\n}\n<\/style>\n<div  class='avia-image-container av-7ewf1u-8b44b22a93c53919515f42ea20cc6517 av-styling- avia-align-center  avia-builder-el-8  el_before_av_heading  avia-builder-el-first'   itemprop=\"image\" itemscope=\"itemscope\" itemtype=\"https:\/\/schema.org\/ImageObject\" ><div class=\"avia-image-container-inner\"><div class=\"avia-image-overlay-wrap\"><img decoding=\"async\" fetchpriority=\"high\" class='wp-image-598 avia-img-lazy-loading-not-598 avia_image' src=\"https:\/\/veedoloil.com\/wp-content\/uploads\/2025\/05\/43-racing-plus-4t-10w40-300x200.jpg\" alt='' title='43-racing-plus-4t-10w40'  height=\"200\" width=\"300\"  itemprop=\"thumbnailUrl\" srcset=\"https:\/\/veedoloil.com\/wp-content\/uploads\/2025\/05\/43-racing-plus-4t-10w40-300x200.jpg 300w, https:\/\/veedoloil.com\/wp-content\/uploads\/2025\/05\/43-racing-plus-4t-10w40-1030x687.jpg 1030w, https:\/\/veedoloil.com\/wp-content\/uploads\/2025\/05\/43-racing-plus-4t-10w40-768x512.jpg 768w, https:\/\/veedoloil.com\/wp-content\/uploads\/2025\/05\/43-racing-plus-4t-10w40-18x12.jpg 18w, https:\/\/veedoloil.com\/wp-content\/uploads\/2025\/05\/43-racing-plus-4t-10w40-705x470.jpg 705w, https:\/\/veedoloil.com\/wp-content\/uploads\/2025\/05\/43-racing-plus-4t-10w40.jpg 1200w\" sizes=\"(max-width: 300px) 100vw, 300px\" \/><\/div><\/div><\/div><br \/>\n\n<style type=\"text\/css\" data-created_by=\"avia_inline_auto\" id=\"style-css-av-77qkn6-8cbffba2e073612c83ff1ccd19db895d\">\n#top .av-special-heading.av-77qkn6-8cbffba2e073612c83ff1ccd19db895d{\npadding-bottom:10px;\n}\nbody .av-special-heading.av-77qkn6-8cbffba2e073612c83ff1ccd19db895d .av-special-heading-tag .heading-char{\nfont-size:25px;\n}\n.av-special-heading.av-77qkn6-8cbffba2e073612c83ff1ccd19db895d .av-subheading{\nfont-size:15px;\n}\n<\/style>\n<div  class='av-special-heading av-77qkn6-8cbffba2e073612c83ff1ccd19db895d av-special-heading-h3 blockquote modern-quote modern-centered  avia-builder-el-9  el_after_av_image  el_before_av_textblock'><h3 class='av-special-heading-tag'  itemprop=\"headline\"  >Veedol RACING PLUS 4T 10W-40<\/h3><div class=\"special-heading-border\"><div class=\"special-heading-inner-border\"><\/div><\/div><\/div><br \/>\n<section  class='av_textblock_section av-70gtsy-17820887850d5129d17fe4d7ccfd982f'   itemscope=\"itemscope\" itemtype=\"https:\/\/schema.org\/CreativeWork\" ><div class='avia_textblock'  itemprop=\"text\" ><p><span style=\"font-weight: 400;\">Modern d\u00f6rt zamanl\u0131 motosikletler i\u00e7in birinci s\u0131n\u0131f \u00f6zel ya\u011f.<\/span><\/p>\n<\/div><\/section><br \/>\n<div  class='avia-button-wrap avia-button-center  avia-builder-el-11  el_after_av_textblock  avia-builder-el-last'>\n<style type=\"text\/css\" data-created_by=\"avia_inline_auto\" id=\"style-css-av-6u81ze-a62a3d64611c096679aa84e8ecb65c24\">\n#top #wrap_all .avia-button.av-6u81ze-a62a3d64611c096679aa84e8ecb65c24:hover{\ncolor:blue;\ntransition:all 0.4s ease-in-out;\n}\n<\/style>\n<a href='https:\/\/veedoloil.com\/tr\/2025\/05\/07\/motorcycle-oils2\/' class='avia-color-light avia-font-color-theme-color-highlight avia-button avia-button-fullwidth av-6u81ze-a62a3d64611c096679aa84e8ecb65c24 avia-icon_select-yes-left-icon avia-color-light'  ><span class='avia_button_icon avia_button_icon_left' aria-hidden='true' data-av_icon='\ue84e' data-av_iconfont='entypo-fontello'><\/span><span class='avia_iconbox_title' >Daha Fazla Bilgi<\/span><span class='avia_button_background avia-button avia-button-fullwidth avia-color-theme-color-highlight'><\/span><\/a><\/div><\/p><\/div><div  class='flex_column av-cedpu-da82bede3413871414ebccb095264afd av_one_third  avia-builder-el-12  el_after_av_one_third  el_before_av_one_third  flex_column_div'     ><p>\n<style type=\"text\/css\" data-created_by=\"avia_inline_auto\" id=\"style-css-av-36nyr6-5691c79881c3b828b1f571218e81ff21\">\n.avia-image-container.av-36nyr6-5691c79881c3b828b1f571218e81ff21 img.avia_image{\nbox-shadow:none;\n}\n.avia-image-container.av-36nyr6-5691c79881c3b828b1f571218e81ff21 .av-image-caption-overlay-center{\ncolor:#ffffff;\n}\n<\/style>\n<div  class='avia-image-container av-36nyr6-5691c79881c3b828b1f571218e81ff21 av-styling- avia-align-center  avia-builder-el-13  el_before_av_heading  avia-builder-el-first'   itemprop=\"image\" itemscope=\"itemscope\" itemtype=\"https:\/\/schema.org\/ImageObject\" ><div class=\"avia-image-container-inner\"><div class=\"avia-image-overlay-wrap\"><img decoding=\"async\" fetchpriority=\"high\" class='wp-image-599 avia-img-lazy-loading-not-599 avia_image' src=\"https:\/\/veedoloil.com\/wp-content\/uploads\/2025\/05\/44-racing-plus-4t-10w50-300x200.jpg\" alt='' title='44-racing-plus-4t-10w50'  height=\"200\" width=\"300\"  itemprop=\"thumbnailUrl\" srcset=\"https:\/\/veedoloil.com\/wp-content\/uploads\/2025\/05\/44-racing-plus-4t-10w50-300x200.jpg 300w, https:\/\/veedoloil.com\/wp-content\/uploads\/2025\/05\/44-racing-plus-4t-10w50-1030x687.jpg 1030w, https:\/\/veedoloil.com\/wp-content\/uploads\/2025\/05\/44-racing-plus-4t-10w50-768x512.jpg 768w, https:\/\/veedoloil.com\/wp-content\/uploads\/2025\/05\/44-racing-plus-4t-10w50-18x12.jpg 18w, https:\/\/veedoloil.com\/wp-content\/uploads\/2025\/05\/44-racing-plus-4t-10w50-705x470.jpg 705w, https:\/\/veedoloil.com\/wp-content\/uploads\/2025\/05\/44-racing-plus-4t-10w50.jpg 1200w\" sizes=\"(max-width: 300px) 100vw, 300px\" \/><\/div><\/div><\/div><br \/>\n\n<style type=\"text\/css\" data-created_by=\"avia_inline_auto\" id=\"style-css-av-32ulje-b06b9830a70e0fecd1294f82094ca0f6\">\n#top .av-special-heading.av-32ulje-b06b9830a70e0fecd1294f82094ca0f6{\npadding-bottom:10px;\n}\nbody .av-special-heading.av-32ulje-b06b9830a70e0fecd1294f82094ca0f6 .av-special-heading-tag .heading-char{\nfont-size:25px;\n}\n.av-special-heading.av-32ulje-b06b9830a70e0fecd1294f82094ca0f6 .av-subheading{\nfont-size:15px;\n}\n<\/style>\n<div  class='av-special-heading av-32ulje-b06b9830a70e0fecd1294f82094ca0f6 av-special-heading-h3 blockquote modern-quote modern-centered  avia-builder-el-14  el_after_av_image  el_before_av_textblock'><h3 class='av-special-heading-tag'  itemprop=\"headline\"  >Veedol HD FLEET OIL SAE 10W\/20W-20\/30\/40\/50<\/h3><div class=\"special-heading-border\"><div class=\"special-heading-inner-border\"><\/div><\/div><\/div><br \/>\n<section  class='av_textblock_section av-2wz3ca-8ae996fcef8d788f37cf86cecb1055c6'   itemscope=\"itemscope\" itemtype=\"https:\/\/schema.org\/CreativeWork\" ><div class='avia_textblock'  itemprop=\"text\" ><p><span style=\"font-weight: 400;\">Modern d\u00f6rt zamanl\u0131 motosikletler i\u00e7in birinci s\u0131n\u0131f \u00f6zel ya\u011f.<\/span><\/p>\n<\/div><\/section><br \/>\n<div  class='avia-button-wrap avia-button-center  avia-builder-el-16  el_after_av_textblock  avia-builder-el-last'>\n<style type=\"text\/css\" data-created_by=\"avia_inline_auto\" id=\"style-css-av-2rzcnu-8c263daa1aed60efc7c80e22fa23111a\">\n#top #wrap_all .avia-button.av-2rzcnu-8c263daa1aed60efc7c80e22fa23111a:hover{\ncolor:blue;\ntransition:all 0.4s ease-in-out;\n}\n<\/style>\n<a href='https:\/\/veedoloil.com\/tr\/2025\/05\/07\/motorcycle-oils3\/' class='avia-color-light avia-font-color-theme-color-highlight avia-button avia-button-fullwidth av-2rzcnu-8c263daa1aed60efc7c80e22fa23111a avia-icon_select-yes-left-icon avia-color-light'  ><span class='avia_button_icon avia_button_icon_left' aria-hidden='true' data-av_icon='\ue84e' data-av_iconfont='entypo-fontello'><\/span><span class='avia_iconbox_title' >Daha Fazla Bilgi<\/span><span class='avia_button_background avia-button avia-button-fullwidth avia-color-theme-color-highlight'><\/span><\/a><\/div><\/p><\/div><div  class='flex_column av-2lisqy-c3dd1d7057c18fb789c068df033fc4cd av_one_third  avia-builder-el-17  el_after_av_one_third  avia-builder-el-last  first flex_column_div  column-top-margin'     ><p>\n<style type=\"text\/css\" data-created_by=\"avia_inline_auto\" id=\"style-css-av-2cgd7e-bd5ee72b27024532c2bc364d873c41c0\">\n.avia-image-container.av-2cgd7e-bd5ee72b27024532c2bc364d873c41c0 img.avia_image{\nbox-shadow:none;\n}\n.avia-image-container.av-2cgd7e-bd5ee72b27024532c2bc364d873c41c0 .av-image-caption-overlay-center{\ncolor:#ffffff;\n}\n<\/style>\n<div  class='avia-image-container av-2cgd7e-bd5ee72b27024532c2bc364d873c41c0 av-styling- avia-align-center  avia-builder-el-18  el_before_av_heading  avia-builder-el-first'   itemprop=\"image\" itemscope=\"itemscope\" itemtype=\"https:\/\/schema.org\/ImageObject\" ><div class=\"avia-image-container-inner\"><div class=\"avia-image-overlay-wrap\"><img decoding=\"async\" fetchpriority=\"high\" class='wp-image-600 avia-img-lazy-loading-not-600 avia_image' src=\"https:\/\/veedoloil.com\/wp-content\/uploads\/2025\/05\/45-racing-plus-4t-20w50-300x200.jpg\" alt='' title='45-racing-plus-4t-20w50'  height=\"200\" width=\"300\"  itemprop=\"thumbnailUrl\" srcset=\"https:\/\/veedoloil.com\/wp-content\/uploads\/2025\/05\/45-racing-plus-4t-20w50-300x200.jpg 300w, https:\/\/veedoloil.com\/wp-content\/uploads\/2025\/05\/45-racing-plus-4t-20w50-1030x687.jpg 1030w, https:\/\/veedoloil.com\/wp-content\/uploads\/2025\/05\/45-racing-plus-4t-20w50-768x512.jpg 768w, https:\/\/veedoloil.com\/wp-content\/uploads\/2025\/05\/45-racing-plus-4t-20w50-18x12.jpg 18w, https:\/\/veedoloil.com\/wp-content\/uploads\/2025\/05\/45-racing-plus-4t-20w50-705x470.jpg 705w, https:\/\/veedoloil.com\/wp-content\/uploads\/2025\/05\/45-racing-plus-4t-20w50.jpg 1200w\" sizes=\"(max-width: 300px) 100vw, 300px\" \/><\/div><\/div><\/div><br \/>\n\n<style type=\"text\/css\" data-created_by=\"avia_inline_auto\" id=\"style-css-av-27i5b6-c513920437b2344e91bc0482a0f7aad9\">\n#top .av-special-heading.av-27i5b6-c513920437b2344e91bc0482a0f7aad9{\npadding-bottom:10px;\n}\nbody .av-special-heading.av-27i5b6-c513920437b2344e91bc0482a0f7aad9 .av-special-heading-tag .heading-char{\nfont-size:25px;\n}\n.av-special-heading.av-27i5b6-c513920437b2344e91bc0482a0f7aad9 .av-subheading{\nfont-size:15px;\n}\n<\/style>\n<div  class='av-special-heading av-27i5b6-c513920437b2344e91bc0482a0f7aad9 av-special-heading-h3 blockquote modern-quote modern-centered  avia-builder-el-19  el_after_av_image  el_before_av_textblock'><h3 class='av-special-heading-tag'  itemprop=\"headline\"  >Veedol RACING PLUS 4T 20W-50<\/h3><div class=\"special-heading-border\"><div class=\"special-heading-inner-border\"><\/div><\/div><\/div><br \/>\n<section  class='av_textblock_section av-22214i-e534d0c1644380859c2b46c52957aff1'   itemscope=\"itemscope\" itemtype=\"https:\/\/schema.org\/CreativeWork\" ><div class='avia_textblock'  itemprop=\"text\" ><p><span style=\"font-weight: 400;\">Modern d\u00f6rt zamanl\u0131 motosikletler i\u00e7in birinci s\u0131n\u0131f \u00f6zel ya\u011f.<\/span><\/p>\n<\/div><\/section><br \/>\n<div  class='avia-button-wrap avia-button-center  avia-builder-el-21  el_after_av_textblock  avia-builder-el-last'>\n<style type=\"text\/css\" data-created_by=\"avia_inline_auto\" id=\"style-css-av-1u56hu-d137b94cb1471b9898f074d58541b913\">\n#top #wrap_all .avia-button.av-1u56hu-d137b94cb1471b9898f074d58541b913:hover{\ncolor:blue;\ntransition:all 0.4s ease-in-out;\n}\n<\/style>\n<a href='https:\/\/veedoloil.com\/tr\/2025\/05\/07\/motorcycle-oils4\/' class='avia-color-light avia-font-color-theme-color-highlight avia-button avia-button-fullwidth av-1u56hu-d137b94cb1471b9898f074d58541b913 avia-icon_select-yes-left-icon avia-color-light'  ><span class='avia_button_icon avia_button_icon_left' aria-hidden='true' data-av_icon='\ue84e' data-av_iconfont='entypo-fontello'><\/span><span class='avia_iconbox_title' >Daha Fazla Bilgi<\/span><span class='avia_button_background avia-button avia-button-fullwidth avia-color-theme-color-highlight'><\/span><\/a><\/div><\/p><\/div><\/p>","protected":false},"excerpt":{"rendered":"","protected":false},"author":1,"featured_media":0,"parent":25,"menu_order":0,"comment_status":"closed","ping_status":"closed","template":"","meta":{"footnotes":""},"class_list":["post-354","page","type-page","status-publish","hentry"],"_links":{"self":[{"href":"https:\/\/veedoloil.com\/tr\/wp-json\/wp\/v2\/pages\/354","targetHints":{"allow":["GET"]}}],"collection":[{"href":"https:\/\/veedoloil.com\/tr\/wp-json\/wp\/v2\/pages"}],"about":[{"href":"https:\/\/veedoloil.com\/tr\/wp-json\/wp\/v2\/types\/page"}],"author":[{"embeddable":true,"href":"https:\/\/veedoloil.com\/tr\/wp-json\/wp\/v2\/users\/1"}],"replies":[{"embeddable":true,"href":"https:\/\/veedoloil.com\/tr\/wp-json\/wp\/v2\/comments?post=354"}],"version-history":[{"count":7,"href":"https:\/\/veedoloil.com\/tr\/wp-json\/wp\/v2\/pages\/354\/revisions"}],"predecessor-version":[{"id":1451,"href":"https:\/\/veedoloil.com\/tr\/wp-json\/wp\/v2\/pages\/354\/revisions\/1451"}],"up":[{"embeddable":true,"href":"https:\/\/veedoloil.com\/tr\/wp-json\/wp\/v2\/pages\/25"}],"wp:attachment":[{"href":"https:\/\/veedoloil.com\/tr\/wp-json\/wp\/v2\/media?parent=354"}],"curies":[{"name":"wp","href":"https:\/\/api.w.org\/{rel}","templated":true}]}}