{"id":374,"date":"2025-05-01T01:44:01","date_gmt":"2025-04-30T22:44:01","guid":{"rendered":"https:\/\/veedoloil.com\/?page_id=374"},"modified":"2025-05-28T01:57:00","modified_gmt":"2025-05-27T22:57:00","slug":"radiator-antifreeze","status":"publish","type":"page","link":"https:\/\/veedoloil.com\/tr\/products\/radiator-antifreeze\/","title":{"rendered":"So\u011futucular \/ Antifriz"},"content":{"rendered":"<style type=\"text\/css\" data-created_by=\"avia_inline_auto\" id=\"style-css-av-ma4ex04u-3a3427c3483c70a51c3a4c7811cd7f95\">\n#top .av-special-heading.av-ma4ex04u-3a3427c3483c70a51c3a4c7811cd7f95{\npadding-bottom:10px;\n}\nbody .av-special-heading.av-ma4ex04u-3a3427c3483c70a51c3a4c7811cd7f95 .av-special-heading-tag .heading-char{\nfont-size:25px;\n}\n.av-special-heading.av-ma4ex04u-3a3427c3483c70a51c3a4c7811cd7f95 .av-subheading{\nfont-size:15px;\n}\n<\/style>\n<div  class='av-special-heading av-ma4ex04u-3a3427c3483c70a51c3a4c7811cd7f95 av-special-heading-h3 blockquote modern-quote modern-centered  avia-builder-el-0  el_before_av_hr  avia-builder-el-first'><h3 class='av-special-heading-tag'  itemprop=\"headline\"  >So\u011futucular \/ Antifriz<\/h3><div class=\"special-heading-border\"><div class=\"special-heading-inner-border\"><\/div><\/div><\/div>\n<div  class='hr av-22rqv5-d6128ddb2a338a03acb462123322e2a5 hr-default  avia-builder-el-1  el_after_av_heading  el_before_av_one_third'><span class='hr-inner'><span class=\"hr-inner-style\"><\/span><\/span><\/div>\n<div  class='flex_column av-1y1zr5-8ec9fdad24668597162fca75d5b17374 av_one_third  avia-builder-el-2  el_after_av_hr  el_before_av_one_third  first flex_column_div'     ><p>\n<style type=\"text\/css\" data-created_by=\"avia_inline_auto\" id=\"style-css-av-ma4fgaqq-8f974f78027f2ec85a09fc65ccd4d3f0\">\n.avia-image-container.av-ma4fgaqq-8f974f78027f2ec85a09fc65ccd4d3f0 img.avia_image{\nbox-shadow:none;\n}\n.avia-image-container.av-ma4fgaqq-8f974f78027f2ec85a09fc65ccd4d3f0 .av-image-caption-overlay-center{\ncolor:#ffffff;\n}\n<\/style>\n<div  class='avia-image-container av-ma4fgaqq-8f974f78027f2ec85a09fc65ccd4d3f0 av-styling- avia-align-center  avia-builder-el-3  el_before_av_heading  avia-builder-el-first'   itemprop=\"image\" itemscope=\"itemscope\" itemtype=\"https:\/\/schema.org\/ImageObject\" ><div class=\"avia-image-container-inner\"><div class=\"avia-image-overlay-wrap\"><img decoding=\"async\" fetchpriority=\"high\" class='wp-image-702 avia-img-lazy-loading-not-702 avia_image' src=\"https:\/\/veedoloil.com\/wp-content\/uploads\/2025\/05\/150-coolant-300x200.jpg\" alt='' title='150-coolant'  height=\"200\" width=\"300\"  itemprop=\"thumbnailUrl\" srcset=\"https:\/\/veedoloil.com\/wp-content\/uploads\/2025\/05\/150-coolant-300x200.jpg 300w, https:\/\/veedoloil.com\/wp-content\/uploads\/2025\/05\/150-coolant-1030x687.jpg 1030w, https:\/\/veedoloil.com\/wp-content\/uploads\/2025\/05\/150-coolant-768x512.jpg 768w, https:\/\/veedoloil.com\/wp-content\/uploads\/2025\/05\/150-coolant-18x12.jpg 18w, https:\/\/veedoloil.com\/wp-content\/uploads\/2025\/05\/150-coolant-705x470.jpg 705w, https:\/\/veedoloil.com\/wp-content\/uploads\/2025\/05\/150-coolant.jpg 1200w\" sizes=\"(max-width: 300px) 100vw, 300px\" \/><\/div><\/div><\/div><br \/>\n\n<style type=\"text\/css\" data-created_by=\"avia_inline_auto\" id=\"style-css-av-ma4fgkrt-cf6a8912c0ac7095ac650f4c17be4c08\">\n#top .av-special-heading.av-ma4fgkrt-cf6a8912c0ac7095ac650f4c17be4c08{\npadding-bottom:10px;\n}\nbody .av-special-heading.av-ma4fgkrt-cf6a8912c0ac7095ac650f4c17be4c08 .av-special-heading-tag .heading-char{\nfont-size:25px;\n}\n.av-special-heading.av-ma4fgkrt-cf6a8912c0ac7095ac650f4c17be4c08 .av-subheading{\nfont-size:15px;\n}\n<\/style>\n<div  class='av-special-heading av-ma4fgkrt-cf6a8912c0ac7095ac650f4c17be4c08 av-special-heading-h3 blockquote modern-quote modern-centered  avia-builder-el-4  el_after_av_image  el_before_av_textblock'><h3 class='av-special-heading-tag'  itemprop=\"headline\"  >Veedol COOLANT EVO-P<\/h3><div class=\"special-heading-border\"><div class=\"special-heading-inner-border\"><\/div><\/div><\/div><br \/>\n<section  class='av_textblock_section av-ma4fjclv-5a4695074ce9fd752f72b84c9200bc16'   itemscope=\"itemscope\" itemtype=\"https:\/\/schema.org\/CreativeWork\" ><div class='avia_textblock'  itemprop=\"text\" ><p><span style=\"font-weight: 400;\">Son teknoloji Si-OAT korozyon koruma teknolojisine sahip mono etilen glikol bazl\u0131 modern radyat\u00f6r antifriz konsantresi.<\/span><\/p>\n<\/div><\/section><br \/>\n<div  class='avia-button-wrap avia-button-center  avia-builder-el-6  el_after_av_textblock  avia-builder-el-last'>\n<style type=\"text\/css\" data-created_by=\"avia_inline_auto\" id=\"style-css-av-ma4g7m9w-f72cdaf2d67c267e497d0d69fb75e514\">\n#top #wrap_all .avia-button.av-ma4g7m9w-f72cdaf2d67c267e497d0d69fb75e514:hover{\ncolor:blue;\ntransition:all 0.4s ease-in-out;\n}\n<\/style>\n<a href='https:\/\/veedoloil.com\/tr\/2025\/05\/08\/coolants-antifreeze-1\/' class='avia-color-light avia-font-color-theme-color-highlight avia-button avia-button-fullwidth av-ma4g7m9w-f72cdaf2d67c267e497d0d69fb75e514 avia-icon_select-yes-left-icon avia-color-light'  ><span class='avia_button_icon avia_button_icon_left' aria-hidden='true' data-av_icon='\ue84e' data-av_iconfont='entypo-fontello'><\/span><span class='avia_iconbox_title' >Daha Fazla Bilgi<\/span><span class='avia_button_background avia-button avia-button-fullwidth avia-color-theme-color-highlight'><\/span><\/a><\/div><\/p><\/div><div  class='flex_column av-1mtyfi-6ee7feb4d2f5064517295a72eb30801c av_one_third  avia-builder-el-7  el_after_av_one_third  el_before_av_one_third  flex_column_div'     ><p>\n<style type=\"text\/css\" data-created_by=\"avia_inline_auto\" id=\"style-css-av-1f2j0m-eed25fe08a651e3351a477a092b99785\">\n.avia-image-container.av-1f2j0m-eed25fe08a651e3351a477a092b99785 img.avia_image{\nbox-shadow:none;\n}\n.avia-image-container.av-1f2j0m-eed25fe08a651e3351a477a092b99785 .av-image-caption-overlay-center{\ncolor:#ffffff;\n}\n<\/style>\n<div  class='avia-image-container av-1f2j0m-eed25fe08a651e3351a477a092b99785 av-styling- avia-align-center  avia-builder-el-8  el_before_av_heading  avia-builder-el-first'   itemprop=\"image\" itemscope=\"itemscope\" itemtype=\"https:\/\/schema.org\/ImageObject\" ><div class=\"avia-image-container-inner\"><div class=\"avia-image-overlay-wrap\"><img decoding=\"async\" fetchpriority=\"high\" class='wp-image-702 avia-img-lazy-loading-not-702 avia_image' src=\"https:\/\/veedoloil.com\/wp-content\/uploads\/2025\/05\/150-coolant-300x200.jpg\" alt='' title='150-coolant'  height=\"200\" width=\"300\"  itemprop=\"thumbnailUrl\" srcset=\"https:\/\/veedoloil.com\/wp-content\/uploads\/2025\/05\/150-coolant-300x200.jpg 300w, https:\/\/veedoloil.com\/wp-content\/uploads\/2025\/05\/150-coolant-1030x687.jpg 1030w, https:\/\/veedoloil.com\/wp-content\/uploads\/2025\/05\/150-coolant-768x512.jpg 768w, https:\/\/veedoloil.com\/wp-content\/uploads\/2025\/05\/150-coolant-18x12.jpg 18w, https:\/\/veedoloil.com\/wp-content\/uploads\/2025\/05\/150-coolant-705x470.jpg 705w, https:\/\/veedoloil.com\/wp-content\/uploads\/2025\/05\/150-coolant.jpg 1200w\" sizes=\"(max-width: 300px) 100vw, 300px\" \/><\/div><\/div><\/div><br \/>\n\n<style type=\"text\/css\" data-created_by=\"avia_inline_auto\" id=\"style-css-av-maa8xr5s-7e378cf4f23f1e26b953722115736056\">\n#top .av-special-heading.av-maa8xr5s-7e378cf4f23f1e26b953722115736056{\npadding-bottom:10px;\n}\nbody .av-special-heading.av-maa8xr5s-7e378cf4f23f1e26b953722115736056 .av-special-heading-tag .heading-char{\nfont-size:25px;\n}\n.av-special-heading.av-maa8xr5s-7e378cf4f23f1e26b953722115736056 .av-subheading{\nfont-size:15px;\n}\n<\/style>\n<div  class='av-special-heading av-maa8xr5s-7e378cf4f23f1e26b953722115736056 av-special-heading-h3 blockquote modern-quote modern-centered  avia-builder-el-9  el_after_av_image  el_before_av_textblock'><h3 class='av-special-heading-tag'  itemprop=\"headline\"  >Veedol COOLANT EVO-G<\/h3><div class=\"special-heading-border\"><div class=\"special-heading-inner-border\"><\/div><\/div><\/div><br \/>\n<section  class='av_textblock_section av-maa8y8bd-1cdfcf7b6def23fcbe3d38369164f345'   itemscope=\"itemscope\" itemtype=\"https:\/\/schema.org\/CreativeWork\" ><div class='avia_textblock'  itemprop=\"text\" ><ol>\n<li style=\"font-weight: 400;\" aria-level=\"1\"><span style=\"font-weight: 400;\">BMW ara\u00e7lar\u0131 i\u00e7in \u00f6zel olarak \u00f6nerilen, mono etilen glikol esasl\u0131 modern radyat\u00f6r antifriz konsantresi.<\/span><\/li>\n<\/ol>\n<\/div><\/section><br \/>\n<div  class='avia-button-wrap avia-button-center  avia-builder-el-11  el_after_av_textblock  avia-builder-el-last'>\n<style type=\"text\/css\" data-created_by=\"avia_inline_auto\" id=\"style-css-av-19ix26-d4e2ecc9ec951f92b614b76ef2cb534d\">\n#top #wrap_all .avia-button.av-19ix26-d4e2ecc9ec951f92b614b76ef2cb534d:hover{\ncolor:blue;\ntransition:all 0.4s ease-in-out;\n}\n<\/style>\n<a href='https:\/\/veedoloil.com\/tr\/2025\/05\/08\/coolants-antifreeze-2\/' class='avia-color-light avia-font-color-theme-color-highlight avia-button avia-button-fullwidth av-19ix26-d4e2ecc9ec951f92b614b76ef2cb534d avia-icon_select-yes-left-icon avia-color-light'  ><span class='avia_button_icon avia_button_icon_left' aria-hidden='true' data-av_icon='\ue84e' data-av_iconfont='entypo-fontello'><\/span><span class='avia_iconbox_title' >Daha Fazla Bilgi<\/span><span class='avia_button_background avia-button avia-button-fullwidth avia-color-theme-color-highlight'><\/span><\/a><\/div><\/p><\/div><div  class='flex_column av-11edfa-2584395d217f3945d6ba959ded83cdfa av_one_third  avia-builder-el-12  el_after_av_one_third  el_before_av_one_third  flex_column_div'     ><p>\n<style type=\"text\/css\" data-created_by=\"avia_inline_auto\" id=\"style-css-av-xflri-d61c8e7d85b30e52dd46c3e372049271\">\n.avia-image-container.av-xflri-d61c8e7d85b30e52dd46c3e372049271 img.avia_image{\nbox-shadow:none;\n}\n.avia-image-container.av-xflri-d61c8e7d85b30e52dd46c3e372049271 .av-image-caption-overlay-center{\ncolor:#ffffff;\n}\n<\/style>\n<div  class='avia-image-container av-xflri-d61c8e7d85b30e52dd46c3e372049271 av-styling- avia-align-center  avia-builder-el-13  el_before_av_heading  avia-builder-el-first'   itemprop=\"image\" itemscope=\"itemscope\" itemtype=\"https:\/\/schema.org\/ImageObject\" ><div class=\"avia-image-container-inner\"><div class=\"avia-image-overlay-wrap\"><img decoding=\"async\" fetchpriority=\"high\" class='wp-image-702 avia-img-lazy-loading-not-702 avia_image' src=\"https:\/\/veedoloil.com\/wp-content\/uploads\/2025\/05\/150-coolant-300x200.jpg\" alt='' title='150-coolant'  height=\"200\" width=\"300\"  itemprop=\"thumbnailUrl\" srcset=\"https:\/\/veedoloil.com\/wp-content\/uploads\/2025\/05\/150-coolant-300x200.jpg 300w, https:\/\/veedoloil.com\/wp-content\/uploads\/2025\/05\/150-coolant-1030x687.jpg 1030w, https:\/\/veedoloil.com\/wp-content\/uploads\/2025\/05\/150-coolant-768x512.jpg 768w, https:\/\/veedoloil.com\/wp-content\/uploads\/2025\/05\/150-coolant-18x12.jpg 18w, https:\/\/veedoloil.com\/wp-content\/uploads\/2025\/05\/150-coolant-705x470.jpg 705w, https:\/\/veedoloil.com\/wp-content\/uploads\/2025\/05\/150-coolant.jpg 1200w\" sizes=\"(max-width: 300px) 100vw, 300px\" \/><\/div><\/div><\/div><br \/>\n\n<style type=\"text\/css\" data-created_by=\"avia_inline_auto\" id=\"style-css-av-maa8ynmz-63732fc554c77fd551e4470aba8cf291\">\n#top .av-special-heading.av-maa8ynmz-63732fc554c77fd551e4470aba8cf291{\npadding-bottom:10px;\n}\nbody .av-special-heading.av-maa8ynmz-63732fc554c77fd551e4470aba8cf291 .av-special-heading-tag .heading-char{\nfont-size:25px;\n}\n.av-special-heading.av-maa8ynmz-63732fc554c77fd551e4470aba8cf291 .av-subheading{\nfont-size:15px;\n}\n<\/style>\n<div  class='av-special-heading av-maa8ynmz-63732fc554c77fd551e4470aba8cf291 av-special-heading-h3 blockquote modern-quote modern-centered  avia-builder-el-14  el_after_av_image  el_before_av_textblock'><h3 class='av-special-heading-tag'  itemprop=\"headline\"  >Veedol COOLANT HD<\/h3><div class=\"special-heading-border\"><div class=\"special-heading-inner-border\"><\/div><\/div><\/div><br \/>\n<section  class='av_textblock_section av-maa8z645-5c6e68f849a2521f8e528e88c6723d66'   itemscope=\"itemscope\" itemtype=\"https:\/\/schema.org\/CreativeWork\" ><div class='avia_textblock'  itemprop=\"text\" ><p><span style=\"font-weight: 400;\">D\u00f6k\u00fcm demirden yap\u0131lm\u0131\u015f a\u011f\u0131r hizmet tipi dizel motorlar i\u00e7in \u00f6zel olarak geli\u015ftirilmi\u015f, monoetilen glikol esasl\u0131 modern radyat\u00f6r antifriz konsantresi.<\/span><\/p>\n<\/div><\/section><br \/>\n<div  class='avia-button-wrap avia-button-center  avia-builder-el-16  el_after_av_textblock  avia-builder-el-last'>\n<style type=\"text\/css\" data-created_by=\"avia_inline_auto\" id=\"style-css-av-paacm-e48239c0fc45f671bfd29c3e241a6253\">\n#top #wrap_all .avia-button.av-paacm-e48239c0fc45f671bfd29c3e241a6253:hover{\ncolor:blue;\ntransition:all 0.4s ease-in-out;\n}\n<\/style>\n<a href='https:\/\/veedoloil.com\/tr\/2025\/05\/08\/coolants-antifreeze-3\/' class='avia-color-light avia-font-color-theme-color-highlight avia-button avia-button-fullwidth av-paacm-e48239c0fc45f671bfd29c3e241a6253 avia-icon_select-yes-left-icon avia-color-light'  ><span class='avia_button_icon avia_button_icon_left' aria-hidden='true' data-av_icon='\ue84e' data-av_iconfont='entypo-fontello'><\/span><span class='avia_iconbox_title' >Daha Fazla Bilgi<\/span><span class='avia_button_background avia-button avia-button-fullwidth avia-color-theme-color-highlight'><\/span><\/a><\/div><\/p><\/div><div  class='flex_column av-jq2se-508231ed41e2da69cf60d742b30c6858 av_one_third  avia-builder-el-17  el_after_av_one_third  avia-builder-el-last  first flex_column_div  column-top-margin'     ><p>\n<style type=\"text\/css\" data-created_by=\"avia_inline_auto\" id=\"style-css-av-fb0pi-1379f7844269bcd99310c045fc4911e9\">\n.avia-image-container.av-fb0pi-1379f7844269bcd99310c045fc4911e9 img.avia_image{\nbox-shadow:none;\n}\n.avia-image-container.av-fb0pi-1379f7844269bcd99310c045fc4911e9 .av-image-caption-overlay-center{\ncolor:#ffffff;\n}\n<\/style>\n<div  class='avia-image-container av-fb0pi-1379f7844269bcd99310c045fc4911e9 av-styling- avia-align-center  avia-builder-el-18  el_before_av_heading  avia-builder-el-first'   itemprop=\"image\" itemscope=\"itemscope\" itemtype=\"https:\/\/schema.org\/ImageObject\" ><div class=\"avia-image-container-inner\"><div class=\"avia-image-overlay-wrap\"><img decoding=\"async\" fetchpriority=\"high\" class='wp-image-702 avia-img-lazy-loading-not-702 avia_image' src=\"https:\/\/veedoloil.com\/wp-content\/uploads\/2025\/05\/150-coolant-300x200.jpg\" alt='' title='150-coolant'  height=\"200\" width=\"300\"  itemprop=\"thumbnailUrl\" srcset=\"https:\/\/veedoloil.com\/wp-content\/uploads\/2025\/05\/150-coolant-300x200.jpg 300w, https:\/\/veedoloil.com\/wp-content\/uploads\/2025\/05\/150-coolant-1030x687.jpg 1030w, https:\/\/veedoloil.com\/wp-content\/uploads\/2025\/05\/150-coolant-768x512.jpg 768w, https:\/\/veedoloil.com\/wp-content\/uploads\/2025\/05\/150-coolant-18x12.jpg 18w, https:\/\/veedoloil.com\/wp-content\/uploads\/2025\/05\/150-coolant-705x470.jpg 705w, https:\/\/veedoloil.com\/wp-content\/uploads\/2025\/05\/150-coolant.jpg 1200w\" sizes=\"(max-width: 300px) 100vw, 300px\" \/><\/div><\/div><\/div><br \/>\n\n<style type=\"text\/css\" data-created_by=\"avia_inline_auto\" id=\"style-css-av-maa8zqrf-8e197b668671c50b9aa1b960367e29b2\">\n#top .av-special-heading.av-maa8zqrf-8e197b668671c50b9aa1b960367e29b2{\npadding-bottom:10px;\n}\nbody .av-special-heading.av-maa8zqrf-8e197b668671c50b9aa1b960367e29b2 .av-special-heading-tag .heading-char{\nfont-size:25px;\n}\n.av-special-heading.av-maa8zqrf-8e197b668671c50b9aa1b960367e29b2 .av-subheading{\nfont-size:15px;\n}\n<\/style>\n<div  class='av-special-heading av-maa8zqrf-8e197b668671c50b9aa1b960367e29b2 av-special-heading-h3 blockquote modern-quote modern-centered  avia-builder-el-19  el_after_av_image  el_before_av_textblock'><h3 class='av-special-heading-tag'  itemprop=\"headline\"  >Veedol COOLANT 13<\/h3><div class=\"special-heading-border\"><div class=\"special-heading-inner-border\"><\/div><\/div><\/div><br \/>\n<section  class='av_textblock_section av-maa909gc-f31895b0646c01134a1eaf601e1bd7b8'   itemscope=\"itemscope\" itemtype=\"https:\/\/schema.org\/CreativeWork\" ><div class='avia_textblock'  itemprop=\"text\" ><p><span style=\"font-weight: 400;\">Modern binek ara\u00e7 ve kamyon motorlar\u0131 i\u00e7in uygun, etilen glikol ve gliserol esasl\u0131 silikat i\u00e7erikli so\u011futma suyu konsantresi.<\/span><\/p>\n<\/div><\/section><br \/>\n<div  class='avia-button-wrap avia-button-center  avia-builder-el-21  el_after_av_textblock  avia-builder-el-last'>\n<style type=\"text\/css\" data-created_by=\"avia_inline_auto\" id=\"style-css-av-b4zh2-17cc483b4759dd7d0e1f5fe0dbaa933c\">\n#top #wrap_all .avia-button.av-b4zh2-17cc483b4759dd7d0e1f5fe0dbaa933c:hover{\ncolor:blue;\ntransition:all 0.4s ease-in-out;\n}\n<\/style>\n<a href='https:\/\/veedoloil.com\/tr\/2025\/05\/08\/coolants-antifreeze-4\/' class='avia-color-light avia-font-color-theme-color-highlight avia-button avia-button-fullwidth av-b4zh2-17cc483b4759dd7d0e1f5fe0dbaa933c avia-icon_select-yes-left-icon avia-color-light'  ><span class='avia_button_icon avia_button_icon_left' aria-hidden='true' data-av_icon='\ue84e' data-av_iconfont='entypo-fontello'><\/span><span class='avia_iconbox_title' >Daha Fazla Bilgi<\/span><span class='avia_button_background avia-button avia-button-fullwidth avia-color-theme-color-highlight'><\/span><\/a><\/div><\/p><\/div><\/p>","protected":false},"excerpt":{"rendered":"","protected":false},"author":1,"featured_media":0,"parent":25,"menu_order":0,"comment_status":"closed","ping_status":"closed","template":"","meta":{"footnotes":""},"class_list":["post-374","page","type-page","status-publish","hentry"],"_links":{"self":[{"href":"https:\/\/veedoloil.com\/tr\/wp-json\/wp\/v2\/pages\/374","targetHints":{"allow":["GET"]}}],"collection":[{"href":"https:\/\/veedoloil.com\/tr\/wp-json\/wp\/v2\/pages"}],"about":[{"href":"https:\/\/veedoloil.com\/tr\/wp-json\/wp\/v2\/types\/page"}],"author":[{"embeddable":true,"href":"https:\/\/veedoloil.com\/tr\/wp-json\/wp\/v2\/users\/1"}],"replies":[{"embeddable":true,"href":"https:\/\/veedoloil.com\/tr\/wp-json\/wp\/v2\/comments?post=374"}],"version-history":[{"count":6,"href":"https:\/\/veedoloil.com\/tr\/wp-json\/wp\/v2\/pages\/374\/revisions"}],"predecessor-version":[{"id":1484,"href":"https:\/\/veedoloil.com\/tr\/wp-json\/wp\/v2\/pages\/374\/revisions\/1484"}],"up":[{"embeddable":true,"href":"https:\/\/veedoloil.com\/tr\/wp-json\/wp\/v2\/pages\/25"}],"wp:attachment":[{"href":"https:\/\/veedoloil.com\/tr\/wp-json\/wp\/v2\/media?parent=374"}],"curies":[{"name":"wp","href":"https:\/\/api.w.org\/{rel}","templated":true}]}}