{"id":376,"date":"2025-05-01T01:45:41","date_gmt":"2025-04-30T22:45:41","guid":{"rendered":"https:\/\/veedoloil.com\/?page_id=376"},"modified":"2025-05-28T03:17:13","modified_gmt":"2025-05-28T00:17:13","slug":"metalworking","status":"publish","type":"page","link":"https:\/\/veedoloil.com\/tr\/products\/metalworking\/","title":{"rendered":"Metal \u0130\u015fleme"},"content":{"rendered":"<style type=\"text\/css\" data-created_by=\"avia_inline_auto\" id=\"style-css-av-ma4ex04u-e0d2a82fb56ad1755e137d86f145a7b7\">\n#top .av-special-heading.av-ma4ex04u-e0d2a82fb56ad1755e137d86f145a7b7{\npadding-bottom:10px;\n}\nbody .av-special-heading.av-ma4ex04u-e0d2a82fb56ad1755e137d86f145a7b7 .av-special-heading-tag .heading-char{\nfont-size:25px;\n}\n.av-special-heading.av-ma4ex04u-e0d2a82fb56ad1755e137d86f145a7b7 .av-subheading{\nfont-size:15px;\n}\n<\/style>\n<div  class='av-special-heading av-ma4ex04u-e0d2a82fb56ad1755e137d86f145a7b7 av-special-heading-h3 blockquote modern-quote modern-centered  avia-builder-el-0  el_before_av_hr  avia-builder-el-first'><h3 class='av-special-heading-tag'  itemprop=\"headline\"  >Metal \u0130\u015fleme<\/h3><div class=\"special-heading-border\"><div class=\"special-heading-inner-border\"><\/div><\/div><\/div>\n<div  class='hr av-22rqv5-d6128ddb2a338a03acb462123322e2a5 hr-default  avia-builder-el-1  el_after_av_heading  el_before_av_one_third'><span class='hr-inner'><span class=\"hr-inner-style\"><\/span><\/span><\/div>\n<div  class='flex_column av-1y1zr5-8ec9fdad24668597162fca75d5b17374 av_one_third  avia-builder-el-2  el_after_av_hr  el_before_av_one_third  first flex_column_div'     ><p>\n<style type=\"text\/css\" data-created_by=\"avia_inline_auto\" id=\"style-css-av-ma4fgaqq-b914a49d6deff60bedfeb878a751feb3\">\n.avia-image-container.av-ma4fgaqq-b914a49d6deff60bedfeb878a751feb3 img.avia_image{\nbox-shadow:none;\n}\n.avia-image-container.av-ma4fgaqq-b914a49d6deff60bedfeb878a751feb3 .av-image-caption-overlay-center{\ncolor:#ffffff;\n}\n<\/style>\n<div  class='avia-image-container av-ma4fgaqq-b914a49d6deff60bedfeb878a751feb3 av-styling- avia-align-center  avia-builder-el-3  el_before_av_heading  avia-builder-el-first'   itemprop=\"image\" itemscope=\"itemscope\" itemtype=\"https:\/\/schema.org\/ImageObject\" ><div class=\"avia-image-container-inner\"><div class=\"avia-image-overlay-wrap\"><img decoding=\"async\" fetchpriority=\"high\" class='wp-image-706 avia-img-lazy-loading-not-706 avia_image' src=\"https:\/\/veedoloil.com\/wp-content\/uploads\/2025\/05\/154-cutting-300x200.jpg\" alt='' title='154-cutting'  height=\"200\" width=\"300\"  itemprop=\"thumbnailUrl\" srcset=\"https:\/\/veedoloil.com\/wp-content\/uploads\/2025\/05\/154-cutting-300x200.jpg 300w, https:\/\/veedoloil.com\/wp-content\/uploads\/2025\/05\/154-cutting-18x12.jpg 18w, https:\/\/veedoloil.com\/wp-content\/uploads\/2025\/05\/154-cutting.jpg 470w\" sizes=\"(max-width: 300px) 100vw, 300px\" \/><\/div><\/div><\/div><br \/>\n\n<style type=\"text\/css\" data-created_by=\"avia_inline_auto\" id=\"style-css-av-ma4fgkrt-a07695d003b607f96be46974ddc6c52f\">\n#top .av-special-heading.av-ma4fgkrt-a07695d003b607f96be46974ddc6c52f{\npadding-bottom:10px;\n}\nbody .av-special-heading.av-ma4fgkrt-a07695d003b607f96be46974ddc6c52f .av-special-heading-tag .heading-char{\nfont-size:25px;\n}\n.av-special-heading.av-ma4fgkrt-a07695d003b607f96be46974ddc6c52f .av-subheading{\nfont-size:15px;\n}\n<\/style>\n<div  class='av-special-heading av-ma4fgkrt-a07695d003b607f96be46974ddc6c52f av-special-heading-h3 blockquote modern-quote modern-centered  avia-builder-el-4  el_after_av_image  el_before_av_textblock'><h3 class='av-special-heading-tag'  itemprop=\"headline\"  >Veedol MWW FLUID BF22<\/h3><div class=\"special-heading-border\"><div class=\"special-heading-inner-border\"><\/div><\/div><\/div><br \/>\n<section  class='av_textblock_section av-ma4fjclv-5a4695074ce9fd752f72b84c9200bc16'   itemscope=\"itemscope\" itemtype=\"https:\/\/schema.org\/CreativeWork\" ><div class='avia_textblock'  itemprop=\"text\" ><p><span style=\"font-weight: 400;\">Mineral ya\u011f bazl\u0131, bor i\u00e7ermeyen, suyla kar\u0131\u015fabilen so\u011futma ya\u011f\u0131. \u00c7elik, paslanmaz \u00e7elik, d\u00f6kme demir ve al\u00fcminyumun hafif ve orta i\u015flemeleri i\u00e7in \u00e7ok i\u015flevli olarak uygundur.<\/span><\/p>\n<\/div><\/section><br \/>\n<div  class='avia-button-wrap avia-button-center  avia-builder-el-6  el_after_av_textblock  avia-builder-el-last'>\n<style type=\"text\/css\" data-created_by=\"avia_inline_auto\" id=\"style-css-av-ma4g7m9w-002666640f9bd787749adf1de8bde4ea\">\n#top #wrap_all .avia-button.av-ma4g7m9w-002666640f9bd787749adf1de8bde4ea:hover{\ncolor:blue;\ntransition:all 0.4s ease-in-out;\n}\n<\/style>\n<a href='https:\/\/veedoloil.com\/tr\/2025\/05\/08\/metalworking-1\/' class='avia-color-light avia-font-color-theme-color-highlight avia-button avia-button-fullwidth av-ma4g7m9w-002666640f9bd787749adf1de8bde4ea avia-icon_select-yes-left-icon avia-color-light'  ><span class='avia_button_icon avia_button_icon_left' aria-hidden='true' data-av_icon='\ue84e' data-av_iconfont='entypo-fontello'><\/span><span class='avia_iconbox_title' >Daha Fazla Bilgi<\/span><span class='avia_button_background avia-button avia-button-fullwidth avia-color-theme-color-highlight'><\/span><\/a><\/div><\/p><\/div><div  class='flex_column av-1qmvg0-0b768edc12c845f5c84d78d78be07ddb av_one_third  avia-builder-el-7  el_after_av_one_third  el_before_av_one_third  flex_column_div'     ><p>\n<style type=\"text\/css\" data-created_by=\"avia_inline_auto\" id=\"style-css-av-1l0uao-122cf8a70bfca884b7518dc87c8cefec\">\n.avia-image-container.av-1l0uao-122cf8a70bfca884b7518dc87c8cefec img.avia_image{\nbox-shadow:none;\n}\n.avia-image-container.av-1l0uao-122cf8a70bfca884b7518dc87c8cefec .av-image-caption-overlay-center{\ncolor:#ffffff;\n}\n<\/style>\n<div  class='avia-image-container av-1l0uao-122cf8a70bfca884b7518dc87c8cefec av-styling- avia-align-center  avia-builder-el-8  el_before_av_heading  avia-builder-el-first'   itemprop=\"image\" itemscope=\"itemscope\" itemtype=\"https:\/\/schema.org\/ImageObject\" ><div class=\"avia-image-container-inner\"><div class=\"avia-image-overlay-wrap\"><img decoding=\"async\" fetchpriority=\"high\" class='wp-image-706 avia-img-lazy-loading-not-706 avia_image' src=\"https:\/\/veedoloil.com\/wp-content\/uploads\/2025\/05\/154-cutting-300x200.jpg\" alt='' title='154-cutting'  height=\"200\" width=\"300\"  itemprop=\"thumbnailUrl\" srcset=\"https:\/\/veedoloil.com\/wp-content\/uploads\/2025\/05\/154-cutting-300x200.jpg 300w, https:\/\/veedoloil.com\/wp-content\/uploads\/2025\/05\/154-cutting-18x12.jpg 18w, https:\/\/veedoloil.com\/wp-content\/uploads\/2025\/05\/154-cutting.jpg 470w\" sizes=\"(max-width: 300px) 100vw, 300px\" \/><\/div><\/div><\/div><br \/>\n\n<style type=\"text\/css\" data-created_by=\"avia_inline_auto\" id=\"style-css-av-4x7x4-a4273019eee29749e1c7e6fb92fe49e4\">\n#top .av-special-heading.av-4x7x4-a4273019eee29749e1c7e6fb92fe49e4{\npadding-bottom:10px;\n}\nbody .av-special-heading.av-4x7x4-a4273019eee29749e1c7e6fb92fe49e4 .av-special-heading-tag .heading-char{\nfont-size:25px;\n}\n.av-special-heading.av-4x7x4-a4273019eee29749e1c7e6fb92fe49e4 .av-subheading{\nfont-size:15px;\n}\n<\/style>\n<div  class='av-special-heading av-4x7x4-a4273019eee29749e1c7e6fb92fe49e4 av-special-heading-h3 blockquote modern-quote modern-centered  avia-builder-el-9  el_after_av_image  el_before_av_textblock'><h3 class='av-special-heading-tag'  itemprop=\"headline\"  >Veedol MWW FLUID BF 22 PLUS<\/h3><div class=\"special-heading-border\"><div class=\"special-heading-inner-border\"><\/div><\/div><\/div><br \/>\n<section  class='av_textblock_section av-16c5w0-b70d231434e3066a4205012f9edfe157'   itemscope=\"itemscope\" itemtype=\"https:\/\/schema.org\/CreativeWork\" ><div class='avia_textblock'  itemprop=\"text\" ><p><span style=\"font-weight: 400;\">\u00c7elik, paslanmaz \u00e7elik, d\u00f6kme demir, al\u00fcminyum ve magnezyumun orta ve a\u011f\u0131r tala\u015fl\u0131 i\u015flenmesinde \u00e7ok i\u015flevli kullan\u0131ma y\u00f6nelik suyla kar\u0131\u015fabilen so\u011futma ya\u011f\u0131.<\/span><\/p>\n<\/div><\/section><br \/>\n<div  class='avia-button-wrap avia-button-center  avia-builder-el-11  el_after_av_textblock  avia-builder-el-last'>\n<style type=\"text\/css\" data-created_by=\"avia_inline_auto\" id=\"style-css-av-1201io-f30f591896b7830c327ad7d5d2f36bd1\">\n#top #wrap_all .avia-button.av-1201io-f30f591896b7830c327ad7d5d2f36bd1:hover{\ncolor:blue;\ntransition:all 0.4s ease-in-out;\n}\n<\/style>\n<a href='https:\/\/veedoloil.com\/tr\/2025\/05\/08\/metalworking-2\/' class='avia-color-light avia-font-color-theme-color-highlight avia-button avia-button-fullwidth av-1201io-f30f591896b7830c327ad7d5d2f36bd1 avia-icon_select-yes-left-icon avia-color-light'  ><span class='avia_button_icon avia_button_icon_left' aria-hidden='true' data-av_icon='\ue84e' data-av_iconfont='entypo-fontello'><\/span><span class='avia_iconbox_title' >Daha Fazla Bilgi<\/span><span class='avia_button_background avia-button avia-button-fullwidth avia-color-theme-color-highlight'><\/span><\/a><\/div><\/p><\/div><div  class='flex_column av-v48zs-06eaa25214cfc2667b99de2bbdb04743 av_one_third  avia-builder-el-12  el_after_av_one_third  avia-builder-el-last  flex_column_div'     ><p>\n<style type=\"text\/css\" data-created_by=\"avia_inline_auto\" id=\"style-css-av-rxjd4-4e3dd895e12fefb79a51787ca8cfb3c8\">\n.avia-image-container.av-rxjd4-4e3dd895e12fefb79a51787ca8cfb3c8 img.avia_image{\nbox-shadow:none;\n}\n.avia-image-container.av-rxjd4-4e3dd895e12fefb79a51787ca8cfb3c8 .av-image-caption-overlay-center{\ncolor:#ffffff;\n}\n<\/style>\n<div  class='avia-image-container av-rxjd4-4e3dd895e12fefb79a51787ca8cfb3c8 av-styling- avia-align-center  avia-builder-el-13  el_before_av_heading  avia-builder-el-first'   itemprop=\"image\" itemscope=\"itemscope\" itemtype=\"https:\/\/schema.org\/ImageObject\" ><div class=\"avia-image-container-inner\"><div class=\"avia-image-overlay-wrap\"><img decoding=\"async\" fetchpriority=\"high\" class='wp-image-706 avia-img-lazy-loading-not-706 avia_image' src=\"https:\/\/veedoloil.com\/wp-content\/uploads\/2025\/05\/154-cutting-300x200.jpg\" alt='' title='154-cutting'  height=\"200\" width=\"300\"  itemprop=\"thumbnailUrl\" srcset=\"https:\/\/veedoloil.com\/wp-content\/uploads\/2025\/05\/154-cutting-300x200.jpg 300w, https:\/\/veedoloil.com\/wp-content\/uploads\/2025\/05\/154-cutting-18x12.jpg 18w, https:\/\/veedoloil.com\/wp-content\/uploads\/2025\/05\/154-cutting.jpg 470w\" sizes=\"(max-width: 300px) 100vw, 300px\" \/><\/div><\/div><\/div><br \/>\n\n<style type=\"text\/css\" data-created_by=\"avia_inline_auto\" id=\"style-css-av-j8mpc-ba05e20d6548e4a8cefbe5a79adbb225\">\n#top .av-special-heading.av-j8mpc-ba05e20d6548e4a8cefbe5a79adbb225{\npadding-bottom:10px;\n}\nbody .av-special-heading.av-j8mpc-ba05e20d6548e4a8cefbe5a79adbb225 .av-special-heading-tag .heading-char{\nfont-size:25px;\n}\n.av-special-heading.av-j8mpc-ba05e20d6548e4a8cefbe5a79adbb225 .av-subheading{\nfont-size:15px;\n}\n<\/style>\n<div  class='av-special-heading av-j8mpc-ba05e20d6548e4a8cefbe5a79adbb225 av-special-heading-h3 blockquote modern-quote modern-centered  avia-builder-el-14  el_after_av_image  el_before_av_textblock'><h3 class='av-special-heading-tag'  itemprop=\"headline\"  >Veedol MWW FLUID BF 21 ECO<\/h3><div class=\"special-heading-border\"><div class=\"special-heading-inner-border\"><\/div><\/div><\/div><br \/>\n<section  class='av_textblock_section av-feq74-1fc68670f786bdd28df80267e04defdb'   itemscope=\"itemscope\" itemtype=\"https:\/\/schema.org\/CreativeWork\" ><div class='avia_textblock'  itemprop=\"text\" ><p><span style=\"font-weight: 400;\">Mineral ya\u011f bazl\u0131, bor i\u00e7ermeyen, suyla kar\u0131\u015fabilen so\u011futma ya\u011f\u0131. Formaldehit sal\u0131c\u0131 maddeler i\u00e7ermez.<\/span><\/p>\n<\/div><\/section><br \/>\n<div  class='avia-button-wrap avia-button-center  avia-builder-el-16  el_after_av_textblock  avia-builder-el-last'>\n<style type=\"text\/css\" data-created_by=\"avia_inline_auto\" id=\"style-css-av-6mcjc-205f2d064a8735ddac41176f9ea7fb2e\">\n#top #wrap_all .avia-button.av-6mcjc-205f2d064a8735ddac41176f9ea7fb2e:hover{\ncolor:blue;\ntransition:all 0.4s ease-in-out;\n}\n<\/style>\n<a href='https:\/\/veedoloil.com\/tr\/2025\/05\/08\/metalworking-3\/' class='avia-color-light avia-font-color-theme-color-highlight avia-button avia-button-fullwidth av-6mcjc-205f2d064a8735ddac41176f9ea7fb2e avia-icon_select-yes-left-icon avia-color-light'  ><span class='avia_button_icon avia_button_icon_left' aria-hidden='true' data-av_icon='\ue84e' data-av_iconfont='entypo-fontello'><\/span><span class='avia_iconbox_title' >Daha Fazla Bilgi<\/span><span class='avia_button_background avia-button avia-button-fullwidth avia-color-theme-color-highlight'><\/span><\/a><\/div><\/p><\/div><\/p>","protected":false},"excerpt":{"rendered":"","protected":false},"author":1,"featured_media":0,"parent":25,"menu_order":0,"comment_status":"closed","ping_status":"closed","template":"","meta":{"footnotes":""},"class_list":["post-376","page","type-page","status-publish","hentry"],"_links":{"self":[{"href":"https:\/\/veedoloil.com\/tr\/wp-json\/wp\/v2\/pages\/376","targetHints":{"allow":["GET"]}}],"collection":[{"href":"https:\/\/veedoloil.com\/tr\/wp-json\/wp\/v2\/pages"}],"about":[{"href":"https:\/\/veedoloil.com\/tr\/wp-json\/wp\/v2\/types\/page"}],"author":[{"embeddable":true,"href":"https:\/\/veedoloil.com\/tr\/wp-json\/wp\/v2\/users\/1"}],"replies":[{"embeddable":true,"href":"https:\/\/veedoloil.com\/tr\/wp-json\/wp\/v2\/comments?post=376"}],"version-history":[{"count":5,"href":"https:\/\/veedoloil.com\/tr\/wp-json\/wp\/v2\/pages\/376\/revisions"}],"predecessor-version":[{"id":1485,"href":"https:\/\/veedoloil.com\/tr\/wp-json\/wp\/v2\/pages\/376\/revisions\/1485"}],"up":[{"embeddable":true,"href":"https:\/\/veedoloil.com\/tr\/wp-json\/wp\/v2\/pages\/25"}],"wp:attachment":[{"href":"https:\/\/veedoloil.com\/tr\/wp-json\/wp\/v2\/media?parent=376"}],"curies":[{"name":"wp","href":"https:\/\/api.w.org\/{rel}","templated":true}]}}