{"id":378,"date":"2025-05-01T01:47:07","date_gmt":"2025-04-30T22:47:07","guid":{"rendered":"https:\/\/veedoloil.com\/?page_id=378"},"modified":"2025-05-28T03:22:24","modified_gmt":"2025-05-28T00:22:24","slug":"a-c-compressor-oils","status":"publish","type":"page","link":"https:\/\/veedoloil.com\/tr\/products\/a-c-compressor-oils\/","title":{"rendered":"A\/C Kompres\u00f6r Ya\u011flar\u0131"},"content":{"rendered":"<style type=\"text\/css\" data-created_by=\"avia_inline_auto\" id=\"style-css-av-ma4ex04u-6c57a950fddd69ce864fc7b967f8120b\">\n#top .av-special-heading.av-ma4ex04u-6c57a950fddd69ce864fc7b967f8120b{\npadding-bottom:10px;\n}\nbody .av-special-heading.av-ma4ex04u-6c57a950fddd69ce864fc7b967f8120b .av-special-heading-tag .heading-char{\nfont-size:25px;\n}\n.av-special-heading.av-ma4ex04u-6c57a950fddd69ce864fc7b967f8120b .av-subheading{\nfont-size:15px;\n}\n<\/style>\n<div  class='av-special-heading av-ma4ex04u-6c57a950fddd69ce864fc7b967f8120b av-special-heading-h3 blockquote modern-quote modern-centered  avia-builder-el-0  el_before_av_hr  avia-builder-el-first'><h3 class='av-special-heading-tag'  itemprop=\"headline\"  >A\/C Kompres\u00f6r Ya\u011flar\u0131<\/h3><div class=\"special-heading-border\"><div class=\"special-heading-inner-border\"><\/div><\/div><\/div>\n<div  class='hr av-22rqv5-d6128ddb2a338a03acb462123322e2a5 hr-default  avia-builder-el-1  el_after_av_heading  el_before_av_one_third'><span class='hr-inner'><span class=\"hr-inner-style\"><\/span><\/span><\/div>\n<div  class='flex_column av-1y1zr5-8ec9fdad24668597162fca75d5b17374 av_one_third  avia-builder-el-2  el_after_av_hr  el_before_av_one_third  first flex_column_div'     ><p>\n<style type=\"text\/css\" data-created_by=\"avia_inline_auto\" id=\"style-css-av-ma4fgaqq-3c321c87162800d87e0bca79082efee4\">\n.avia-image-container.av-ma4fgaqq-3c321c87162800d87e0bca79082efee4 img.avia_image{\nbox-shadow:none;\n}\n.avia-image-container.av-ma4fgaqq-3c321c87162800d87e0bca79082efee4 .av-image-caption-overlay-center{\ncolor:#ffffff;\n}\n<\/style>\n<div  class='avia-image-container av-ma4fgaqq-3c321c87162800d87e0bca79082efee4 av-styling- avia-align-center  avia-builder-el-3  el_before_av_heading  avia-builder-el-first'   itemprop=\"image\" itemscope=\"itemscope\" itemtype=\"https:\/\/schema.org\/ImageObject\" ><div class=\"avia-image-container-inner\"><div class=\"avia-image-overlay-wrap\"><img decoding=\"async\" fetchpriority=\"high\" class='wp-image-717 avia-img-lazy-loading-not-717 avia_image' src=\"https:\/\/veedoloil.com\/wp-content\/uploads\/2025\/05\/157-pag-oil-100-300x200.jpg\" alt='' title='157-pag-oil-100'  height=\"200\" width=\"300\"  itemprop=\"thumbnailUrl\" srcset=\"https:\/\/veedoloil.com\/wp-content\/uploads\/2025\/05\/157-pag-oil-100-300x200.jpg 300w, https:\/\/veedoloil.com\/wp-content\/uploads\/2025\/05\/157-pag-oil-100-1030x687.jpg 1030w, https:\/\/veedoloil.com\/wp-content\/uploads\/2025\/05\/157-pag-oil-100-768x512.jpg 768w, https:\/\/veedoloil.com\/wp-content\/uploads\/2025\/05\/157-pag-oil-100-18x12.jpg 18w, https:\/\/veedoloil.com\/wp-content\/uploads\/2025\/05\/157-pag-oil-100-705x470.jpg 705w, https:\/\/veedoloil.com\/wp-content\/uploads\/2025\/05\/157-pag-oil-100.jpg 1200w\" sizes=\"(max-width: 300px) 100vw, 300px\" \/><\/div><\/div><\/div><br \/>\n\n<style type=\"text\/css\" data-created_by=\"avia_inline_auto\" id=\"style-css-av-ma4fgkrt-95e205319b9a3ba51723f3494ea12d2b\">\n#top .av-special-heading.av-ma4fgkrt-95e205319b9a3ba51723f3494ea12d2b{\npadding-bottom:10px;\n}\nbody .av-special-heading.av-ma4fgkrt-95e205319b9a3ba51723f3494ea12d2b .av-special-heading-tag .heading-char{\nfont-size:25px;\n}\n.av-special-heading.av-ma4fgkrt-95e205319b9a3ba51723f3494ea12d2b .av-subheading{\nfont-size:15px;\n}\n<\/style>\n<div  class='av-special-heading av-ma4fgkrt-95e205319b9a3ba51723f3494ea12d2b av-special-heading-h3 blockquote modern-quote modern-centered  avia-builder-el-4  el_after_av_image  el_before_av_textblock'><h3 class='av-special-heading-tag'  itemprop=\"headline\"  >Veedol PAG OIL Series<\/h3><div class=\"special-heading-border\"><div class=\"special-heading-inner-border\"><\/div><\/div><\/div><br \/>\n<section  class='av_textblock_section av-ma4fjclv-5a4695074ce9fd752f72b84c9200bc16'   itemscope=\"itemscope\" itemtype=\"https:\/\/schema.org\/CreativeWork\" ><div class='avia_textblock'  itemprop=\"text\" ><p><span style=\"font-weight: 400;\">R134a so\u011futucu ak\u0131\u015fkan kullanan klima sistemleri i\u00e7in sentetik polialkilen glikol esasl\u0131 so\u011futma kompres\u00f6r ya\u011f\u0131.<\/span><\/p>\n<\/div><\/section><br \/>\n<div  class='avia-button-wrap avia-button-center  avia-builder-el-6  el_after_av_textblock  avia-builder-el-last'>\n<style type=\"text\/css\" data-created_by=\"avia_inline_auto\" id=\"style-css-av-ma4g7m9w-457859182788cdd608f324e3fb07f1f0\">\n#top #wrap_all .avia-button.av-ma4g7m9w-457859182788cdd608f324e3fb07f1f0:hover{\ncolor:blue;\ntransition:all 0.4s ease-in-out;\n}\n<\/style>\n<a href='https:\/\/veedoloil.com\/tr\/2025\/05\/08\/air-conditioning-compressor-oils\/' class='avia-color-light avia-font-color-theme-color-highlight avia-button avia-button-fullwidth av-ma4g7m9w-457859182788cdd608f324e3fb07f1f0 avia-icon_select-yes-left-icon avia-color-light'  ><span class='avia_button_icon avia_button_icon_left' aria-hidden='true' data-av_icon='\ue84e' data-av_iconfont='entypo-fontello'><\/span><span class='avia_iconbox_title' >Daha Fazla Bilgi<\/span><span class='avia_button_background avia-button avia-button-fullwidth avia-color-theme-color-highlight'><\/span><\/a><\/div><\/p><\/div><div  class='flex_column av-3xymq-46842ffea097c495f83bb9623fda80e6 av_one_third  avia-builder-el-7  el_after_av_one_third  el_before_av_one_third  flex_column_div'     ><p>\n<style type=\"text\/css\" data-created_by=\"avia_inline_auto\" id=\"style-css-av-yxicq-8b10589397904a9f221aad8c844d4e37\">\n.avia-image-container.av-yxicq-8b10589397904a9f221aad8c844d4e37 img.avia_image{\nbox-shadow:none;\n}\n.avia-image-container.av-yxicq-8b10589397904a9f221aad8c844d4e37 .av-image-caption-overlay-center{\ncolor:#ffffff;\n}\n<\/style>\n<div  class='avia-image-container av-yxicq-8b10589397904a9f221aad8c844d4e37 av-styling- avia-align-center  avia-builder-el-8  el_before_av_heading  avia-builder-el-first'   itemprop=\"image\" itemscope=\"itemscope\" itemtype=\"https:\/\/schema.org\/ImageObject\" ><div class=\"avia-image-container-inner\"><div class=\"avia-image-overlay-wrap\"><img decoding=\"async\" fetchpriority=\"high\" class='wp-image-717 avia-img-lazy-loading-not-717 avia_image' src=\"https:\/\/veedoloil.com\/wp-content\/uploads\/2025\/05\/157-pag-oil-100-300x200.jpg\" alt='' title='157-pag-oil-100'  height=\"200\" width=\"300\"  itemprop=\"thumbnailUrl\" srcset=\"https:\/\/veedoloil.com\/wp-content\/uploads\/2025\/05\/157-pag-oil-100-300x200.jpg 300w, https:\/\/veedoloil.com\/wp-content\/uploads\/2025\/05\/157-pag-oil-100-1030x687.jpg 1030w, https:\/\/veedoloil.com\/wp-content\/uploads\/2025\/05\/157-pag-oil-100-768x512.jpg 768w, https:\/\/veedoloil.com\/wp-content\/uploads\/2025\/05\/157-pag-oil-100-18x12.jpg 18w, https:\/\/veedoloil.com\/wp-content\/uploads\/2025\/05\/157-pag-oil-100-705x470.jpg 705w, https:\/\/veedoloil.com\/wp-content\/uploads\/2025\/05\/157-pag-oil-100.jpg 1200w\" sizes=\"(max-width: 300px) 100vw, 300px\" \/><\/div><\/div><\/div><br \/>\n\n<style type=\"text\/css\" data-created_by=\"avia_inline_auto\" id=\"style-css-av-mabar510-1cf5f71bfe2cfbb4a8c36e6e2dee2774\">\n#top .av-special-heading.av-mabar510-1cf5f71bfe2cfbb4a8c36e6e2dee2774{\npadding-bottom:10px;\n}\nbody .av-special-heading.av-mabar510-1cf5f71bfe2cfbb4a8c36e6e2dee2774 .av-special-heading-tag .heading-char{\nfont-size:25px;\n}\n.av-special-heading.av-mabar510-1cf5f71bfe2cfbb4a8c36e6e2dee2774 .av-subheading{\nfont-size:15px;\n}\n<\/style>\n<div  class='av-special-heading av-mabar510-1cf5f71bfe2cfbb4a8c36e6e2dee2774 av-special-heading-h3 blockquote modern-quote modern-centered  avia-builder-el-9  el_after_av_image  el_before_av_textblock'><h3 class='av-special-heading-tag'  itemprop=\"headline\"  >Veedol PAG OIL YF Series<\/h3><div class=\"special-heading-border\"><div class=\"special-heading-inner-border\"><\/div><\/div><\/div><br \/>\n<section  class='av_textblock_section av-mabarqd4-59155201a63fb0c618995afe5375533d'   itemscope=\"itemscope\" itemtype=\"https:\/\/schema.org\/CreativeWork\" ><div class='avia_textblock'  itemprop=\"text\" ><p><span style=\"font-weight: 400;\">HFO 1234yf veya R134a so\u011futucu ak\u0131\u015fkan kullanan klima sistemleri i\u00e7in sentetik polialkilen glikol bazl\u0131 so\u011futma kompres\u00f6r ya\u011f\u0131.<\/span><\/p>\n<\/div><\/section><br \/>\n<div  class='avia-button-wrap avia-button-center  avia-builder-el-11  el_after_av_textblock  avia-builder-el-last'>\n<style type=\"text\/css\" data-created_by=\"avia_inline_auto\" id=\"style-css-av-tmnze-1e51806119431070f4688d78786fff6f\">\n#top #wrap_all .avia-button.av-tmnze-1e51806119431070f4688d78786fff6f:hover{\ncolor:blue;\ntransition:all 0.4s ease-in-out;\n}\n<\/style>\n<a href='https:\/\/veedoloil.com\/tr\/2025\/05\/08\/air-conditioning-compressor-oils-2\/' class='avia-color-light avia-font-color-theme-color-highlight avia-button avia-button-fullwidth av-tmnze-1e51806119431070f4688d78786fff6f avia-icon_select-yes-left-icon avia-color-light'  ><span class='avia_button_icon avia_button_icon_left' aria-hidden='true' data-av_icon='\ue84e' data-av_iconfont='entypo-fontello'><\/span><span class='avia_iconbox_title' >Daha Fazla Bilgi<\/span><span class='avia_button_background avia-button avia-button-fullwidth avia-color-theme-color-highlight'><\/span><\/a><\/div><\/p><\/div><div  class='flex_column av-mw8cy-6c8caf95cdc4c5c10cd8403a8ad54d6f av_one_third  avia-builder-el-12  el_after_av_one_third  avia-builder-el-last  flex_column_div'     ><p>\n<style type=\"text\/css\" data-created_by=\"avia_inline_auto\" id=\"style-css-av-dgg3u-2dbe8ba1f6a200107027677864a84d49\">\n.avia-image-container.av-dgg3u-2dbe8ba1f6a200107027677864a84d49 img.avia_image{\nbox-shadow:none;\n}\n.avia-image-container.av-dgg3u-2dbe8ba1f6a200107027677864a84d49 .av-image-caption-overlay-center{\ncolor:#ffffff;\n}\n<\/style>\n<div  class='avia-image-container av-dgg3u-2dbe8ba1f6a200107027677864a84d49 av-styling- avia-align-center  avia-builder-el-13  el_before_av_heading  avia-builder-el-first'   itemprop=\"image\" itemscope=\"itemscope\" itemtype=\"https:\/\/schema.org\/ImageObject\" ><div class=\"avia-image-container-inner\"><div class=\"avia-image-overlay-wrap\"><img decoding=\"async\" fetchpriority=\"high\" class='wp-image-717 avia-img-lazy-loading-not-717 avia_image' src=\"https:\/\/veedoloil.com\/wp-content\/uploads\/2025\/05\/157-pag-oil-100-300x200.jpg\" alt='' title='157-pag-oil-100'  height=\"200\" width=\"300\"  itemprop=\"thumbnailUrl\" srcset=\"https:\/\/veedoloil.com\/wp-content\/uploads\/2025\/05\/157-pag-oil-100-300x200.jpg 300w, https:\/\/veedoloil.com\/wp-content\/uploads\/2025\/05\/157-pag-oil-100-1030x687.jpg 1030w, https:\/\/veedoloil.com\/wp-content\/uploads\/2025\/05\/157-pag-oil-100-768x512.jpg 768w, https:\/\/veedoloil.com\/wp-content\/uploads\/2025\/05\/157-pag-oil-100-18x12.jpg 18w, https:\/\/veedoloil.com\/wp-content\/uploads\/2025\/05\/157-pag-oil-100-705x470.jpg 705w, https:\/\/veedoloil.com\/wp-content\/uploads\/2025\/05\/157-pag-oil-100.jpg 1200w\" sizes=\"(max-width: 300px) 100vw, 300px\" \/><\/div><\/div><\/div><br \/>\n\n<style type=\"text\/css\" data-created_by=\"avia_inline_auto\" id=\"style-css-av-mabas74l-ea84df13813c5d6f92983258794e6f00\">\n#top .av-special-heading.av-mabas74l-ea84df13813c5d6f92983258794e6f00{\npadding-bottom:10px;\n}\nbody .av-special-heading.av-mabas74l-ea84df13813c5d6f92983258794e6f00 .av-special-heading-tag .heading-char{\nfont-size:25px;\n}\n.av-special-heading.av-mabas74l-ea84df13813c5d6f92983258794e6f00 .av-subheading{\nfont-size:15px;\n}\n<\/style>\n<div  class='av-special-heading av-mabas74l-ea84df13813c5d6f92983258794e6f00 av-special-heading-h3 blockquote modern-quote modern-centered  avia-builder-el-14  el_after_av_image  el_before_av_textblock'><h3 class='av-special-heading-tag'  itemprop=\"headline\"  >Veedol PAO OIL 68<\/h3><div class=\"special-heading-border\"><div class=\"special-heading-inner-border\"><\/div><\/div><\/div><br \/>\n<section  class='av_textblock_section av-mabastdf-1ad6612e4393eb20e07e0a22b3db245d'   itemscope=\"itemscope\" itemtype=\"https:\/\/schema.org\/CreativeWork\" ><div class='avia_textblock'  itemprop=\"text\" ><p><span style=\"font-weight: 400;\">R134a so\u011futucu ak\u0131\u015fkanla \u00e7al\u0131\u015fan so\u011futma kompres\u00f6rleri i\u00e7in tam sentetik, higroskopik olmayan ya\u011flay\u0131c\u0131.<\/span><\/p>\n<\/div><\/section><br \/>\n<div  class='avia-button-wrap avia-button-center  avia-builder-el-16  el_after_av_textblock  avia-builder-el-last'>\n<style type=\"text\/css\" data-created_by=\"avia_inline_auto\" id=\"style-css-av-brymy-4dfcdde7a3ecbd343dfa7696b9a81480\">\n#top #wrap_all .avia-button.av-brymy-4dfcdde7a3ecbd343dfa7696b9a81480:hover{\ncolor:blue;\ntransition:all 0.4s ease-in-out;\n}\n<\/style>\n<a href='https:\/\/veedoloil.com\/tr\/2025\/05\/08\/air-conditioning-compressor-oils-3\/' class='avia-color-light avia-font-color-theme-color-highlight avia-button avia-button-fullwidth av-brymy-4dfcdde7a3ecbd343dfa7696b9a81480 avia-icon_select-yes-left-icon avia-color-light'  ><span class='avia_button_icon avia_button_icon_left' aria-hidden='true' data-av_icon='\ue84e' data-av_iconfont='entypo-fontello'><\/span><span class='avia_iconbox_title' >Daha Fazla Bilgi<\/span><span class='avia_button_background avia-button avia-button-fullwidth avia-color-theme-color-highlight'><\/span><\/a><\/div><\/p><\/div><\/p>","protected":false},"excerpt":{"rendered":"","protected":false},"author":1,"featured_media":0,"parent":25,"menu_order":0,"comment_status":"closed","ping_status":"closed","template":"","meta":{"footnotes":""},"class_list":["post-378","page","type-page","status-publish","hentry"],"_links":{"self":[{"href":"https:\/\/veedoloil.com\/tr\/wp-json\/wp\/v2\/pages\/378","targetHints":{"allow":["GET"]}}],"collection":[{"href":"https:\/\/veedoloil.com\/tr\/wp-json\/wp\/v2\/pages"}],"about":[{"href":"https:\/\/veedoloil.com\/tr\/wp-json\/wp\/v2\/types\/page"}],"author":[{"embeddable":true,"href":"https:\/\/veedoloil.com\/tr\/wp-json\/wp\/v2\/users\/1"}],"replies":[{"embeddable":true,"href":"https:\/\/veedoloil.com\/tr\/wp-json\/wp\/v2\/comments?post=378"}],"version-history":[{"count":4,"href":"https:\/\/veedoloil.com\/tr\/wp-json\/wp\/v2\/pages\/378\/revisions"}],"predecessor-version":[{"id":1486,"href":"https:\/\/veedoloil.com\/tr\/wp-json\/wp\/v2\/pages\/378\/revisions\/1486"}],"up":[{"embeddable":true,"href":"https:\/\/veedoloil.com\/tr\/wp-json\/wp\/v2\/pages\/25"}],"wp:attachment":[{"href":"https:\/\/veedoloil.com\/tr\/wp-json\/wp\/v2\/media?parent=378"}],"curies":[{"name":"wp","href":"https:\/\/api.w.org\/{rel}","templated":true}]}}