{"id":380,"date":"2025-05-01T01:49:52","date_gmt":"2025-04-30T22:49:52","guid":{"rendered":"https:\/\/veedoloil.com\/?page_id=380"},"modified":"2025-05-28T03:26:25","modified_gmt":"2025-05-28T00:26:25","slug":"cleaner","status":"publish","type":"page","link":"https:\/\/veedoloil.com\/tr\/products\/cleaner\/","title":{"rendered":"Temizleyici"},"content":{"rendered":"<style type=\"text\/css\" data-created_by=\"avia_inline_auto\" id=\"style-css-av-ma4ex04u-6861f2c62d79abe2e9e0a8a43fc58247\">\n#top .av-special-heading.av-ma4ex04u-6861f2c62d79abe2e9e0a8a43fc58247{\npadding-bottom:10px;\n}\nbody .av-special-heading.av-ma4ex04u-6861f2c62d79abe2e9e0a8a43fc58247 .av-special-heading-tag .heading-char{\nfont-size:25px;\n}\n.av-special-heading.av-ma4ex04u-6861f2c62d79abe2e9e0a8a43fc58247 .av-subheading{\nfont-size:15px;\n}\n<\/style>\n<div  class='av-special-heading av-ma4ex04u-6861f2c62d79abe2e9e0a8a43fc58247 av-special-heading-h3 blockquote modern-quote modern-centered  avia-builder-el-0  el_before_av_hr  avia-builder-el-first'><h3 class='av-special-heading-tag'  itemprop=\"headline\"  >Temizleyici<\/h3><div class=\"special-heading-border\"><div class=\"special-heading-inner-border\"><\/div><\/div><\/div>\n<div  class='hr av-22rqv5-d6128ddb2a338a03acb462123322e2a5 hr-default  avia-builder-el-1  el_after_av_heading  el_before_av_one_third'><span class='hr-inner'><span class=\"hr-inner-style\"><\/span><\/span><\/div>\n<div  class='flex_column av-1y1zr5-8ec9fdad24668597162fca75d5b17374 av_one_third  avia-builder-el-2  el_after_av_hr  el_before_av_one_third  first flex_column_div'     ><p>\n<style type=\"text\/css\" data-created_by=\"avia_inline_auto\" id=\"style-css-av-ma4fgaqq-e3c7271dca10ab1f97794facd8e2cf53\">\n.avia-image-container.av-ma4fgaqq-e3c7271dca10ab1f97794facd8e2cf53 img.avia_image{\nbox-shadow:none;\n}\n.avia-image-container.av-ma4fgaqq-e3c7271dca10ab1f97794facd8e2cf53 .av-image-caption-overlay-center{\ncolor:#ffffff;\n}\n<\/style>\n<div  class='avia-image-container av-ma4fgaqq-e3c7271dca10ab1f97794facd8e2cf53 av-styling- avia-align-center  avia-builder-el-3  el_before_av_heading  avia-builder-el-first'   itemprop=\"image\" itemscope=\"itemscope\" itemtype=\"https:\/\/schema.org\/ImageObject\" ><div class=\"avia-image-container-inner\"><div class=\"avia-image-overlay-wrap\"><img decoding=\"async\" fetchpriority=\"high\" class='wp-image-725 avia-img-lazy-loading-not-725 avia_image' src=\"https:\/\/veedoloil.com\/wp-content\/uploads\/2025\/05\/160-reiniger-300x200.jpg\" alt='' title='160-reiniger'  height=\"200\" width=\"300\"  itemprop=\"thumbnailUrl\" srcset=\"https:\/\/veedoloil.com\/wp-content\/uploads\/2025\/05\/160-reiniger-300x200.jpg 300w, https:\/\/veedoloil.com\/wp-content\/uploads\/2025\/05\/160-reiniger-768x512.jpg 768w, https:\/\/veedoloil.com\/wp-content\/uploads\/2025\/05\/160-reiniger-18x12.jpg 18w, https:\/\/veedoloil.com\/wp-content\/uploads\/2025\/05\/160-reiniger-705x470.jpg 705w, https:\/\/veedoloil.com\/wp-content\/uploads\/2025\/05\/160-reiniger.jpg 800w\" sizes=\"(max-width: 300px) 100vw, 300px\" \/><\/div><\/div><\/div><br \/>\n\n<style type=\"text\/css\" data-created_by=\"avia_inline_auto\" id=\"style-css-av-ma4fgkrt-632de4a20c4c5e249829765b757f1dce\">\n#top .av-special-heading.av-ma4fgkrt-632de4a20c4c5e249829765b757f1dce{\npadding-bottom:10px;\n}\nbody .av-special-heading.av-ma4fgkrt-632de4a20c4c5e249829765b757f1dce .av-special-heading-tag .heading-char{\nfont-size:25px;\n}\n.av-special-heading.av-ma4fgkrt-632de4a20c4c5e249829765b757f1dce .av-subheading{\nfont-size:15px;\n}\n<\/style>\n<div  class='av-special-heading av-ma4fgkrt-632de4a20c4c5e249829765b757f1dce av-special-heading-h3 blockquote modern-quote modern-centered  avia-builder-el-4  el_after_av_image  el_before_av_textblock'><h3 class='av-special-heading-tag'  itemprop=\"headline\"  >Veedol Brakecleaner<\/h3><div class=\"special-heading-border\"><div class=\"special-heading-inner-border\"><\/div><\/div><\/div><br \/>\n<section  class='av_textblock_section av-ma4fjclv-5a4695074ce9fd752f72b84c9200bc16'   itemscope=\"itemscope\" itemtype=\"https:\/\/schema.org\/CreativeWork\" ><div class='avia_textblock'  itemprop=\"text\" ><p><span style=\"font-weight: 400;\">At\u00f6lyelerde ve end\u00fcstriyel alanlarda bak\u0131m ve onar\u0131m \u00e7al\u0131\u015fmalar\u0131 s\u0131ras\u0131nda profesyonel temizlik ve ya\u011f giderme i\u00e7in klor ve aseton i\u00e7ermeyen fren temizleyici.<\/span><\/p>\n<\/div><\/section><br \/>\n<div  class='avia-button-wrap avia-button-center  avia-builder-el-6  el_after_av_textblock  avia-builder-el-last'>\n<style type=\"text\/css\" data-created_by=\"avia_inline_auto\" id=\"style-css-av-ma4g7m9w-926b575d500bb4b17ad5a708431ff088\">\n#top #wrap_all .avia-button.av-ma4g7m9w-926b575d500bb4b17ad5a708431ff088:hover{\ncolor:blue;\ntransition:all 0.4s ease-in-out;\n}\n<\/style>\n<a href='https:\/\/veedoloil.com\/tr\/2025\/05\/08\/cleaners\/' class='avia-color-light avia-font-color-theme-color-highlight avia-button avia-button-fullwidth av-ma4g7m9w-926b575d500bb4b17ad5a708431ff088 avia-icon_select-yes-left-icon avia-color-light'  ><span class='avia_button_icon avia_button_icon_left' aria-hidden='true' data-av_icon='\ue84e' data-av_iconfont='entypo-fontello'><\/span><span class='avia_iconbox_title' >Daha Fazla Bilgi<\/span><span class='avia_button_background avia-button avia-button-fullwidth avia-color-theme-color-highlight'><\/span><\/a><\/div><\/p><\/div><div  class='flex_column av-kn8gs-dbf8e26abcf733305dd0c84a6b160b77 av_one_third  avia-builder-el-7  el_after_av_one_third  avia-builder-el-last  flex_column_div'     ><p>\n<style type=\"text\/css\" data-created_by=\"avia_inline_auto\" id=\"style-css-av-dbhv8-f21ca61d598dd20624bad81676a60e21\">\n.avia-image-container.av-dbhv8-f21ca61d598dd20624bad81676a60e21 img.avia_image{\nbox-shadow:none;\n}\n.avia-image-container.av-dbhv8-f21ca61d598dd20624bad81676a60e21 .av-image-caption-overlay-center{\ncolor:#ffffff;\n}\n<\/style>\n<div  class='avia-image-container av-dbhv8-f21ca61d598dd20624bad81676a60e21 av-styling- avia-align-center  avia-builder-el-8  el_before_av_heading  avia-builder-el-first'   itemprop=\"image\" itemscope=\"itemscope\" itemtype=\"https:\/\/schema.org\/ImageObject\" ><div class=\"avia-image-container-inner\"><div class=\"avia-image-overlay-wrap\"><img decoding=\"async\" fetchpriority=\"high\" class='wp-image-725 avia-img-lazy-loading-not-725 avia_image' src=\"https:\/\/veedoloil.com\/wp-content\/uploads\/2025\/05\/160-reiniger-300x200.jpg\" alt='' title='160-reiniger'  height=\"200\" width=\"300\"  itemprop=\"thumbnailUrl\" srcset=\"https:\/\/veedoloil.com\/wp-content\/uploads\/2025\/05\/160-reiniger-300x200.jpg 300w, https:\/\/veedoloil.com\/wp-content\/uploads\/2025\/05\/160-reiniger-768x512.jpg 768w, https:\/\/veedoloil.com\/wp-content\/uploads\/2025\/05\/160-reiniger-18x12.jpg 18w, https:\/\/veedoloil.com\/wp-content\/uploads\/2025\/05\/160-reiniger-705x470.jpg 705w, https:\/\/veedoloil.com\/wp-content\/uploads\/2025\/05\/160-reiniger.jpg 800w\" sizes=\"(max-width: 300px) 100vw, 300px\" \/><\/div><\/div><\/div><br \/>\n\n<style type=\"text\/css\" data-created_by=\"avia_inline_auto\" id=\"style-css-av-mabbi42v-9dee34ecadcb50968fdd836d68493d5b\">\n#top .av-special-heading.av-mabbi42v-9dee34ecadcb50968fdd836d68493d5b{\npadding-bottom:10px;\n}\nbody .av-special-heading.av-mabbi42v-9dee34ecadcb50968fdd836d68493d5b .av-special-heading-tag .heading-char{\nfont-size:25px;\n}\n.av-special-heading.av-mabbi42v-9dee34ecadcb50968fdd836d68493d5b .av-subheading{\nfont-size:15px;\n}\n<\/style>\n<div  class='av-special-heading av-mabbi42v-9dee34ecadcb50968fdd836d68493d5b av-special-heading-h3 blockquote modern-quote modern-centered  avia-builder-el-9  el_after_av_image  el_before_av_textblock'><h3 class='av-special-heading-tag'  itemprop=\"headline\"  >Veedol Uniclean<\/h3><div class=\"special-heading-border\"><div class=\"special-heading-inner-border\"><\/div><\/div><\/div><br \/>\n<section  class='av_textblock_section av-mabbihq9-64285104e60cde76cd60a34b2d53958f'   itemscope=\"itemscope\" itemtype=\"https:\/\/schema.org\/CreativeWork\" ><div class='avia_textblock'  itemprop=\"text\" ><p><span style=\"font-weight: 400;\">\u00c7ok \u00e7e\u015fitli end\u00fcstriyel uygulamalara uygun, solvent bazl\u0131 etkili so\u011fuk temizleyici.<\/span><\/p>\n<\/div><\/section><br \/>\n<div  class='avia-button-wrap avia-button-center  avia-builder-el-11  el_after_av_textblock  avia-builder-el-last'>\n<style type=\"text\/css\" data-created_by=\"avia_inline_auto\" id=\"style-css-av-afabo-d966125cdbb23de208c67a88871a6755\">\n#top #wrap_all .avia-button.av-afabo-d966125cdbb23de208c67a88871a6755:hover{\ncolor:blue;\ntransition:all 0.4s ease-in-out;\n}\n<\/style>\n<a href='https:\/\/veedoloil.com\/tr\/2025\/05\/08\/cleaners-2\/' class='avia-color-light avia-font-color-theme-color-highlight avia-button avia-button-fullwidth av-afabo-d966125cdbb23de208c67a88871a6755 avia-icon_select-yes-left-icon avia-color-light'  ><span class='avia_button_icon avia_button_icon_left' aria-hidden='true' data-av_icon='\ue84e' data-av_iconfont='entypo-fontello'><\/span><span class='avia_iconbox_title' >Daha Fazla Bilgi<\/span><span class='avia_button_background avia-button avia-button-fullwidth avia-color-theme-color-highlight'><\/span><\/a><\/div><\/p><\/div><\/p>","protected":false},"excerpt":{"rendered":"","protected":false},"author":1,"featured_media":0,"parent":25,"menu_order":0,"comment_status":"closed","ping_status":"closed","template":"","meta":{"footnotes":""},"class_list":["post-380","page","type-page","status-publish","hentry"],"_links":{"self":[{"href":"https:\/\/veedoloil.com\/tr\/wp-json\/wp\/v2\/pages\/380","targetHints":{"allow":["GET"]}}],"collection":[{"href":"https:\/\/veedoloil.com\/tr\/wp-json\/wp\/v2\/pages"}],"about":[{"href":"https:\/\/veedoloil.com\/tr\/wp-json\/wp\/v2\/types\/page"}],"author":[{"embeddable":true,"href":"https:\/\/veedoloil.com\/tr\/wp-json\/wp\/v2\/users\/1"}],"replies":[{"embeddable":true,"href":"https:\/\/veedoloil.com\/tr\/wp-json\/wp\/v2\/comments?post=380"}],"version-history":[{"count":4,"href":"https:\/\/veedoloil.com\/tr\/wp-json\/wp\/v2\/pages\/380\/revisions"}],"predecessor-version":[{"id":1487,"href":"https:\/\/veedoloil.com\/tr\/wp-json\/wp\/v2\/pages\/380\/revisions\/1487"}],"up":[{"embeddable":true,"href":"https:\/\/veedoloil.com\/tr\/wp-json\/wp\/v2\/pages\/25"}],"wp:attachment":[{"href":"https:\/\/veedoloil.com\/tr\/wp-json\/wp\/v2\/media?parent=380"}],"curies":[{"name":"wp","href":"https:\/\/api.w.org\/{rel}","templated":true}]}}