{"id":382,"date":"2025-05-01T01:51:37","date_gmt":"2025-04-30T22:51:37","guid":{"rendered":"https:\/\/veedoloil.com\/?page_id=382"},"modified":"2025-05-28T03:30:01","modified_gmt":"2025-05-28T00:30:01","slug":"antifreeze-heat-transfer-media","status":"publish","type":"page","link":"https:\/\/veedoloil.com\/tr\/products\/antifreeze-heat-transfer-media\/","title":{"rendered":"Antifriz\/Is\u0131 Transfer Ara\u00e7lar\u0131"},"content":{"rendered":"<style type=\"text\/css\" data-created_by=\"avia_inline_auto\" id=\"style-css-av-ma4ex04u-f707323bff6818d7f17faab8fbb268a3\">\n#top .av-special-heading.av-ma4ex04u-f707323bff6818d7f17faab8fbb268a3{\npadding-bottom:10px;\n}\nbody .av-special-heading.av-ma4ex04u-f707323bff6818d7f17faab8fbb268a3 .av-special-heading-tag .heading-char{\nfont-size:25px;\n}\n.av-special-heading.av-ma4ex04u-f707323bff6818d7f17faab8fbb268a3 .av-subheading{\nfont-size:15px;\n}\n<\/style>\n<div  class='av-special-heading av-ma4ex04u-f707323bff6818d7f17faab8fbb268a3 av-special-heading-h3 blockquote modern-quote modern-centered  avia-builder-el-0  el_before_av_hr  avia-builder-el-first'><h3 class='av-special-heading-tag'  itemprop=\"headline\"  >Antifriz\/Is\u0131 Transfer Ara\u00e7lar\u0131 <\/h3><div class=\"special-heading-border\"><div class=\"special-heading-inner-border\"><\/div><\/div><\/div>\n<div  class='hr av-22rqv5-d6128ddb2a338a03acb462123322e2a5 hr-default  avia-builder-el-1  el_after_av_heading  el_before_av_one_third'><span class='hr-inner'><span class=\"hr-inner-style\"><\/span><\/span><\/div>\n<div  class='flex_column av-1ss1sh-1c4c976d51c22a688af66736065e01a0 av_one_third  avia-builder-el-2  el_after_av_hr  el_before_av_one_third  first flex_column_div'     ><p>\n<style type=\"text\/css\" data-created_by=\"avia_inline_auto\" id=\"style-css-av-1l4qix-269a71c5550597b3564d3001249d4201\">\n.avia-image-container.av-1l4qix-269a71c5550597b3564d3001249d4201 img.avia_image{\nbox-shadow:none;\n}\n.avia-image-container.av-1l4qix-269a71c5550597b3564d3001249d4201 .av-image-caption-overlay-center{\ncolor:#ffffff;\n}\n<\/style>\n<div  class='avia-image-container av-1l4qix-269a71c5550597b3564d3001249d4201 av-styling- avia-align-center  avia-builder-el-3  el_before_av_heading  avia-builder-el-first'   itemprop=\"image\" itemscope=\"itemscope\" itemtype=\"https:\/\/schema.org\/ImageObject\" ><div class=\"avia-image-container-inner\"><div class=\"avia-image-overlay-wrap\"><img decoding=\"async\" fetchpriority=\"high\" class='wp-image-722 avia-img-lazy-loading-not-722 avia_image' src=\"https:\/\/veedoloil.com\/wp-content\/uploads\/2025\/05\/163-frostschutz-300x200.jpg\" alt='' title='163-frostschutz'  height=\"200\" width=\"300\"  itemprop=\"thumbnailUrl\" srcset=\"https:\/\/veedoloil.com\/wp-content\/uploads\/2025\/05\/163-frostschutz-300x200.jpg 300w, https:\/\/veedoloil.com\/wp-content\/uploads\/2025\/05\/163-frostschutz-768x512.jpg 768w, https:\/\/veedoloil.com\/wp-content\/uploads\/2025\/05\/163-frostschutz-18x12.jpg 18w, https:\/\/veedoloil.com\/wp-content\/uploads\/2025\/05\/163-frostschutz-705x470.jpg 705w, https:\/\/veedoloil.com\/wp-content\/uploads\/2025\/05\/163-frostschutz.jpg 800w\" sizes=\"(max-width: 300px) 100vw, 300px\" \/><\/div><\/div><\/div><br \/>\n\n<style type=\"text\/css\" data-created_by=\"avia_inline_auto\" id=\"style-css-av-1d0aqx-daab8a4ce07c5ea92939a6d20c710726\">\n#top .av-special-heading.av-1d0aqx-daab8a4ce07c5ea92939a6d20c710726{\npadding-bottom:10px;\n}\nbody .av-special-heading.av-1d0aqx-daab8a4ce07c5ea92939a6d20c710726 .av-special-heading-tag .heading-char{\nfont-size:25px;\n}\n.av-special-heading.av-1d0aqx-daab8a4ce07c5ea92939a6d20c710726 .av-subheading{\nfont-size:15px;\n}\n<\/style>\n<div  class='av-special-heading av-1d0aqx-daab8a4ce07c5ea92939a6d20c710726 av-special-heading-h3 blockquote modern-quote modern-centered  avia-builder-el-4  el_after_av_image  el_before_av_textblock'><h3 class='av-special-heading-tag'  itemprop=\"headline\"  >Veedol Thermfluid 320<\/h3><div class=\"special-heading-border\"><div class=\"special-heading-inner-border\"><\/div><\/div><\/div><br \/>\n<section  class='av_textblock_section av-16xujt-c99fbd6cf1aad493f7248723b60d499f'   itemscope=\"itemscope\" itemtype=\"https:\/\/schema.org\/CreativeWork\" ><div class='avia_textblock'  itemprop=\"text\" ><p><span style=\"font-weight: 400;\">Y\u00fcksek termal kararl\u0131l\u0131\u011fa ve iyi oksidasyon direncine sahip mineral esasl\u0131 \u0131s\u0131 transfer ya\u011f\u0131d\u0131r.<\/span><\/p>\n<\/div><\/section><br \/>\n<div  class='avia-button-wrap avia-button-center  avia-builder-el-6  el_after_av_textblock  avia-builder-el-last'>\n<style type=\"text\/css\" data-created_by=\"avia_inline_auto\" id=\"style-css-av-135ty1-e7915b0db4d3dc3b47bd24d32264e289\">\n#top #wrap_all .avia-button.av-135ty1-e7915b0db4d3dc3b47bd24d32264e289:hover{\ncolor:blue;\ntransition:all 0.4s ease-in-out;\n}\n<\/style>\n<a href='https:\/\/veedoloil.com\/tr\/2025\/05\/08\/antifreeze-heat-transfer-media\/' class='avia-color-light avia-font-color-theme-color-highlight avia-button avia-button-fullwidth av-135ty1-e7915b0db4d3dc3b47bd24d32264e289 avia-icon_select-yes-left-icon avia-color-light'  ><span class='avia_button_icon avia_button_icon_left' aria-hidden='true' data-av_icon='\ue84e' data-av_iconfont='entypo-fontello'><\/span><span class='avia_iconbox_title' >Daha Fazla Bilgi<\/span><span class='avia_button_background avia-button avia-button-fullwidth avia-color-theme-color-highlight'><\/span><\/a><\/div><\/p><\/div><div  class='flex_column av-lv4pq-7ef9c6bfc493a356ac4f7a4b9b168d0d av_one_third  avia-builder-el-7  el_after_av_one_third  el_before_av_one_third  flex_column_div'     ><p>\n<style type=\"text\/css\" data-created_by=\"avia_inline_auto\" id=\"style-css-av-hb6pi-3393e4362b9499153819eb6bd69ab265\">\n.avia-image-container.av-hb6pi-3393e4362b9499153819eb6bd69ab265 img.avia_image{\nbox-shadow:none;\n}\n.avia-image-container.av-hb6pi-3393e4362b9499153819eb6bd69ab265 .av-image-caption-overlay-center{\ncolor:#ffffff;\n}\n<\/style>\n<div  class='avia-image-container av-hb6pi-3393e4362b9499153819eb6bd69ab265 av-styling- avia-align-center  avia-builder-el-8  el_before_av_heading  avia-builder-el-first'   itemprop=\"image\" itemscope=\"itemscope\" itemtype=\"https:\/\/schema.org\/ImageObject\" ><div class=\"avia-image-container-inner\"><div class=\"avia-image-overlay-wrap\"><img decoding=\"async\" fetchpriority=\"high\" class='wp-image-722 avia-img-lazy-loading-not-722 avia_image' src=\"https:\/\/veedoloil.com\/wp-content\/uploads\/2025\/05\/163-frostschutz-300x200.jpg\" alt='' title='163-frostschutz'  height=\"200\" width=\"300\"  itemprop=\"thumbnailUrl\" srcset=\"https:\/\/veedoloil.com\/wp-content\/uploads\/2025\/05\/163-frostschutz-300x200.jpg 300w, https:\/\/veedoloil.com\/wp-content\/uploads\/2025\/05\/163-frostschutz-768x512.jpg 768w, https:\/\/veedoloil.com\/wp-content\/uploads\/2025\/05\/163-frostschutz-18x12.jpg 18w, https:\/\/veedoloil.com\/wp-content\/uploads\/2025\/05\/163-frostschutz-705x470.jpg 705w, https:\/\/veedoloil.com\/wp-content\/uploads\/2025\/05\/163-frostschutz.jpg 800w\" sizes=\"(max-width: 300px) 100vw, 300px\" \/><\/div><\/div><\/div><br \/>\n\n<style type=\"text\/css\" data-created_by=\"avia_inline_auto\" id=\"style-css-av-mabb73qc-ba35911ec91ca3abf32ae9feeed23e48\">\n#top .av-special-heading.av-mabb73qc-ba35911ec91ca3abf32ae9feeed23e48{\npadding-bottom:10px;\n}\nbody .av-special-heading.av-mabb73qc-ba35911ec91ca3abf32ae9feeed23e48 .av-special-heading-tag .heading-char{\nfont-size:25px;\n}\n.av-special-heading.av-mabb73qc-ba35911ec91ca3abf32ae9feeed23e48 .av-subheading{\nfont-size:15px;\n}\n<\/style>\n<div  class='av-special-heading av-mabb73qc-ba35911ec91ca3abf32ae9feeed23e48 av-special-heading-h3 blockquote modern-quote modern-centered  avia-builder-el-9  el_after_av_image  el_before_av_textblock'><h3 class='av-special-heading-tag'  itemprop=\"headline\"  >Veedol Antifreeze C-Plus<\/h3><div class=\"special-heading-border\"><div class=\"special-heading-inner-border\"><\/div><\/div><\/div><br \/>\n<section  class='av_textblock_section av-mabb8c6w-5541a082c20c6034c1a4f03310aceaae'   itemscope=\"itemscope\" itemtype=\"https:\/\/schema.org\/CreativeWork\" ><div class='avia_textblock'  itemprop=\"text\" ><p><span style=\"font-weight: 400;\">Binalardaki \u0131s\u0131tma, so\u011futma ve klima sistemlerindeki kapal\u0131 su devreleri i\u00e7in geli\u015ftirilmi\u015f, mono etilen glikol esasl\u0131 antifrizdir.<\/span><\/p>\n<\/div><\/section><br \/>\n<div  class='avia-button-wrap avia-button-center  avia-builder-el-11  el_after_av_textblock  avia-builder-el-last'>\n<style type=\"text\/css\" data-created_by=\"avia_inline_auto\" id=\"style-css-av-977wm-9770c1bf0a5239885a164c3dd936ebf5\">\n#top #wrap_all .avia-button.av-977wm-9770c1bf0a5239885a164c3dd936ebf5:hover{\ncolor:blue;\ntransition:all 0.4s ease-in-out;\n}\n<\/style>\n<a href='https:\/\/veedoloil.com\/tr\/2025\/05\/08\/antifreeze-heat-transfer-media-2\/' class='avia-color-light avia-font-color-theme-color-highlight avia-button avia-button-fullwidth av-977wm-9770c1bf0a5239885a164c3dd936ebf5 avia-icon_select-yes-left-icon avia-color-light'  ><span class='avia_button_icon avia_button_icon_left' aria-hidden='true' data-av_icon='\ue84e' data-av_iconfont='entypo-fontello'><\/span><span class='avia_iconbox_title' >Daha Fazla Bilgi<\/span><span class='avia_button_background avia-button avia-button-fullwidth avia-color-theme-color-highlight'><\/span><\/a><\/div><\/p><\/div><div  class='flex_column av-ytcgh-06535ab29544ff126d6c1efa84087ba8 av_one_third  avia-builder-el-12  el_after_av_one_third  avia-builder-el-last  flex_column_div'     ><p>\n<style type=\"text\/css\" data-created_by=\"avia_inline_auto\" id=\"style-css-av-pss1l-003275c41ad1fe1d6c01ec810180b788\">\n.avia-image-container.av-pss1l-003275c41ad1fe1d6c01ec810180b788 img.avia_image{\nbox-shadow:none;\n}\n.avia-image-container.av-pss1l-003275c41ad1fe1d6c01ec810180b788 .av-image-caption-overlay-center{\ncolor:#ffffff;\n}\n<\/style>\n<div  class='avia-image-container av-pss1l-003275c41ad1fe1d6c01ec810180b788 av-styling- avia-align-center  avia-builder-el-13  el_before_av_heading  avia-builder-el-first'   itemprop=\"image\" itemscope=\"itemscope\" itemtype=\"https:\/\/schema.org\/ImageObject\" ><div class=\"avia-image-container-inner\"><div class=\"avia-image-overlay-wrap\"><img decoding=\"async\" fetchpriority=\"high\" class='wp-image-723 avia-img-lazy-loading-not-723 avia_image' src=\"https:\/\/veedoloil.com\/wp-content\/uploads\/2025\/05\/164-frostschutz-300x200.jpg\" alt='' title='164-frostschutz'  height=\"200\" width=\"300\"  itemprop=\"thumbnailUrl\" srcset=\"https:\/\/veedoloil.com\/wp-content\/uploads\/2025\/05\/164-frostschutz-300x200.jpg 300w, https:\/\/veedoloil.com\/wp-content\/uploads\/2025\/05\/164-frostschutz-768x512.jpg 768w, https:\/\/veedoloil.com\/wp-content\/uploads\/2025\/05\/164-frostschutz-18x12.jpg 18w, https:\/\/veedoloil.com\/wp-content\/uploads\/2025\/05\/164-frostschutz-705x470.jpg 705w, https:\/\/veedoloil.com\/wp-content\/uploads\/2025\/05\/164-frostschutz.jpg 800w\" sizes=\"(max-width: 300px) 100vw, 300px\" \/><\/div><\/div><\/div><br \/>\n\n<style type=\"text\/css\" data-created_by=\"avia_inline_auto\" id=\"style-css-av-mg01t-2c2cd45cb2297ba8fe75412ea0980b79\">\n#top .av-special-heading.av-mg01t-2c2cd45cb2297ba8fe75412ea0980b79{\npadding-bottom:10px;\n}\nbody .av-special-heading.av-mg01t-2c2cd45cb2297ba8fe75412ea0980b79 .av-special-heading-tag .heading-char{\nfont-size:25px;\n}\n.av-special-heading.av-mg01t-2c2cd45cb2297ba8fe75412ea0980b79 .av-subheading{\nfont-size:15px;\n}\n<\/style>\n<div  class='av-special-heading av-mg01t-2c2cd45cb2297ba8fe75412ea0980b79 av-special-heading-h3 blockquote modern-quote modern-centered  avia-builder-el-14  el_after_av_image  el_before_av_textblock'><h3 class='av-special-heading-tag'  itemprop=\"headline\"  >Veedol Antifreeze FG<\/h3><div class=\"special-heading-border\"><div class=\"special-heading-inner-border\"><\/div><\/div><\/div><br \/>\n<section  class='av_textblock_section av-5ok9-9c64dcea40c392ff9bb8b1c194496f52'   itemscope=\"itemscope\" itemtype=\"https:\/\/schema.org\/CreativeWork\" ><div class='avia_textblock'  itemprop=\"text\" ><p><span style=\"font-weight: 400;\">1,2-propilen glikol esasl\u0131 toksik olmayan \u0131s\u0131 transfer s\u0131v\u0131s\u0131 ve antifriz.<\/span><\/p>\n<\/div><\/section><br \/>\n<div  class='avia-button-wrap avia-button-center  avia-builder-el-16  el_after_av_textblock  avia-builder-el-last'>\n<style type=\"text\/css\" data-created_by=\"avia_inline_auto\" id=\"style-css-av-v601-cb4244fd2aa2ef0acc7e11dd92f71d05\">\n#top #wrap_all .avia-button.av-v601-cb4244fd2aa2ef0acc7e11dd92f71d05:hover{\ncolor:blue;\ntransition:all 0.4s ease-in-out;\n}\n<\/style>\n<a href='https:\/\/veedoloil.com\/tr\/2025\/05\/08\/antifreeze-heat-transfer-media-3\/' class='avia-color-light avia-font-color-theme-color-highlight avia-button avia-button-fullwidth av-v601-cb4244fd2aa2ef0acc7e11dd92f71d05 avia-icon_select-yes-left-icon avia-color-light'  ><span class='avia_button_icon avia_button_icon_left' aria-hidden='true' data-av_icon='\ue84e' data-av_iconfont='entypo-fontello'><\/span><span class='avia_iconbox_title' >Daha Fazla Bilgi<\/span><span class='avia_button_background avia-button avia-button-fullwidth avia-color-theme-color-highlight'><\/span><\/a><\/div><\/p><\/div><\/p>","protected":false},"excerpt":{"rendered":"","protected":false},"author":1,"featured_media":0,"parent":25,"menu_order":0,"comment_status":"closed","ping_status":"closed","template":"","meta":{"footnotes":""},"class_list":["post-382","page","type-page","status-publish","hentry"],"_links":{"self":[{"href":"https:\/\/veedoloil.com\/tr\/wp-json\/wp\/v2\/pages\/382","targetHints":{"allow":["GET"]}}],"collection":[{"href":"https:\/\/veedoloil.com\/tr\/wp-json\/wp\/v2\/pages"}],"about":[{"href":"https:\/\/veedoloil.com\/tr\/wp-json\/wp\/v2\/types\/page"}],"author":[{"embeddable":true,"href":"https:\/\/veedoloil.com\/tr\/wp-json\/wp\/v2\/users\/1"}],"replies":[{"embeddable":true,"href":"https:\/\/veedoloil.com\/tr\/wp-json\/wp\/v2\/comments?post=382"}],"version-history":[{"count":4,"href":"https:\/\/veedoloil.com\/tr\/wp-json\/wp\/v2\/pages\/382\/revisions"}],"predecessor-version":[{"id":1488,"href":"https:\/\/veedoloil.com\/tr\/wp-json\/wp\/v2\/pages\/382\/revisions\/1488"}],"up":[{"embeddable":true,"href":"https:\/\/veedoloil.com\/tr\/wp-json\/wp\/v2\/pages\/25"}],"wp:attachment":[{"href":"https:\/\/veedoloil.com\/tr\/wp-json\/wp\/v2\/media?parent=382"}],"curies":[{"name":"wp","href":"https:\/\/api.w.org\/{rel}","templated":true}]}}