{"id":384,"date":"2025-05-01T01:53:42","date_gmt":"2025-04-30T22:53:42","guid":{"rendered":"https:\/\/veedoloil.com\/?page_id=384"},"modified":"2025-05-29T02:09:02","modified_gmt":"2025-05-28T23:09:02","slug":"brake-fluid","status":"publish","type":"page","link":"https:\/\/veedoloil.com\/tr\/products\/brake-fluid\/","title":{"rendered":"Fren Ya\u011flar\u0131"},"content":{"rendered":"<style type=\"text\/css\" data-created_by=\"avia_inline_auto\" id=\"style-css-av-ma4ex04u-10129e22b7c334245f38933304ebebfa\">\n#top .av-special-heading.av-ma4ex04u-10129e22b7c334245f38933304ebebfa{\npadding-bottom:10px;\n}\nbody .av-special-heading.av-ma4ex04u-10129e22b7c334245f38933304ebebfa .av-special-heading-tag .heading-char{\nfont-size:25px;\n}\n.av-special-heading.av-ma4ex04u-10129e22b7c334245f38933304ebebfa .av-subheading{\nfont-size:15px;\n}\n<\/style>\n<div  class='av-special-heading av-ma4ex04u-10129e22b7c334245f38933304ebebfa av-special-heading-h3 blockquote modern-quote modern-centered  avia-builder-el-0  el_before_av_hr  avia-builder-el-first'><h3 class='av-special-heading-tag'  itemprop=\"headline\"  >Fren Ya\u011flar\u0131<\/h3><div class=\"special-heading-border\"><div class=\"special-heading-inner-border\"><\/div><\/div><\/div>\n<div  class='hr av-22rqv5-d6128ddb2a338a03acb462123322e2a5 hr-default  avia-builder-el-1  el_after_av_heading  el_before_av_one_third'><span class='hr-inner'><span class=\"hr-inner-style\"><\/span><\/span><\/div>\n<div  class='flex_column av-1y1zr5-8ec9fdad24668597162fca75d5b17374 av_one_third  avia-builder-el-2  el_after_av_hr  avia-builder-el-last  first flex_column_div'     ><p>\n<style type=\"text\/css\" data-created_by=\"avia_inline_auto\" id=\"style-css-av-ma4fgaqq-3af445d9297e8a0b277b2e4da599981c\">\n.avia-image-container.av-ma4fgaqq-3af445d9297e8a0b277b2e4da599981c img.avia_image{\nbox-shadow:none;\n}\n.avia-image-container.av-ma4fgaqq-3af445d9297e8a0b277b2e4da599981c .av-image-caption-overlay-center{\ncolor:#ffffff;\n}\n<\/style>\n<div  class='avia-image-container av-ma4fgaqq-3af445d9297e8a0b277b2e4da599981c av-styling- avia-align-center  avia-builder-el-3  el_before_av_heading  avia-builder-el-first'   itemprop=\"image\" itemscope=\"itemscope\" itemtype=\"https:\/\/schema.org\/ImageObject\" ><div class=\"avia-image-container-inner\"><div class=\"avia-image-overlay-wrap\"><img decoding=\"async\" fetchpriority=\"high\" class='wp-image-728 avia-img-lazy-loading-not-728 avia_image' src=\"https:\/\/veedoloil.com\/wp-content\/uploads\/2025\/05\/165-bremsfluessigkeit-300x200.jpg\" alt='' title='165-bremsfluessigkeit'  height=\"200\" width=\"300\"  itemprop=\"thumbnailUrl\" srcset=\"https:\/\/veedoloil.com\/wp-content\/uploads\/2025\/05\/165-bremsfluessigkeit-300x200.jpg 300w, https:\/\/veedoloil.com\/wp-content\/uploads\/2025\/05\/165-bremsfluessigkeit-768x512.jpg 768w, https:\/\/veedoloil.com\/wp-content\/uploads\/2025\/05\/165-bremsfluessigkeit-18x12.jpg 18w, https:\/\/veedoloil.com\/wp-content\/uploads\/2025\/05\/165-bremsfluessigkeit-705x470.jpg 705w, https:\/\/veedoloil.com\/wp-content\/uploads\/2025\/05\/165-bremsfluessigkeit.jpg 800w\" sizes=\"(max-width: 300px) 100vw, 300px\" \/><\/div><\/div><\/div><br \/>\n\n<style type=\"text\/css\" data-created_by=\"avia_inline_auto\" id=\"style-css-av-ma4fgkrt-3a6a2bfa06f337124e519c85f166c321\">\n#top .av-special-heading.av-ma4fgkrt-3a6a2bfa06f337124e519c85f166c321{\npadding-bottom:10px;\n}\nbody .av-special-heading.av-ma4fgkrt-3a6a2bfa06f337124e519c85f166c321 .av-special-heading-tag .heading-char{\nfont-size:25px;\n}\n.av-special-heading.av-ma4fgkrt-3a6a2bfa06f337124e519c85f166c321 .av-subheading{\nfont-size:15px;\n}\n<\/style>\n<div  class='av-special-heading av-ma4fgkrt-3a6a2bfa06f337124e519c85f166c321 av-special-heading-h3 blockquote modern-quote modern-centered  avia-builder-el-4  el_after_av_image  el_before_av_textblock'><h3 class='av-special-heading-tag'  itemprop=\"headline\"  >Veedol Brakefluid DOT 4 LV<\/h3><div class=\"special-heading-border\"><div class=\"special-heading-inner-border\"><\/div><\/div><\/div><br \/>\n<section  class='av_textblock_section av-ma4fjclv-5a4695074ce9fd752f72b84c9200bc16'   itemscope=\"itemscope\" itemtype=\"https:\/\/schema.org\/CreativeWork\" ><div class='avia_textblock'  itemprop=\"text\" ><p><span style=\"font-weight: 400;\">Motorlu ta\u015f\u0131tlardaki hidrolik fren ve debriyaj sistemleri i\u00e7in premium fren hidroli\u011fi.<\/span><\/p>\n<\/div><\/section><br \/>\n<div  class='avia-button-wrap avia-button-center  avia-builder-el-6  el_after_av_textblock  avia-builder-el-last'>\n<style type=\"text\/css\" data-created_by=\"avia_inline_auto\" id=\"style-css-av-ma4g7m9w-3b9dd1e734a57e6dbfc559ca69969157\">\n@keyframes av_sonarEffect_av-ma4g7m9w-3b9dd1e734a57e6dbfc559ca69969157 {\n  0% {opacity: 0.3;}\n 40% {opacity: 0.5; box-shadow: 0 0 0 2px rgba(255,255,255,0.1), 0 0 10px 10px #ffffff, 0 0 0 10px rgba(255,255,255,0.5);}\n100% {opacity: 0; box-shadow: 0 0 0 2px rgba(255,255,255,0.1), 0 0 10px 10px #ffffff, 0 0 0 10px rgba(255,255,255,0.5); transform: scale(1.5);}\n}\n#top #wrap_all .avia-button.av-ma4g7m9w-3b9dd1e734a57e6dbfc559ca69969157:hover{\ncolor:blue;\ntransition:all 0.4s ease-in-out;\n}\n.avia-button.av-ma4g7m9w-3b9dd1e734a57e6dbfc559ca69969157.avia-sonar-shadow:after{\nanimation:av_sonarEffect_av-ma4g7m9w-3b9dd1e734a57e6dbfc559ca69969157 1s ease-in-out .1s infinite;\n}\n<\/style>\n<a href='https:\/\/veedoloil.com\/tr\/products\/hydraulic-oils-2\/' class='av-icon-on-hover avia-color-blue avia-font-color-theme-color-highlight avia-sonar-shadow avia-button avia-button-fullwidth av-ma4g7m9w-3b9dd1e734a57e6dbfc559ca69969157 avia-icon_select-no avia-color-blue' target=\"_blank\" rel=\"noopener noreferrer\"><span class='avia_iconbox_title' >Daha Fazla Bilgi<\/span><span class='avia_button_background avia-button avia-button-fullwidth avia-color-light'><\/span><\/a><\/div><\/p><\/div>","protected":false},"excerpt":{"rendered":"","protected":false},"author":1,"featured_media":0,"parent":25,"menu_order":0,"comment_status":"closed","ping_status":"closed","template":"","meta":{"footnotes":""},"class_list":["post-384","page","type-page","status-publish","hentry"],"_links":{"self":[{"href":"https:\/\/veedoloil.com\/tr\/wp-json\/wp\/v2\/pages\/384","targetHints":{"allow":["GET"]}}],"collection":[{"href":"https:\/\/veedoloil.com\/tr\/wp-json\/wp\/v2\/pages"}],"about":[{"href":"https:\/\/veedoloil.com\/tr\/wp-json\/wp\/v2\/types\/page"}],"author":[{"embeddable":true,"href":"https:\/\/veedoloil.com\/tr\/wp-json\/wp\/v2\/users\/1"}],"replies":[{"embeddable":true,"href":"https:\/\/veedoloil.com\/tr\/wp-json\/wp\/v2\/comments?post=384"}],"version-history":[{"count":10,"href":"https:\/\/veedoloil.com\/tr\/wp-json\/wp\/v2\/pages\/384\/revisions"}],"predecessor-version":[{"id":1536,"href":"https:\/\/veedoloil.com\/tr\/wp-json\/wp\/v2\/pages\/384\/revisions\/1536"}],"up":[{"embeddable":true,"href":"https:\/\/veedoloil.com\/tr\/wp-json\/wp\/v2\/pages\/25"}],"wp:attachment":[{"href":"https:\/\/veedoloil.com\/tr\/wp-json\/wp\/v2\/media?parent=384"}],"curies":[{"name":"wp","href":"https:\/\/api.w.org\/{rel}","templated":true}]}}