{"id":652,"date":"2025-05-05T00:11:22","date_gmt":"2025-05-04T21:11:22","guid":{"rendered":"https:\/\/veedoloil.com\/?page_id=652"},"modified":"2025-05-28T00:52:23","modified_gmt":"2025-05-27T21:52:23","slug":"fats-2","status":"publish","type":"page","link":"https:\/\/veedoloil.com\/tr\/products\/fats-2\/","title":{"rendered":"Yap\u0131\u015ft\u0131r\u0131c\u0131 Ya\u011flar"},"content":{"rendered":"<style type=\"text\/css\" data-created_by=\"avia_inline_auto\" id=\"style-css-av-ma4ex04u-046b01ca60125de9ed75c55b49018d7a\">\n#top .av-special-heading.av-ma4ex04u-046b01ca60125de9ed75c55b49018d7a{\npadding-bottom:10px;\n}\nbody .av-special-heading.av-ma4ex04u-046b01ca60125de9ed75c55b49018d7a .av-special-heading-tag .heading-char{\nfont-size:25px;\n}\n.av-special-heading.av-ma4ex04u-046b01ca60125de9ed75c55b49018d7a .av-subheading{\nfont-size:15px;\n}\n<\/style>\n<div  class='av-special-heading av-ma4ex04u-046b01ca60125de9ed75c55b49018d7a av-special-heading-h3 blockquote modern-quote modern-centered  avia-builder-el-0  el_before_av_hr  avia-builder-el-first'><h3 class='av-special-heading-tag'  itemprop=\"headline\"  >Yap\u0131\u015ft\u0131r\u0131c\u0131 Ya\u011flar<\/h3><div class=\"special-heading-border\"><div class=\"special-heading-inner-border\"><\/div><\/div><\/div>\n<div  class='hr av-22rqv5-d6128ddb2a338a03acb462123322e2a5 hr-default  avia-builder-el-1  el_after_av_heading  el_before_av_one_third'><span class='hr-inner'><span class=\"hr-inner-style\"><\/span><\/span><\/div>\n<div  class='flex_column av-1y1zr5-8ec9fdad24668597162fca75d5b17374 av_one_third  avia-builder-el-2  el_after_av_hr  avia-builder-el-last  first flex_column_div'     ><p>\n<style type=\"text\/css\" data-created_by=\"avia_inline_auto\" id=\"style-css-av-ma4fgaqq-c867ea7fa9c1fef5ad1da10c2226f3b3\">\n.avia-image-container.av-ma4fgaqq-c867ea7fa9c1fef5ad1da10c2226f3b3 img.avia_image{\nbox-shadow:none;\n}\n.avia-image-container.av-ma4fgaqq-c867ea7fa9c1fef5ad1da10c2226f3b3 .av-image-caption-overlay-center{\ncolor:#ffffff;\n}\n<\/style>\n<div  class='avia-image-container av-ma4fgaqq-c867ea7fa9c1fef5ad1da10c2226f3b3 av-styling- avia-align-center  avia-builder-el-3  el_before_av_heading  avia-builder-el-first'   itemprop=\"image\" itemscope=\"itemscope\" itemtype=\"https:\/\/schema.org\/ImageObject\" ><div class=\"avia-image-container-inner\"><div class=\"avia-image-overlay-wrap\"><img decoding=\"async\" fetchpriority=\"high\" class='wp-image-676 avia-img-lazy-loading-not-676 avia_image' src=\"https:\/\/veedoloil.com\/wp-content\/uploads\/2025\/05\/130-industie_barrel-300x217.jpg\" alt='' title='130-industie_barrel'  height=\"217\" width=\"300\"  itemprop=\"thumbnailUrl\" srcset=\"https:\/\/veedoloil.com\/wp-content\/uploads\/2025\/05\/130-industie_barrel-300x217.jpg 300w, https:\/\/veedoloil.com\/wp-content\/uploads\/2025\/05\/130-industie_barrel-18x12.jpg 18w, https:\/\/veedoloil.com\/wp-content\/uploads\/2025\/05\/130-industie_barrel.jpg 370w\" sizes=\"(max-width: 300px) 100vw, 300px\" \/><\/div><\/div><\/div><br \/>\n\n<style type=\"text\/css\" data-created_by=\"avia_inline_auto\" id=\"style-css-av-ma4fgkrt-eb5e967adfbddce382d76be2a09a8a15\">\n#top .av-special-heading.av-ma4fgkrt-eb5e967adfbddce382d76be2a09a8a15{\npadding-bottom:10px;\n}\nbody .av-special-heading.av-ma4fgkrt-eb5e967adfbddce382d76be2a09a8a15 .av-special-heading-tag .heading-char{\nfont-size:25px;\n}\n.av-special-heading.av-ma4fgkrt-eb5e967adfbddce382d76be2a09a8a15 .av-subheading{\nfont-size:15px;\n}\n<\/style>\n<div  class='av-special-heading av-ma4fgkrt-eb5e967adfbddce382d76be2a09a8a15 av-special-heading-h3 blockquote modern-quote modern-centered  avia-builder-el-4  el_after_av_image  el_before_av_textblock'><h3 class='av-special-heading-tag'  itemprop=\"headline\"  >Veedol Tack-Oil 320<\/h3><div class=\"special-heading-border\"><div class=\"special-heading-inner-border\"><\/div><\/div><\/div><br \/>\n<section  class='av_textblock_section av-ma4fjclv-5a4695074ce9fd752f72b84c9200bc16'   itemscope=\"itemscope\" itemtype=\"https:\/\/schema.org\/CreativeWork\" ><div class='avia_textblock'  itemprop=\"text\" ><p><span style=\"font-weight: 400;\">Metal y\u00fczeylerde yap\u0131\u015fmay\u0131 artt\u0131rmak i\u00e7in se\u00e7ilmi\u015f baz ya\u011flar ve \u00f6zel katk\u0131 maddeleri esasl\u0131 yap\u0131\u015ft\u0131r\u0131c\u0131 ve ya\u011flay\u0131c\u0131 ya\u011fd\u0131r.<\/span><\/p>\n<\/div><\/section><br \/>\n<div  class='avia-button-wrap avia-button-center  avia-builder-el-6  el_after_av_textblock  avia-builder-el-last'>\n<style type=\"text\/css\" data-created_by=\"avia_inline_auto\" id=\"style-css-av-ma4g7m9w-43b27dd85802f2027c4241d4b3ffb3df\">\n#top #wrap_all .avia-button.av-ma4g7m9w-43b27dd85802f2027c4241d4b3ffb3df:hover{\ncolor:blue;\ntransition:all 0.4s ease-in-out;\n}\n<\/style>\n<a href='https:\/\/veedoloil.com\/tr\/2025\/05\/08\/specialties-1\/' class='avia-color-light avia-font-color-theme-color-highlight avia-button avia-button-fullwidth av-ma4g7m9w-43b27dd85802f2027c4241d4b3ffb3df avia-icon_select-yes-left-icon avia-color-light'  ><span class='avia_button_icon avia_button_icon_left' aria-hidden='true' data-av_icon='\ue84e' data-av_iconfont='entypo-fontello'><\/span><span class='avia_iconbox_title' >Daha Fazla Bilgi<\/span><span class='avia_button_background avia-button avia-button-fullwidth avia-color-theme-color-highlight'><\/span><\/a><\/div><\/p><\/div>","protected":false},"excerpt":{"rendered":"","protected":false},"author":1,"featured_media":0,"parent":25,"menu_order":0,"comment_status":"closed","ping_status":"closed","template":"","meta":{"footnotes":""},"class_list":["post-652","page","type-page","status-publish","hentry"],"_links":{"self":[{"href":"https:\/\/veedoloil.com\/tr\/wp-json\/wp\/v2\/pages\/652","targetHints":{"allow":["GET"]}}],"collection":[{"href":"https:\/\/veedoloil.com\/tr\/wp-json\/wp\/v2\/pages"}],"about":[{"href":"https:\/\/veedoloil.com\/tr\/wp-json\/wp\/v2\/types\/page"}],"author":[{"embeddable":true,"href":"https:\/\/veedoloil.com\/tr\/wp-json\/wp\/v2\/users\/1"}],"replies":[{"embeddable":true,"href":"https:\/\/veedoloil.com\/tr\/wp-json\/wp\/v2\/comments?post=652"}],"version-history":[{"count":5,"href":"https:\/\/veedoloil.com\/tr\/wp-json\/wp\/v2\/pages\/652\/revisions"}],"predecessor-version":[{"id":1473,"href":"https:\/\/veedoloil.com\/tr\/wp-json\/wp\/v2\/pages\/652\/revisions\/1473"}],"up":[{"embeddable":true,"href":"https:\/\/veedoloil.com\/tr\/wp-json\/wp\/v2\/pages\/25"}],"wp:attachment":[{"href":"https:\/\/veedoloil.com\/tr\/wp-json\/wp\/v2\/media?parent=652"}],"curies":[{"name":"wp","href":"https:\/\/api.w.org\/{rel}","templated":true}]}}