{"id":654,"date":"2025-05-05T00:12:22","date_gmt":"2025-05-04T21:12:22","guid":{"rendered":"https:\/\/veedoloil.com\/?page_id=654"},"modified":"2025-05-28T01:05:18","modified_gmt":"2025-05-27T22:05:18","slug":"fats-2-2","status":"publish","type":"page","link":"https:\/\/veedoloil.com\/tr\/products\/fats-2-2\/","title":{"rendered":"Makine \/ Dola\u015f\u0131m Ya\u011flar\u0131"},"content":{"rendered":"<style type=\"text\/css\" data-created_by=\"avia_inline_auto\" id=\"style-css-av-ma4ex04u-4bc8cd20ff5b888ef87f2c88801b2843\">\n#top .av-special-heading.av-ma4ex04u-4bc8cd20ff5b888ef87f2c88801b2843{\npadding-bottom:10px;\n}\nbody .av-special-heading.av-ma4ex04u-4bc8cd20ff5b888ef87f2c88801b2843 .av-special-heading-tag .heading-char{\nfont-size:25px;\n}\n.av-special-heading.av-ma4ex04u-4bc8cd20ff5b888ef87f2c88801b2843 .av-subheading{\nfont-size:15px;\n}\n<\/style>\n<div  class='av-special-heading av-ma4ex04u-4bc8cd20ff5b888ef87f2c88801b2843 av-special-heading-h3 blockquote modern-quote modern-centered  avia-builder-el-0  el_before_av_hr  avia-builder-el-first'><h3 class='av-special-heading-tag'  itemprop=\"headline\"  >Makine\/Dola\u015f\u0131m Ya\u011flar\u0131<\/h3><div class=\"special-heading-border\"><div class=\"special-heading-inner-border\"><\/div><\/div><\/div>\n<div  class='hr av-22rqv5-d6128ddb2a338a03acb462123322e2a5 hr-default  avia-builder-el-1  el_after_av_heading  el_before_av_one_third'><span class='hr-inner'><span class=\"hr-inner-style\"><\/span><\/span><\/div>\n<div  class='flex_column av-1y1zr5-8ec9fdad24668597162fca75d5b17374 av_one_third  avia-builder-el-2  el_after_av_hr  el_before_av_one_third  first flex_column_div'     ><p>\n<style type=\"text\/css\" data-created_by=\"avia_inline_auto\" id=\"style-css-av-ma4fgaqq-b100fe1a9632ed33b09ddedcb944b8db\">\n.avia-image-container.av-ma4fgaqq-b100fe1a9632ed33b09ddedcb944b8db img.avia_image{\nbox-shadow:none;\n}\n.avia-image-container.av-ma4fgaqq-b100fe1a9632ed33b09ddedcb944b8db .av-image-caption-overlay-center{\ncolor:#ffffff;\n}\n<\/style>\n<div  class='avia-image-container av-ma4fgaqq-b100fe1a9632ed33b09ddedcb944b8db av-styling- avia-align-center  avia-builder-el-3  el_before_av_heading  avia-builder-el-first'   itemprop=\"image\" itemscope=\"itemscope\" itemtype=\"https:\/\/schema.org\/ImageObject\" ><div class=\"avia-image-container-inner\"><div class=\"avia-image-overlay-wrap\"><img decoding=\"async\" fetchpriority=\"high\" class='wp-image-681 avia-img-lazy-loading-not-681 avia_image' src=\"https:\/\/veedoloil.com\/wp-content\/uploads\/2025\/05\/131-industie_barrel-300x217.jpg\" alt='' title='131-industie_barrel'  height=\"217\" width=\"300\"  itemprop=\"thumbnailUrl\" srcset=\"https:\/\/veedoloil.com\/wp-content\/uploads\/2025\/05\/131-industie_barrel-300x217.jpg 300w, https:\/\/veedoloil.com\/wp-content\/uploads\/2025\/05\/131-industie_barrel-18x12.jpg 18w, https:\/\/veedoloil.com\/wp-content\/uploads\/2025\/05\/131-industie_barrel.jpg 370w\" sizes=\"(max-width: 300px) 100vw, 300px\" \/><\/div><\/div><\/div><br \/>\n\n<style type=\"text\/css\" data-created_by=\"avia_inline_auto\" id=\"style-css-av-ma4fgkrt-7881d17f6e51eb8857e66f3e8356ed67\">\n#top .av-special-heading.av-ma4fgkrt-7881d17f6e51eb8857e66f3e8356ed67{\npadding-bottom:10px;\n}\nbody .av-special-heading.av-ma4fgkrt-7881d17f6e51eb8857e66f3e8356ed67 .av-special-heading-tag .heading-char{\nfont-size:25px;\n}\n.av-special-heading.av-ma4fgkrt-7881d17f6e51eb8857e66f3e8356ed67 .av-subheading{\nfont-size:15px;\n}\n<\/style>\n<div  class='av-special-heading av-ma4fgkrt-7881d17f6e51eb8857e66f3e8356ed67 av-special-heading-h3 blockquote modern-quote modern-centered  avia-builder-el-4  el_after_av_image  el_before_av_textblock'><h3 class='av-special-heading-tag'  itemprop=\"headline\"  >Veedol CGLP Slideway Oils<\/h3><div class=\"special-heading-border\"><div class=\"special-heading-inner-border\"><\/div><\/div><\/div><br \/>\n<section  class='av_textblock_section av-ma4fjclv-5a4695074ce9fd752f72b84c9200bc16'   itemscope=\"itemscope\" itemtype=\"https:\/\/schema.org\/CreativeWork\" ><div class='avia_textblock'  itemprop=\"text\" ><ol>\n<li style=\"font-weight: 400;\" aria-level=\"1\"><span style=\"font-weight: 400;\">Modern tak\u0131m tezgahlar\u0131n\u0131n en y\u00fcksek kalite standartlar\u0131n\u0131 kar\u015f\u0131lamak \u00fczere tasarlanm\u0131\u015f y\u00fcksek kaliteli ya\u011flay\u0131c\u0131lar.<\/span><\/li>\n<\/ol>\n<\/div><\/section><br \/>\n<div  class='avia-button-wrap avia-button-center  avia-builder-el-6  el_after_av_textblock  avia-builder-el-last'>\n<style type=\"text\/css\" data-created_by=\"avia_inline_auto\" id=\"style-css-av-ma4g7m9w-1cf94b54d5aaa1b670e909f57aa115e2\">\n#top #wrap_all .avia-button.av-ma4g7m9w-1cf94b54d5aaa1b670e909f57aa115e2:hover{\ncolor:blue;\ntransition:all 0.4s ease-in-out;\n}\n<\/style>\n<a href='https:\/\/veedoloil.com\/tr\/2025\/05\/08\/specialties-2\/' class='avia-color-light avia-font-color-theme-color-highlight avia-button avia-button-fullwidth av-ma4g7m9w-1cf94b54d5aaa1b670e909f57aa115e2 avia-icon_select-yes-left-icon avia-color-light'  ><span class='avia_button_icon avia_button_icon_left' aria-hidden='true' data-av_icon='\ue84e' data-av_iconfont='entypo-fontello'><\/span><span class='avia_iconbox_title' >Daha Fazla Bilgi<\/span><span class='avia_button_background avia-button avia-button-fullwidth avia-color-theme-color-highlight'><\/span><\/a><\/div><\/p><\/div><div  class='flex_column av-mzerq-ac793b064bcf930e6cd21861e6271b5a av_one_third  avia-builder-el-7  el_after_av_one_third  avia-builder-el-last  flex_column_div'     ><p>\n<style type=\"text\/css\" data-created_by=\"avia_inline_auto\" id=\"style-css-av-fkhz2-eac12f95170dce7c873aa6f1600cc06a\">\n.avia-image-container.av-fkhz2-eac12f95170dce7c873aa6f1600cc06a img.avia_image{\nbox-shadow:none;\n}\n.avia-image-container.av-fkhz2-eac12f95170dce7c873aa6f1600cc06a .av-image-caption-overlay-center{\ncolor:#ffffff;\n}\n<\/style>\n<div  class='avia-image-container av-fkhz2-eac12f95170dce7c873aa6f1600cc06a av-styling- avia-align-center  avia-builder-el-8  el_before_av_heading  avia-builder-el-first'   itemprop=\"image\" itemscope=\"itemscope\" itemtype=\"https:\/\/schema.org\/ImageObject\" ><div class=\"avia-image-container-inner\"><div class=\"avia-image-overlay-wrap\"><img decoding=\"async\" fetchpriority=\"high\" class='wp-image-681 avia-img-lazy-loading-not-681 avia_image' src=\"https:\/\/veedoloil.com\/wp-content\/uploads\/2025\/05\/131-industie_barrel-300x217.jpg\" alt='' title='131-industie_barrel'  height=\"217\" width=\"300\"  itemprop=\"thumbnailUrl\" srcset=\"https:\/\/veedoloil.com\/wp-content\/uploads\/2025\/05\/131-industie_barrel-300x217.jpg 300w, https:\/\/veedoloil.com\/wp-content\/uploads\/2025\/05\/131-industie_barrel-18x12.jpg 18w, https:\/\/veedoloil.com\/wp-content\/uploads\/2025\/05\/131-industie_barrel.jpg 370w\" sizes=\"(max-width: 300px) 100vw, 300px\" \/><\/div><\/div><\/div><br \/>\n\n<style type=\"text\/css\" data-created_by=\"avia_inline_auto\" id=\"style-css-av-maa6lqnt-c5b5ed2d2f3158ef792bcb1d2a67fafe\">\n#top .av-special-heading.av-maa6lqnt-c5b5ed2d2f3158ef792bcb1d2a67fafe{\npadding-bottom:10px;\n}\nbody .av-special-heading.av-maa6lqnt-c5b5ed2d2f3158ef792bcb1d2a67fafe .av-special-heading-tag .heading-char{\nfont-size:25px;\n}\n.av-special-heading.av-maa6lqnt-c5b5ed2d2f3158ef792bcb1d2a67fafe .av-subheading{\nfont-size:15px;\n}\n<\/style>\n<div  class='av-special-heading av-maa6lqnt-c5b5ed2d2f3158ef792bcb1d2a67fafe av-special-heading-h3 blockquote modern-quote modern-centered  avia-builder-el-9  el_after_av_image  el_before_av_textblock'><h3 class='av-special-heading-tag'  itemprop=\"headline\"  >Veedol Spindle-Oil Series<\/h3><div class=\"special-heading-border\"><div class=\"special-heading-inner-border\"><\/div><\/div><\/div><br \/>\n<section  class='av_textblock_section av-maa6m4up-025ea1b2a6e9021fc6561db046f687e3'   itemscope=\"itemscope\" itemtype=\"https:\/\/schema.org\/CreativeWork\" ><div class='avia_textblock'  itemprop=\"text\" ><p><span style=\"font-weight: 400;\">M\u00fckemmel korozyon korumas\u0131 ve g\u00fc\u00e7l\u00fc temizleme \u00f6zelliklerine sahip \u00f6zel mil ya\u011flar\u0131.<\/span><\/p>\n<\/div><\/section><br \/>\n<div  class='avia-button-wrap avia-button-center  avia-builder-el-11  el_after_av_textblock  avia-builder-el-last'>\n<style type=\"text\/css\" data-created_by=\"avia_inline_auto\" id=\"style-css-av-9yeie-560931a69c573e434024635128166d03\">\n#top #wrap_all .avia-button.av-9yeie-560931a69c573e434024635128166d03:hover{\ncolor:blue;\ntransition:all 0.4s ease-in-out;\n}\n<\/style>\n<a href='https:\/\/veedoloil.com\/tr\/2025\/05\/08\/specialties-3\/' class='avia-color-light avia-font-color-theme-color-highlight avia-button avia-button-fullwidth av-9yeie-560931a69c573e434024635128166d03 avia-icon_select-yes-left-icon avia-color-light'  ><span class='avia_button_icon avia_button_icon_left' aria-hidden='true' data-av_icon='\ue84e' data-av_iconfont='entypo-fontello'><\/span><span class='avia_iconbox_title' >Daha Fazla Bilgi<\/span><span class='avia_button_background avia-button avia-button-fullwidth avia-color-theme-color-highlight'><\/span><\/a><\/div><\/p><\/div><\/p>","protected":false},"excerpt":{"rendered":"","protected":false},"author":1,"featured_media":0,"parent":25,"menu_order":0,"comment_status":"closed","ping_status":"closed","template":"","meta":{"footnotes":""},"class_list":["post-654","page","type-page","status-publish","hentry"],"_links":{"self":[{"href":"https:\/\/veedoloil.com\/tr\/wp-json\/wp\/v2\/pages\/654","targetHints":{"allow":["GET"]}}],"collection":[{"href":"https:\/\/veedoloil.com\/tr\/wp-json\/wp\/v2\/pages"}],"about":[{"href":"https:\/\/veedoloil.com\/tr\/wp-json\/wp\/v2\/types\/page"}],"author":[{"embeddable":true,"href":"https:\/\/veedoloil.com\/tr\/wp-json\/wp\/v2\/users\/1"}],"replies":[{"embeddable":true,"href":"https:\/\/veedoloil.com\/tr\/wp-json\/wp\/v2\/comments?post=654"}],"version-history":[{"count":4,"href":"https:\/\/veedoloil.com\/tr\/wp-json\/wp\/v2\/pages\/654\/revisions"}],"predecessor-version":[{"id":1476,"href":"https:\/\/veedoloil.com\/tr\/wp-json\/wp\/v2\/pages\/654\/revisions\/1476"}],"up":[{"embeddable":true,"href":"https:\/\/veedoloil.com\/tr\/wp-json\/wp\/v2\/pages\/25"}],"wp:attachment":[{"href":"https:\/\/veedoloil.com\/tr\/wp-json\/wp\/v2\/media?parent=654"}],"curies":[{"name":"wp","href":"https:\/\/api.w.org\/{rel}","templated":true}]}}