{"id":656,"date":"2025-05-05T00:13:14","date_gmt":"2025-05-04T21:13:14","guid":{"rendered":"https:\/\/veedoloil.com\/?page_id=656"},"modified":"2025-05-28T01:07:56","modified_gmt":"2025-05-27T22:07:56","slug":"fats-2-3","status":"publish","type":"page","link":"https:\/\/veedoloil.com\/tr\/products\/fats-2-3\/","title":{"rendered":"Pn\u00f6matik ya\u011flar"},"content":{"rendered":"<style type=\"text\/css\" data-created_by=\"avia_inline_auto\" id=\"style-css-av-ma4ex04u-61d9e9eae707d8f33110ed854bf4d97d\">\n#top .av-special-heading.av-ma4ex04u-61d9e9eae707d8f33110ed854bf4d97d{\npadding-bottom:10px;\n}\nbody .av-special-heading.av-ma4ex04u-61d9e9eae707d8f33110ed854bf4d97d .av-special-heading-tag .heading-char{\nfont-size:25px;\n}\n.av-special-heading.av-ma4ex04u-61d9e9eae707d8f33110ed854bf4d97d .av-subheading{\nfont-size:15px;\n}\n<\/style>\n<div  class='av-special-heading av-ma4ex04u-61d9e9eae707d8f33110ed854bf4d97d av-special-heading-h3 blockquote modern-quote modern-centered  avia-builder-el-0  el_before_av_hr  avia-builder-el-first'><h3 class='av-special-heading-tag'  itemprop=\"headline\"  >Pn\u00f6matik ya\u011flar<\/h3><div class=\"special-heading-border\"><div class=\"special-heading-inner-border\"><\/div><\/div><\/div>\n<div  class='hr av-22rqv5-d6128ddb2a338a03acb462123322e2a5 hr-default  avia-builder-el-1  el_after_av_heading  el_before_av_one_third'><span class='hr-inner'><span class=\"hr-inner-style\"><\/span><\/span><\/div>\n<div  class='flex_column av-1y1zr5-8ec9fdad24668597162fca75d5b17374 av_one_third  avia-builder-el-2  el_after_av_hr  el_before_av_one_third  first flex_column_div'     ><p>\n<style type=\"text\/css\" data-created_by=\"avia_inline_auto\" id=\"style-css-av-ma4fgaqq-03cd5696da598ee3d37307f7256117ae\">\n.avia-image-container.av-ma4fgaqq-03cd5696da598ee3d37307f7256117ae img.avia_image{\nbox-shadow:none;\n}\n.avia-image-container.av-ma4fgaqq-03cd5696da598ee3d37307f7256117ae .av-image-caption-overlay-center{\ncolor:#ffffff;\n}\n<\/style>\n<div  class='avia-image-container av-ma4fgaqq-03cd5696da598ee3d37307f7256117ae av-styling- avia-align-center  avia-builder-el-3  el_before_av_heading  avia-builder-el-first'   itemprop=\"image\" itemscope=\"itemscope\" itemtype=\"https:\/\/schema.org\/ImageObject\" ><div class=\"avia-image-container-inner\"><div class=\"avia-image-overlay-wrap\"><img decoding=\"async\" fetchpriority=\"high\" class='wp-image-683 avia-img-lazy-loading-not-683 avia_image' src=\"https:\/\/veedoloil.com\/wp-content\/uploads\/2025\/05\/133-industie_barrel-300x217.jpg\" alt='' title='133-industie_barrel'  height=\"217\" width=\"300\"  itemprop=\"thumbnailUrl\" srcset=\"https:\/\/veedoloil.com\/wp-content\/uploads\/2025\/05\/133-industie_barrel-300x217.jpg 300w, https:\/\/veedoloil.com\/wp-content\/uploads\/2025\/05\/133-industie_barrel-18x12.jpg 18w, https:\/\/veedoloil.com\/wp-content\/uploads\/2025\/05\/133-industie_barrel.jpg 370w\" sizes=\"(max-width: 300px) 100vw, 300px\" \/><\/div><\/div><\/div><br \/>\n\n<style type=\"text\/css\" data-created_by=\"avia_inline_auto\" id=\"style-css-av-ma4fgkrt-eb2323472903ce511a83691745a7cca9\">\n#top .av-special-heading.av-ma4fgkrt-eb2323472903ce511a83691745a7cca9{\npadding-bottom:10px;\n}\nbody .av-special-heading.av-ma4fgkrt-eb2323472903ce511a83691745a7cca9 .av-special-heading-tag .heading-char{\nfont-size:25px;\n}\n.av-special-heading.av-ma4fgkrt-eb2323472903ce511a83691745a7cca9 .av-subheading{\nfont-size:15px;\n}\n<\/style>\n<div  class='av-special-heading av-ma4fgkrt-eb2323472903ce511a83691745a7cca9 av-special-heading-h3 blockquote modern-quote modern-centered  avia-builder-el-4  el_after_av_image  el_before_av_textblock'><h3 class='av-special-heading-tag'  itemprop=\"headline\"  >Veedol Pneumatic-Motor-Oil 10<\/h3><div class=\"special-heading-border\"><div class=\"special-heading-inner-border\"><\/div><\/div><\/div><br \/>\n<section  class='av_textblock_section av-ma4fjclv-5a4695074ce9fd752f72b84c9200bc16'   itemscope=\"itemscope\" itemtype=\"https:\/\/schema.org\/CreativeWork\" ><div class='avia_textblock'  itemprop=\"text\" ><p><span style=\"font-weight: 400;\">\u0130n\u015faat sekt\u00f6r\u00fcnde, makine m\u00fchendisli\u011finde ve ilgili end\u00fcstriyel sekt\u00f6rlerde kullan\u0131lan pn\u00f6matik alet ve motorlar\u0131n ya\u011flanmas\u0131nda evrensel olarak kullan\u0131lan, \u00f6zel mineral ya\u011f bazl\u0131 ya\u011flay\u0131c\u0131d\u0131r.<\/span><\/p>\n<\/div><\/section><br \/>\n<div  class='avia-button-wrap avia-button-center  avia-builder-el-6  el_after_av_textblock  avia-builder-el-last'>\n<style type=\"text\/css\" data-created_by=\"avia_inline_auto\" id=\"style-css-av-ma4g7m9w-8acfe82ca4447a54a8edcd4153e89efb\">\n#top #wrap_all .avia-button.av-ma4g7m9w-8acfe82ca4447a54a8edcd4153e89efb:hover{\ncolor:blue;\ntransition:all 0.4s ease-in-out;\n}\n<\/style>\n<a href='https:\/\/veedoloil.com\/tr\/2025\/05\/08\/specialties-4\/' class='avia-color-light avia-font-color-theme-color-highlight avia-button avia-button-fullwidth av-ma4g7m9w-8acfe82ca4447a54a8edcd4153e89efb avia-icon_select-yes-left-icon avia-color-light'  ><span class='avia_button_icon avia_button_icon_left' aria-hidden='true' data-av_icon='\ue84e' data-av_iconfont='entypo-fontello'><\/span><span class='avia_iconbox_title' >Daha Fazla Bilgi<\/span><span class='avia_button_background avia-button avia-button-fullwidth avia-color-theme-color-highlight'><\/span><\/a><\/div><\/p><\/div><div  class='flex_column av-ike8g-b9962a34017cacdd6cab1cf4d7274a2b av_one_third  avia-builder-el-7  el_after_av_one_third  avia-builder-el-last  flex_column_div'     ><p>\n<style type=\"text\/css\" data-created_by=\"avia_inline_auto\" id=\"style-css-av-ctlsg-179af0d37395fa9e6ee26aeaeda14c1b\">\n.avia-image-container.av-ctlsg-179af0d37395fa9e6ee26aeaeda14c1b img.avia_image{\nbox-shadow:none;\n}\n.avia-image-container.av-ctlsg-179af0d37395fa9e6ee26aeaeda14c1b .av-image-caption-overlay-center{\ncolor:#ffffff;\n}\n<\/style>\n<div  class='avia-image-container av-ctlsg-179af0d37395fa9e6ee26aeaeda14c1b av-styling- avia-align-center  avia-builder-el-8  el_before_av_heading  avia-builder-el-first'   itemprop=\"image\" itemscope=\"itemscope\" itemtype=\"https:\/\/schema.org\/ImageObject\" ><div class=\"avia-image-container-inner\"><div class=\"avia-image-overlay-wrap\"><img decoding=\"async\" fetchpriority=\"high\" class='wp-image-683 avia-img-lazy-loading-not-683 avia_image' src=\"https:\/\/veedoloil.com\/wp-content\/uploads\/2025\/05\/133-industie_barrel-300x217.jpg\" alt='' title='133-industie_barrel'  height=\"217\" width=\"300\"  itemprop=\"thumbnailUrl\" srcset=\"https:\/\/veedoloil.com\/wp-content\/uploads\/2025\/05\/133-industie_barrel-300x217.jpg 300w, https:\/\/veedoloil.com\/wp-content\/uploads\/2025\/05\/133-industie_barrel-18x12.jpg 18w, https:\/\/veedoloil.com\/wp-content\/uploads\/2025\/05\/133-industie_barrel.jpg 370w\" sizes=\"(max-width: 300px) 100vw, 300px\" \/><\/div><\/div><\/div><br \/>\n\n<style type=\"text\/css\" data-created_by=\"avia_inline_auto\" id=\"style-css-av-maa6rvwe-64aceb76df3dca7cc0566d9c95880197\">\n#top .av-special-heading.av-maa6rvwe-64aceb76df3dca7cc0566d9c95880197{\npadding-bottom:10px;\n}\nbody .av-special-heading.av-maa6rvwe-64aceb76df3dca7cc0566d9c95880197 .av-special-heading-tag .heading-char{\nfont-size:25px;\n}\n.av-special-heading.av-maa6rvwe-64aceb76df3dca7cc0566d9c95880197 .av-subheading{\nfont-size:15px;\n}\n<\/style>\n<div  class='av-special-heading av-maa6rvwe-64aceb76df3dca7cc0566d9c95880197 av-special-heading-h3 blockquote modern-quote modern-centered  avia-builder-el-9  el_after_av_image  el_before_av_textblock'><h3 class='av-special-heading-tag'  itemprop=\"headline\"  >Veedol Pneumatic-Motor-Oil 32 <\/h3><div class=\"special-heading-border\"><div class=\"special-heading-inner-border\"><\/div><\/div><\/div><br \/>\n<section  class='av_textblock_section av-maa6sm5n-1f4ff79f27efd19f74cb52e30dac5a91'   itemscope=\"itemscope\" itemtype=\"https:\/\/schema.org\/CreativeWork\" ><div class='avia_textblock'  itemprop=\"text\" ><p><span style=\"font-weight: 400;\">\u0130n\u015faat sekt\u00f6r\u00fcnde, makine m\u00fchendisli\u011finde ve ilgili end\u00fcstriyel sekt\u00f6rlerde kullan\u0131lan pn\u00f6matik alet ve motorlar\u0131n ya\u011flanmas\u0131nda evrensel olarak kullan\u0131lan, \u00f6zel mineral ya\u011f bazl\u0131 ya\u011flay\u0131c\u0131d\u0131r.<\/span><\/p>\n<\/div><\/section><br \/>\n<div  class='avia-button-wrap avia-button-center  avia-builder-el-11  el_after_av_textblock  avia-builder-el-last'>\n<style type=\"text\/css\" data-created_by=\"avia_inline_auto\" id=\"style-css-av-756zs-e8a668c69c7cec0fee6dd68e4b8bd15f\">\n#top #wrap_all .avia-button.av-756zs-e8a668c69c7cec0fee6dd68e4b8bd15f:hover{\ncolor:blue;\ntransition:all 0.4s ease-in-out;\n}\n<\/style>\n<a href='https:\/\/veedoloil.com\/tr\/2025\/05\/08\/specialties-5\/' class='avia-color-light avia-font-color-theme-color-highlight avia-button avia-button-fullwidth av-756zs-e8a668c69c7cec0fee6dd68e4b8bd15f avia-icon_select-yes-left-icon avia-color-light'  ><span class='avia_button_icon avia_button_icon_left' aria-hidden='true' data-av_icon='\ue84e' data-av_iconfont='entypo-fontello'><\/span><span class='avia_iconbox_title' >Daha Fazla Bilgi<\/span><span class='avia_button_background avia-button avia-button-fullwidth avia-color-theme-color-highlight'><\/span><\/a><\/div><\/p><\/div><\/p>","protected":false},"excerpt":{"rendered":"","protected":false},"author":1,"featured_media":0,"parent":25,"menu_order":0,"comment_status":"closed","ping_status":"closed","template":"","meta":{"footnotes":""},"class_list":["post-656","page","type-page","status-publish","hentry"],"_links":{"self":[{"href":"https:\/\/veedoloil.com\/tr\/wp-json\/wp\/v2\/pages\/656","targetHints":{"allow":["GET"]}}],"collection":[{"href":"https:\/\/veedoloil.com\/tr\/wp-json\/wp\/v2\/pages"}],"about":[{"href":"https:\/\/veedoloil.com\/tr\/wp-json\/wp\/v2\/types\/page"}],"author":[{"embeddable":true,"href":"https:\/\/veedoloil.com\/tr\/wp-json\/wp\/v2\/users\/1"}],"replies":[{"embeddable":true,"href":"https:\/\/veedoloil.com\/tr\/wp-json\/wp\/v2\/comments?post=656"}],"version-history":[{"count":5,"href":"https:\/\/veedoloil.com\/tr\/wp-json\/wp\/v2\/pages\/656\/revisions"}],"predecessor-version":[{"id":1477,"href":"https:\/\/veedoloil.com\/tr\/wp-json\/wp\/v2\/pages\/656\/revisions\/1477"}],"up":[{"embeddable":true,"href":"https:\/\/veedoloil.com\/tr\/wp-json\/wp\/v2\/pages\/25"}],"wp:attachment":[{"href":"https:\/\/veedoloil.com\/tr\/wp-json\/wp\/v2\/media?parent=656"}],"curies":[{"name":"wp","href":"https:\/\/api.w.org\/{rel}","templated":true}]}}