{"id":658,"date":"2025-05-05T00:14:05","date_gmt":"2025-05-04T21:14:05","guid":{"rendered":"https:\/\/veedoloil.com\/?page_id=658"},"modified":"2025-05-28T01:15:37","modified_gmt":"2025-05-27T22:15:37","slug":"fats-2-4","status":"publish","type":"page","link":"https:\/\/veedoloil.com\/tr\/products\/fats-2-4\/","title":{"rendered":"Testere Ya\u011flar\u0131"},"content":{"rendered":"<style type=\"text\/css\" data-created_by=\"avia_inline_auto\" id=\"style-css-av-ma4ex04u-0afd67a77d6b53664f07f2bc6f23eb6c\">\n#top .av-special-heading.av-ma4ex04u-0afd67a77d6b53664f07f2bc6f23eb6c{\npadding-bottom:10px;\n}\nbody .av-special-heading.av-ma4ex04u-0afd67a77d6b53664f07f2bc6f23eb6c .av-special-heading-tag .heading-char{\nfont-size:25px;\n}\n.av-special-heading.av-ma4ex04u-0afd67a77d6b53664f07f2bc6f23eb6c .av-subheading{\nfont-size:15px;\n}\n<\/style>\n<div  class='av-special-heading av-ma4ex04u-0afd67a77d6b53664f07f2bc6f23eb6c av-special-heading-h3 blockquote modern-quote modern-centered  avia-builder-el-0  el_before_av_hr  avia-builder-el-first'><h3 class='av-special-heading-tag'  itemprop=\"headline\"  >Testere Ya\u011flar\u0131<\/h3><div class=\"special-heading-border\"><div class=\"special-heading-inner-border\"><\/div><\/div><\/div>\n<div  class='hr av-22rqv5-d6128ddb2a338a03acb462123322e2a5 hr-default  avia-builder-el-1  el_after_av_heading  el_before_av_one_third'><span class='hr-inner'><span class=\"hr-inner-style\"><\/span><\/span><\/div>\n<div  class='flex_column av-1y1zr5-8ec9fdad24668597162fca75d5b17374 av_one_third  avia-builder-el-2  el_after_av_hr  el_before_av_one_third  first flex_column_div'     ><p>\n<style type=\"text\/css\" data-created_by=\"avia_inline_auto\" id=\"style-css-av-ma4fgaqq-934e3f3ba369868ff3870d2216a74bc9\">\n.avia-image-container.av-ma4fgaqq-934e3f3ba369868ff3870d2216a74bc9 img.avia_image{\nbox-shadow:none;\n}\n.avia-image-container.av-ma4fgaqq-934e3f3ba369868ff3870d2216a74bc9 .av-image-caption-overlay-center{\ncolor:#ffffff;\n}\n<\/style>\n<div  class='avia-image-container av-ma4fgaqq-934e3f3ba369868ff3870d2216a74bc9 av-styling- avia-align-center  avia-builder-el-3  el_before_av_heading  avia-builder-el-first'   itemprop=\"image\" itemscope=\"itemscope\" itemtype=\"https:\/\/schema.org\/ImageObject\" ><div class=\"avia-image-container-inner\"><div class=\"avia-image-overlay-wrap\"><img decoding=\"async\" fetchpriority=\"high\" class='wp-image-688 avia-img-lazy-loading-not-688 avia_image' src=\"https:\/\/veedoloil.com\/wp-content\/uploads\/2025\/05\/135-bio-chain-300x200.jpg\" alt='' title='135-bio-chain'  height=\"200\" width=\"300\"  itemprop=\"thumbnailUrl\" srcset=\"https:\/\/veedoloil.com\/wp-content\/uploads\/2025\/05\/135-bio-chain-300x200.jpg 300w, https:\/\/veedoloil.com\/wp-content\/uploads\/2025\/05\/135-bio-chain-1030x687.jpg 1030w, https:\/\/veedoloil.com\/wp-content\/uploads\/2025\/05\/135-bio-chain-768x512.jpg 768w, https:\/\/veedoloil.com\/wp-content\/uploads\/2025\/05\/135-bio-chain-18x12.jpg 18w, https:\/\/veedoloil.com\/wp-content\/uploads\/2025\/05\/135-bio-chain-705x470.jpg 705w, https:\/\/veedoloil.com\/wp-content\/uploads\/2025\/05\/135-bio-chain.jpg 1200w\" sizes=\"(max-width: 300px) 100vw, 300px\" \/><\/div><\/div><\/div><br \/>\n\n<style type=\"text\/css\" data-created_by=\"avia_inline_auto\" id=\"style-css-av-ma4fgkrt-85558173f5c38bac1882482e55559825\">\n#top .av-special-heading.av-ma4fgkrt-85558173f5c38bac1882482e55559825{\npadding-bottom:10px;\n}\nbody .av-special-heading.av-ma4fgkrt-85558173f5c38bac1882482e55559825 .av-special-heading-tag .heading-char{\nfont-size:25px;\n}\n.av-special-heading.av-ma4fgkrt-85558173f5c38bac1882482e55559825 .av-subheading{\nfont-size:15px;\n}\n<\/style>\n<div  class='av-special-heading av-ma4fgkrt-85558173f5c38bac1882482e55559825 av-special-heading-h3 blockquote modern-quote modern-centered  avia-builder-el-4  el_after_av_image  el_before_av_textblock'><h3 class='av-special-heading-tag'  itemprop=\"headline\"  >Veedol Bio-Chain<\/h3><div class=\"special-heading-border\"><div class=\"special-heading-inner-border\"><\/div><\/div><\/div><br \/>\n<section  class='av_textblock_section av-ma4fjclv-5a4695074ce9fd752f72b84c9200bc16'   itemscope=\"itemscope\" itemtype=\"https:\/\/schema.org\/CreativeWork\" ><div class='avia_textblock'  itemprop=\"text\" ><p><span style=\"font-weight: 400;\">Motorlu testerelerde profesyonel kullan\u0131ma y\u00f6nelik, kolza ya\u011f\u0131 esasl\u0131, \u00e7evre dostu motorlu testere ya\u011f\u0131.<\/span><\/p>\n<\/div><\/section><br \/>\n<div  class='avia-button-wrap avia-button-center  avia-builder-el-6  el_after_av_textblock  avia-builder-el-last'>\n<style type=\"text\/css\" data-created_by=\"avia_inline_auto\" id=\"style-css-av-ma4g7m9w-4aae435d37a81c305b643b77cb872988\">\n#top #wrap_all .avia-button.av-ma4g7m9w-4aae435d37a81c305b643b77cb872988:hover{\ncolor:blue;\ntransition:all 0.4s ease-in-out;\n}\n<\/style>\n<a href='https:\/\/veedoloil.com\/tr\/2025\/05\/08\/specialties-6\/' class='avia-color-light avia-font-color-theme-color-highlight avia-button avia-button-fullwidth av-ma4g7m9w-4aae435d37a81c305b643b77cb872988 avia-icon_select-yes-left-icon avia-color-light'  ><span class='avia_button_icon avia_button_icon_left' aria-hidden='true' data-av_icon='\ue84e' data-av_iconfont='entypo-fontello'><\/span><span class='avia_iconbox_title' >Daha Fazla Bilgi<\/span><span class='avia_button_background avia-button avia-button-fullwidth avia-color-theme-color-highlight'><\/span><\/a><\/div><\/p><\/div><div  class='flex_column av-h4tr6-5e3f704c016d8e55652545d0039e85f1 av_one_third  avia-builder-el-7  el_after_av_one_third  avia-builder-el-last  flex_column_div'     ><p>\n<style type=\"text\/css\" data-created_by=\"avia_inline_auto\" id=\"style-css-av-maa6xgex-075c836b15428f18920ee82e692fe04f\">\n.avia-image-container.av-maa6xgex-075c836b15428f18920ee82e692fe04f img.avia_image{\nbox-shadow:none;\n}\n.avia-image-container.av-maa6xgex-075c836b15428f18920ee82e692fe04f .av-image-caption-overlay-center{\ncolor:#ffffff;\n}\n<\/style>\n<div  class='avia-image-container av-maa6xgex-075c836b15428f18920ee82e692fe04f av-styling- avia-align-center  avia-builder-el-8  el_before_av_heading  avia-builder-el-first'   itemprop=\"image\" itemscope=\"itemscope\" itemtype=\"https:\/\/schema.org\/ImageObject\" ><div class=\"avia-image-container-inner\"><div class=\"avia-image-overlay-wrap\"><img decoding=\"async\" fetchpriority=\"high\" class='wp-image-689 avia-img-lazy-loading-not-689 avia_image' src=\"https:\/\/veedoloil.com\/wp-content\/uploads\/2025\/05\/136-chainsaw-oil-300x200.jpg\" alt='' title='136-chainsaw-oil'  height=\"200\" width=\"300\"  itemprop=\"thumbnailUrl\" srcset=\"https:\/\/veedoloil.com\/wp-content\/uploads\/2025\/05\/136-chainsaw-oil-300x200.jpg 300w, https:\/\/veedoloil.com\/wp-content\/uploads\/2025\/05\/136-chainsaw-oil-1030x687.jpg 1030w, https:\/\/veedoloil.com\/wp-content\/uploads\/2025\/05\/136-chainsaw-oil-768x512.jpg 768w, https:\/\/veedoloil.com\/wp-content\/uploads\/2025\/05\/136-chainsaw-oil-18x12.jpg 18w, https:\/\/veedoloil.com\/wp-content\/uploads\/2025\/05\/136-chainsaw-oil-705x470.jpg 705w, https:\/\/veedoloil.com\/wp-content\/uploads\/2025\/05\/136-chainsaw-oil.jpg 1200w\" sizes=\"(max-width: 300px) 100vw, 300px\" \/><\/div><\/div><\/div><br \/>\n\n<style type=\"text\/css\" data-created_by=\"avia_inline_auto\" id=\"style-css-av-maa6zc4s-334ab9b80bb73967cb6f50c43b62b329\">\n#top .av-special-heading.av-maa6zc4s-334ab9b80bb73967cb6f50c43b62b329{\npadding-bottom:10px;\n}\nbody .av-special-heading.av-maa6zc4s-334ab9b80bb73967cb6f50c43b62b329 .av-special-heading-tag .heading-char{\nfont-size:25px;\n}\n.av-special-heading.av-maa6zc4s-334ab9b80bb73967cb6f50c43b62b329 .av-subheading{\nfont-size:15px;\n}\n<\/style>\n<div  class='av-special-heading av-maa6zc4s-334ab9b80bb73967cb6f50c43b62b329 av-special-heading-h3 blockquote modern-quote modern-centered  avia-builder-el-9  el_after_av_image  el_before_av_textblock'><h3 class='av-special-heading-tag'  itemprop=\"headline\"  >Veedol Chainsaw Oil<\/h3><div class=\"special-heading-border\"><div class=\"special-heading-inner-border\"><\/div><\/div><\/div><br \/>\n<section  class='av_textblock_section av-maa6zrpx-f3643d9bceb15ec937cf5f629b598c77'   itemscope=\"itemscope\" itemtype=\"https:\/\/schema.org\/CreativeWork\" ><div class='avia_textblock'  itemprop=\"text\" ><p><span style=\"font-weight: 400;\">Motorlu testerelerde profesyonel kullan\u0131ma uygun \u00f6zel ya\u011flay\u0131c\u0131d\u0131r.<\/span><\/p>\n<\/div><\/section><br \/>\n<div  class='avia-button-wrap avia-button-center  avia-builder-el-11  el_after_av_textblock  avia-builder-el-last'>\n<style type=\"text\/css\" data-created_by=\"avia_inline_auto\" id=\"style-css-av-7x4ea-fd279cdc35cef49ae286a2564a708d3e\">\n#top #wrap_all .avia-button.av-7x4ea-fd279cdc35cef49ae286a2564a708d3e:hover{\ncolor:blue;\ntransition:all 0.4s ease-in-out;\n}\n<\/style>\n<a href='https:\/\/veedoloil.com\/tr\/2025\/05\/08\/specialties-7\/' class='avia-color-light avia-font-color-theme-color-highlight avia-button avia-button-fullwidth av-7x4ea-fd279cdc35cef49ae286a2564a708d3e avia-icon_select-yes-left-icon avia-color-light'  ><span class='avia_button_icon avia_button_icon_left' aria-hidden='true' data-av_icon='\ue84e' data-av_iconfont='entypo-fontello'><\/span><span class='avia_iconbox_title' >Daha Fazla Bilgi<\/span><span class='avia_button_background avia-button avia-button-fullwidth avia-color-theme-color-highlight'><\/span><\/a><\/div><\/p><\/div><\/p>","protected":false},"excerpt":{"rendered":"","protected":false},"author":1,"featured_media":0,"parent":25,"menu_order":0,"comment_status":"closed","ping_status":"closed","template":"","meta":{"footnotes":""},"class_list":["post-658","page","type-page","status-publish","hentry"],"_links":{"self":[{"href":"https:\/\/veedoloil.com\/tr\/wp-json\/wp\/v2\/pages\/658","targetHints":{"allow":["GET"]}}],"collection":[{"href":"https:\/\/veedoloil.com\/tr\/wp-json\/wp\/v2\/pages"}],"about":[{"href":"https:\/\/veedoloil.com\/tr\/wp-json\/wp\/v2\/types\/page"}],"author":[{"embeddable":true,"href":"https:\/\/veedoloil.com\/tr\/wp-json\/wp\/v2\/users\/1"}],"replies":[{"embeddable":true,"href":"https:\/\/veedoloil.com\/tr\/wp-json\/wp\/v2\/comments?post=658"}],"version-history":[{"count":4,"href":"https:\/\/veedoloil.com\/tr\/wp-json\/wp\/v2\/pages\/658\/revisions"}],"predecessor-version":[{"id":1478,"href":"https:\/\/veedoloil.com\/tr\/wp-json\/wp\/v2\/pages\/658\/revisions\/1478"}],"up":[{"embeddable":true,"href":"https:\/\/veedoloil.com\/tr\/wp-json\/wp\/v2\/pages\/25"}],"wp:attachment":[{"href":"https:\/\/veedoloil.com\/tr\/wp-json\/wp\/v2\/media?parent=658"}],"curies":[{"name":"wp","href":"https:\/\/api.w.org\/{rel}","templated":true}]}}