{"id":660,"date":"2025-05-05T00:14:46","date_gmt":"2025-05-04T21:14:46","guid":{"rendered":"https:\/\/veedoloil.com\/?page_id=660"},"modified":"2025-05-28T01:43:41","modified_gmt":"2025-05-27T22:43:41","slug":"fats-2-5","status":"publish","type":"page","link":"https:\/\/veedoloil.com\/tr\/products\/fats-2-5\/","title":{"rendered":"Kompres\u00f6r Ya\u011flar\u0131"},"content":{"rendered":"<style type=\"text\/css\" data-created_by=\"avia_inline_auto\" id=\"style-css-av-ma4ex04u-9166841c1a994740cf666e49ba636bf3\">\n#top .av-special-heading.av-ma4ex04u-9166841c1a994740cf666e49ba636bf3{\npadding-bottom:10px;\n}\nbody .av-special-heading.av-ma4ex04u-9166841c1a994740cf666e49ba636bf3 .av-special-heading-tag .heading-char{\nfont-size:25px;\n}\n.av-special-heading.av-ma4ex04u-9166841c1a994740cf666e49ba636bf3 .av-subheading{\nfont-size:15px;\n}\n<\/style>\n<div  class='av-special-heading av-ma4ex04u-9166841c1a994740cf666e49ba636bf3 av-special-heading-h3 blockquote modern-quote modern-centered  avia-builder-el-0  el_before_av_hr  avia-builder-el-first'><h3 class='av-special-heading-tag'  itemprop=\"headline\"  >Kompres\u00f6r Ya\u011flar\u0131<\/h3><div class=\"special-heading-border\"><div class=\"special-heading-inner-border\"><\/div><\/div><\/div>\n<div  class='hr av-22rqv5-d6128ddb2a338a03acb462123322e2a5 hr-default  avia-builder-el-1  el_after_av_heading  el_before_av_one_third'><span class='hr-inner'><span class=\"hr-inner-style\"><\/span><\/span><\/div>\n<div  class='flex_column av-1y1zr5-8ec9fdad24668597162fca75d5b17374 av_one_third  avia-builder-el-2  el_after_av_hr  el_before_av_one_third  first flex_column_div'     ><p>\n<style type=\"text\/css\" data-created_by=\"avia_inline_auto\" id=\"style-css-av-ma4fgaqq-c998984d329e6d48fb3736c317c55da1\">\n.avia-image-container.av-ma4fgaqq-c998984d329e6d48fb3736c317c55da1 img.avia_image{\nbox-shadow:none;\n}\n.avia-image-container.av-ma4fgaqq-c998984d329e6d48fb3736c317c55da1 .av-image-caption-overlay-center{\ncolor:#ffffff;\n}\n<\/style>\n<div  class='avia-image-container av-ma4fgaqq-c998984d329e6d48fb3736c317c55da1 av-styling- avia-align-center  avia-builder-el-3  el_before_av_heading  avia-builder-el-first'   itemprop=\"image\" itemscope=\"itemscope\" itemtype=\"https:\/\/schema.org\/ImageObject\" ><div class=\"avia-image-container-inner\"><div class=\"avia-image-overlay-wrap\"><img decoding=\"async\" fetchpriority=\"high\" class='wp-image-691 avia-img-lazy-loading-not-691 avia_image' src=\"https:\/\/veedoloil.com\/wp-content\/uploads\/2025\/05\/137-industie_barrel-300x217.jpg\" alt='' title='137-industie_barrel'  height=\"217\" width=\"300\"  itemprop=\"thumbnailUrl\" srcset=\"https:\/\/veedoloil.com\/wp-content\/uploads\/2025\/05\/137-industie_barrel-300x217.jpg 300w, https:\/\/veedoloil.com\/wp-content\/uploads\/2025\/05\/137-industie_barrel-18x12.jpg 18w, https:\/\/veedoloil.com\/wp-content\/uploads\/2025\/05\/137-industie_barrel.jpg 370w\" sizes=\"(max-width: 300px) 100vw, 300px\" \/><\/div><\/div><\/div><br \/>\n\n<style type=\"text\/css\" data-created_by=\"avia_inline_auto\" id=\"style-css-av-ma4fgkrt-f64b448617fd15d77cf58b4ebfdf9f2d\">\n#top .av-special-heading.av-ma4fgkrt-f64b448617fd15d77cf58b4ebfdf9f2d{\npadding-bottom:10px;\n}\nbody .av-special-heading.av-ma4fgkrt-f64b448617fd15d77cf58b4ebfdf9f2d .av-special-heading-tag .heading-char{\nfont-size:25px;\n}\n.av-special-heading.av-ma4fgkrt-f64b448617fd15d77cf58b4ebfdf9f2d .av-subheading{\nfont-size:15px;\n}\n<\/style>\n<div  class='av-special-heading av-ma4fgkrt-f64b448617fd15d77cf58b4ebfdf9f2d av-special-heading-h3 blockquote modern-quote modern-centered  avia-builder-el-4  el_after_av_image  el_before_av_textblock'><h3 class='av-special-heading-tag'  itemprop=\"headline\"  >Veedol Comp VDL 46 <\/h3><div class=\"special-heading-border\"><div class=\"special-heading-inner-border\"><\/div><\/div><\/div><br \/>\n<section  class='av_textblock_section av-ma4fjclv-5a4695074ce9fd752f72b84c9200bc16'   itemscope=\"itemscope\" itemtype=\"https:\/\/schema.org\/CreativeWork\" ><div class='avia_textblock'  itemprop=\"text\" ><p><span style=\"font-weight: 400;\">T\u00fcm pistonlu ve d\u00f6ner kompres\u00f6rlerde kullan\u0131lan hava ve gaz kompres\u00f6r ya\u011f\u0131d\u0131r.<\/span><\/p>\n<\/div><\/section><br \/>\n<div  class='avia-button-wrap avia-button-center  avia-builder-el-6  el_after_av_textblock  avia-builder-el-last'>\n<style type=\"text\/css\" data-created_by=\"avia_inline_auto\" id=\"style-css-av-ma4g7m9w-1a408b4b1797e418f0c7bb7f9c55fe8a\">\n#top #wrap_all .avia-button.av-ma4g7m9w-1a408b4b1797e418f0c7bb7f9c55fe8a:hover{\ncolor:blue;\ntransition:all 0.4s ease-in-out;\n}\n<\/style>\n<a href='https:\/\/veedoloil.com\/tr\/2025\/05\/08\/specialties-8\/' class='avia-color-light avia-font-color-theme-color-highlight avia-button avia-button-fullwidth av-ma4g7m9w-1a408b4b1797e418f0c7bb7f9c55fe8a avia-icon_select-yes-left-icon avia-color-light'  ><span class='avia_button_icon avia_button_icon_left' aria-hidden='true' data-av_icon='\ue84e' data-av_iconfont='entypo-fontello'><\/span><span class='avia_iconbox_title' >Daha Fazla Bilgi<\/span><span class='avia_button_background avia-button avia-button-fullwidth avia-color-theme-color-highlight'><\/span><\/a><\/div><\/p><\/div>\n<div  class='flex_column av-1nj624-48e308adb0c9cea7898c0735f2a073ca av_one_third  avia-builder-el-7  el_after_av_one_third  el_before_av_one_third  flex_column_div'     ><p>\n<style type=\"text\/css\" data-created_by=\"avia_inline_auto\" id=\"style-css-av-1fl8uk-bd08aece1069d22853134374fbf23313\">\n.avia-image-container.av-1fl8uk-bd08aece1069d22853134374fbf23313 img.avia_image{\nbox-shadow:none;\n}\n.avia-image-container.av-1fl8uk-bd08aece1069d22853134374fbf23313 .av-image-caption-overlay-center{\ncolor:#ffffff;\n}\n<\/style>\n<div  class='avia-image-container av-1fl8uk-bd08aece1069d22853134374fbf23313 av-styling- avia-align-center  avia-builder-el-8  el_before_av_heading  avia-builder-el-first'   itemprop=\"image\" itemscope=\"itemscope\" itemtype=\"https:\/\/schema.org\/ImageObject\" ><div class=\"avia-image-container-inner\"><div class=\"avia-image-overlay-wrap\"><img decoding=\"async\" fetchpriority=\"high\" class='wp-image-691 avia-img-lazy-loading-not-691 avia_image' src=\"https:\/\/veedoloil.com\/wp-content\/uploads\/2025\/05\/137-industie_barrel-300x217.jpg\" alt='' title='137-industie_barrel'  height=\"217\" width=\"300\"  itemprop=\"thumbnailUrl\" srcset=\"https:\/\/veedoloil.com\/wp-content\/uploads\/2025\/05\/137-industie_barrel-300x217.jpg 300w, https:\/\/veedoloil.com\/wp-content\/uploads\/2025\/05\/137-industie_barrel-18x12.jpg 18w, https:\/\/veedoloil.com\/wp-content\/uploads\/2025\/05\/137-industie_barrel.jpg 370w\" sizes=\"(max-width: 300px) 100vw, 300px\" \/><\/div><\/div><\/div><br \/>\n\n<style type=\"text\/css\" data-created_by=\"avia_inline_auto\" id=\"style-css-av-maa75jlo-d48cdc239a4788e80b4956a0f428bc85\">\n#top .av-special-heading.av-maa75jlo-d48cdc239a4788e80b4956a0f428bc85{\npadding-bottom:10px;\n}\nbody .av-special-heading.av-maa75jlo-d48cdc239a4788e80b4956a0f428bc85 .av-special-heading-tag .heading-char{\nfont-size:25px;\n}\n.av-special-heading.av-maa75jlo-d48cdc239a4788e80b4956a0f428bc85 .av-subheading{\nfont-size:15px;\n}\n<\/style>\n<div  class='av-special-heading av-maa75jlo-d48cdc239a4788e80b4956a0f428bc85 av-special-heading-h3 blockquote modern-quote modern-centered  avia-builder-el-9  el_after_av_image  el_before_av_textblock'><h3 class='av-special-heading-tag'  itemprop=\"headline\"  >Veedol Comp VDL 68<\/h3><div class=\"special-heading-border\"><div class=\"special-heading-inner-border\"><\/div><\/div><\/div><br \/>\n<section  class='av_textblock_section av-maa75zaf-8f4e9819ec9bd70635ccb92b6444d8e9'   itemscope=\"itemscope\" itemtype=\"https:\/\/schema.org\/CreativeWork\" ><div class='avia_textblock'  itemprop=\"text\" ><p><span style=\"font-weight: 400;\">T\u00fcm pistonlu ve d\u00f6ner kompres\u00f6rlerde kullan\u0131lan hava ve gaz kompres\u00f6r ya\u011f\u0131d\u0131r.<\/span><\/p>\n<\/div><\/section><br \/>\n<div  class='avia-button-wrap avia-button-center  avia-builder-el-11  el_after_av_textblock  avia-builder-el-last'>\n<style type=\"text\/css\" data-created_by=\"avia_inline_auto\" id=\"style-css-av-17thv0-ca7cdb0f2a72608ca507c7b7eee2cc5f\">\n#top #wrap_all .avia-button.av-17thv0-ca7cdb0f2a72608ca507c7b7eee2cc5f:hover{\ncolor:blue;\ntransition:all 0.4s ease-in-out;\n}\n<\/style>\n<a href='https:\/\/veedoloil.com\/tr\/2025\/05\/08\/specialties-9\/' class='avia-color-light avia-font-color-theme-color-highlight avia-button avia-button-fullwidth av-17thv0-ca7cdb0f2a72608ca507c7b7eee2cc5f avia-icon_select-yes-left-icon avia-color-light'  ><span class='avia_button_icon avia_button_icon_left' aria-hidden='true' data-av_icon='\ue84e' data-av_iconfont='entypo-fontello'><\/span><span class='avia_iconbox_title' >Daha Fazla Bilgi<\/span><span class='avia_button_background avia-button avia-button-fullwidth avia-color-theme-color-highlight'><\/span><\/a><\/div><\/p><\/div>\n<div  class='flex_column av-1311j0-d0af2cd3d5adaf541919731003d204ec av_one_third  avia-builder-el-12  el_after_av_one_third  el_before_av_one_third  flex_column_div'     ><p>\n<style type=\"text\/css\" data-created_by=\"avia_inline_auto\" id=\"style-css-av-ymckc-f369e472ce6d02e79a23a8f7584b43d5\">\n.avia-image-container.av-ymckc-f369e472ce6d02e79a23a8f7584b43d5 img.avia_image{\nbox-shadow:none;\n}\n.avia-image-container.av-ymckc-f369e472ce6d02e79a23a8f7584b43d5 .av-image-caption-overlay-center{\ncolor:#ffffff;\n}\n<\/style>\n<div  class='avia-image-container av-ymckc-f369e472ce6d02e79a23a8f7584b43d5 av-styling- avia-align-center  avia-builder-el-13  el_before_av_heading  avia-builder-el-first'   itemprop=\"image\" itemscope=\"itemscope\" itemtype=\"https:\/\/schema.org\/ImageObject\" ><div class=\"avia-image-container-inner\"><div class=\"avia-image-overlay-wrap\"><img decoding=\"async\" fetchpriority=\"high\" class='wp-image-691 avia-img-lazy-loading-not-691 avia_image' src=\"https:\/\/veedoloil.com\/wp-content\/uploads\/2025\/05\/137-industie_barrel-300x217.jpg\" alt='' title='137-industie_barrel'  height=\"217\" width=\"300\"  itemprop=\"thumbnailUrl\" srcset=\"https:\/\/veedoloil.com\/wp-content\/uploads\/2025\/05\/137-industie_barrel-300x217.jpg 300w, https:\/\/veedoloil.com\/wp-content\/uploads\/2025\/05\/137-industie_barrel-18x12.jpg 18w, https:\/\/veedoloil.com\/wp-content\/uploads\/2025\/05\/137-industie_barrel.jpg 370w\" sizes=\"(max-width: 300px) 100vw, 300px\" \/><\/div><\/div><\/div><br \/>\n\n<style type=\"text\/css\" data-created_by=\"avia_inline_auto\" id=\"style-css-av-maa76i18-f9a993a51cde6ea7286c0e6956022a52\">\n#top .av-special-heading.av-maa76i18-f9a993a51cde6ea7286c0e6956022a52{\npadding-bottom:10px;\n}\nbody .av-special-heading.av-maa76i18-f9a993a51cde6ea7286c0e6956022a52 .av-special-heading-tag .heading-char{\nfont-size:25px;\n}\n.av-special-heading.av-maa76i18-f9a993a51cde6ea7286c0e6956022a52 .av-subheading{\nfont-size:15px;\n}\n<\/style>\n<div  class='av-special-heading av-maa76i18-f9a993a51cde6ea7286c0e6956022a52 av-special-heading-h3 blockquote modern-quote modern-centered  avia-builder-el-14  el_after_av_image  el_before_av_textblock'><h3 class='av-special-heading-tag'  itemprop=\"headline\"  >Veedol Comp MC-Syn Series<\/h3><div class=\"special-heading-border\"><div class=\"special-heading-inner-border\"><\/div><\/div><\/div><br \/>\n<section  class='av_textblock_section av-maa76y7z-c1472d87f4304a02ee2c35060e99799c'   itemscope=\"itemscope\" itemtype=\"https:\/\/schema.org\/CreativeWork\" ><div class='avia_textblock'  itemprop=\"text\" ><p><span style=\"font-weight: 400;\">Ya\u011f enjeksiyonlu kanatl\u0131 ve vidal\u0131 kompres\u00f6rler i\u00e7in kompres\u00f6r s\u0131v\u0131lar\u0131.<\/span><\/p>\n<\/div><\/section><br \/>\n<div  class='avia-button-wrap avia-button-center  avia-builder-el-16  el_after_av_textblock  avia-builder-el-last'>\n<style type=\"text\/css\" data-created_by=\"avia_inline_auto\" id=\"style-css-av-tmstw-335f4be5124eea6a1a0757cd747ec5d4\">\n#top #wrap_all .avia-button.av-tmstw-335f4be5124eea6a1a0757cd747ec5d4:hover{\ncolor:blue;\ntransition:all 0.4s ease-in-out;\n}\n<\/style>\n<a href='https:\/\/veedoloil.com\/tr\/2025\/05\/28\/specialties-10-2\/' class='avia-color-light avia-font-color-theme-color-highlight avia-button avia-button-fullwidth av-tmstw-335f4be5124eea6a1a0757cd747ec5d4 avia-icon_select-yes-left-icon avia-color-light'  ><span class='avia_button_icon avia_button_icon_left' aria-hidden='true' data-av_icon='\ue84e' data-av_iconfont='entypo-fontello'><\/span><span class='avia_iconbox_title' >Daha Fazla Bilgi<\/span><span class='avia_button_background avia-button avia-button-fullwidth avia-color-theme-color-highlight'><\/span><\/a><\/div><\/p><\/div><div  class='flex_column av-jjlzg-343b7cd3ab97eaf775b510e26bb94f38 av_one_third  avia-builder-el-17  el_after_av_one_third  avia-builder-el-last  first flex_column_div  column-top-margin'     ><p>\n<style type=\"text\/css\" data-created_by=\"avia_inline_auto\" id=\"style-css-av-ezru4-fa84fed29e321389399b5d9ade90f0cf\">\n.avia-image-container.av-ezru4-fa84fed29e321389399b5d9ade90f0cf img.avia_image{\nbox-shadow:none;\n}\n.avia-image-container.av-ezru4-fa84fed29e321389399b5d9ade90f0cf .av-image-caption-overlay-center{\ncolor:#ffffff;\n}\n<\/style>\n<div  class='avia-image-container av-ezru4-fa84fed29e321389399b5d9ade90f0cf av-styling- avia-align-center  avia-builder-el-18  el_before_av_heading  avia-builder-el-first'   itemprop=\"image\" itemscope=\"itemscope\" itemtype=\"https:\/\/schema.org\/ImageObject\" ><div class=\"avia-image-container-inner\"><div class=\"avia-image-overlay-wrap\"><img decoding=\"async\" fetchpriority=\"high\" class='wp-image-691 avia-img-lazy-loading-not-691 avia_image' src=\"https:\/\/veedoloil.com\/wp-content\/uploads\/2025\/05\/137-industie_barrel-300x217.jpg\" alt='' title='137-industie_barrel'  height=\"217\" width=\"300\"  itemprop=\"thumbnailUrl\" srcset=\"https:\/\/veedoloil.com\/wp-content\/uploads\/2025\/05\/137-industie_barrel-300x217.jpg 300w, https:\/\/veedoloil.com\/wp-content\/uploads\/2025\/05\/137-industie_barrel-18x12.jpg 18w, https:\/\/veedoloil.com\/wp-content\/uploads\/2025\/05\/137-industie_barrel.jpg 370w\" sizes=\"(max-width: 300px) 100vw, 300px\" \/><\/div><\/div><\/div><br \/>\n\n<style type=\"text\/css\" data-created_by=\"avia_inline_auto\" id=\"style-css-av-maa77idp-6b2ae8ae2be269ae752696a2db5d8146\">\n#top .av-special-heading.av-maa77idp-6b2ae8ae2be269ae752696a2db5d8146{\npadding-bottom:10px;\n}\nbody .av-special-heading.av-maa77idp-6b2ae8ae2be269ae752696a2db5d8146 .av-special-heading-tag .heading-char{\nfont-size:25px;\n}\n.av-special-heading.av-maa77idp-6b2ae8ae2be269ae752696a2db5d8146 .av-subheading{\nfont-size:15px;\n}\n<\/style>\n<div  class='av-special-heading av-maa77idp-6b2ae8ae2be269ae752696a2db5d8146 av-special-heading-h3 blockquote modern-quote modern-centered  avia-builder-el-19  el_after_av_image  el_before_av_textblock'><h3 class='av-special-heading-tag'  itemprop=\"headline\"  >Veedol Comp SP Series<\/h3><div class=\"special-heading-border\"><div class=\"special-heading-inner-border\"><\/div><\/div><\/div><br \/>\n<section  class='av_textblock_section av-maa77y39-efbdb9af981e21e191a112a3b6613290'   itemscope=\"itemscope\" itemtype=\"https:\/\/schema.org\/CreativeWork\" ><div class='avia_textblock'  itemprop=\"text\" ><p><span style=\"font-weight: 400;\">Polialfaolefin esasl\u0131 sentetik hava ve gaz kompres\u00f6r ya\u011flar\u0131.<\/span><\/p>\n<\/div><\/section><br \/>\n<div  class='avia-button-wrap avia-button-center  avia-builder-el-21  el_after_av_textblock  avia-builder-el-last'>\n<style type=\"text\/css\" data-created_by=\"avia_inline_auto\" id=\"style-css-av-b2jqc-7364281f88b518e8157ad90decdecc68\">\n#top #wrap_all .avia-button.av-b2jqc-7364281f88b518e8157ad90decdecc68:hover{\ncolor:blue;\ntransition:all 0.4s ease-in-out;\n}\n<\/style>\n<a href='https:\/\/veedoloil.com\/tr\/2025\/05\/08\/specialties-10\/' class='avia-color-light avia-font-color-theme-color-highlight avia-button avia-button-fullwidth av-b2jqc-7364281f88b518e8157ad90decdecc68 avia-icon_select-yes-left-icon avia-color-light'  ><span class='avia_button_icon avia_button_icon_left' aria-hidden='true' data-av_icon='\ue84e' data-av_iconfont='entypo-fontello'><\/span><span class='avia_iconbox_title' >Daha Fazla Bilgi<\/span><span class='avia_button_background avia-button avia-button-fullwidth avia-color-theme-color-highlight'><\/span><\/a><\/div><\/p><\/div><\/p>","protected":false},"excerpt":{"rendered":"","protected":false},"author":1,"featured_media":0,"parent":25,"menu_order":0,"comment_status":"closed","ping_status":"closed","template":"","meta":{"footnotes":""},"class_list":["post-660","page","type-page","status-publish","hentry"],"_links":{"self":[{"href":"https:\/\/veedoloil.com\/tr\/wp-json\/wp\/v2\/pages\/660","targetHints":{"allow":["GET"]}}],"collection":[{"href":"https:\/\/veedoloil.com\/tr\/wp-json\/wp\/v2\/pages"}],"about":[{"href":"https:\/\/veedoloil.com\/tr\/wp-json\/wp\/v2\/types\/page"}],"author":[{"embeddable":true,"href":"https:\/\/veedoloil.com\/tr\/wp-json\/wp\/v2\/users\/1"}],"replies":[{"embeddable":true,"href":"https:\/\/veedoloil.com\/tr\/wp-json\/wp\/v2\/comments?post=660"}],"version-history":[{"count":5,"href":"https:\/\/veedoloil.com\/tr\/wp-json\/wp\/v2\/pages\/660\/revisions"}],"predecessor-version":[{"id":1482,"href":"https:\/\/veedoloil.com\/tr\/wp-json\/wp\/v2\/pages\/660\/revisions\/1482"}],"up":[{"embeddable":true,"href":"https:\/\/veedoloil.com\/tr\/wp-json\/wp\/v2\/pages\/25"}],"wp:attachment":[{"href":"https:\/\/veedoloil.com\/tr\/wp-json\/wp\/v2\/media?parent=660"}],"curies":[{"name":"wp","href":"https:\/\/api.w.org\/{rel}","templated":true}]}}